{"id":5234,"date":"2024-06-19T17:21:45","date_gmt":"2024-06-19T17:21:45","guid":{"rendered":"https:\/\/prudencevirtualsolutions.store\/?post_type=product&#038;p=5234"},"modified":"2024-10-11T04:05:27","modified_gmt":"2024-10-11T04:05:27","slug":"maitrisez-lart-de-rediger-un-cv-impactant-et-une-lettre-de-motivation-efficace","status":"publish","type":"product","link":"https:\/\/prudencevirtualsolutions.store\/fr\/produit\/maitrisez-lart-de-rediger-un-cv-impactant-et-une-lettre-de-motivation-efficace\/","title":{"rendered":"Guide Pratique : Ma\u00eetrisez l&#8217;Art de Captiver les Recruteurs &#8211; CV Canadien"},"content":{"rendered":"<p>Avoir un CV percutant est <strong>essentiel pour cr\u00e9er une impression positive, saisir des opportunit\u00e9s professionnelles, mettre en valeur vos comp\u00e9tences aux employeurs, r\u00e9pondre pr\u00e9cis\u00e9ment aux exigences des postes, et renforcer votre image personnelle sur le march\u00e9 du travail<\/strong>. En int\u00e9grant ces caract\u00e9ristiques dans vos CV et lettres de motivation, vous <strong>augmentez vos chances de convaincre les recruteurs avec un dossier solide<\/strong>, d\u00e9montrant votre ad\u00e9quation et votre motivation pour le poste vis\u00e9.<\/p>","protected":false},"excerpt":{"rendered":"<p>D\u00e9couvrez nos mod\u00e8les de CV personnalisables pour booster votre recherche d\u2019emploi.<\/p>\n<ul>\n<li><strong>Facile \u00e0 utiliser<\/strong> : Personnalisation simple.<\/li>\n<li><strong>Gain de temps<\/strong> : Mod\u00e8les pr\u00e9con\u00e7us.<\/li>\n<li><strong>Impact visuel<\/strong> : Designs modernes.<\/li>\n<li><strong>Personnalisation<\/strong> : Adaptation au poste.<\/li>\n<\/ul>\n<p>Cr\u00e9ez un CV qui vous distingue et donnez un nouvel \u00e9lan \u00e0 votre carri\u00e8re !<\/p>","protected":false},"featured_media":5535,"comment_status":"open","ping_status":"closed","template":"","meta":{"om_disable_all_campaigns":false,"site-sidebar-layout":"default","site-content-layout":"","ast-site-content-layout":"default","site-content-style":"default","site-sidebar-style":"default","ast-global-header-display":"","ast-banner-title-visibility":"","ast-main-header-display":"","ast-hfb-above-header-display":"","ast-hfb-below-header-display":"","ast-hfb-mobile-header-display":"","site-post-title":"","ast-breadcrumbs-content":"","ast-featured-img":"","footer-sml-layout":"","theme-transparent-header-meta":"default","adv-header-id-meta":"","stick-header-meta":"","header-above-stick-meta":"","header-main-stick-meta":"","header-below-stick-meta":"","astra-migrate-meta-layouts":"set","ast-page-background-enabled":"default","ast-page-background-meta":{"desktop":{"background-color":"var(--ast-global-color-4)","background-image":"","background-repeat":"repeat","background-position":"center center","background-size":"auto","background-attachment":"scroll","background-type":"","background-media":"","overlay-type":"","overlay-color":"","overlay-opacity":"","overlay-gradient":""},"tablet":{"background-color":"","background-image":"","background-repeat":"repeat","background-position":"center center","background-size":"auto","background-attachment":"scroll","background-type":"","background-media":"","overlay-type":"","overlay-color":"","overlay-opacity":"","overlay-gradient":""},"mobile":{"background-color":"","background-image":"","background-repeat":"repeat","background-position":"center center","background-size":"auto","background-attachment":"scroll","background-type":"","background-media":"","overlay-type":"","overlay-color":"","overlay-opacity":"","overlay-gradient":""}},"ast-content-background-meta":{"desktop":{"background-color":"var(--ast-global-color-5)","background-image":"","background-repeat":"repeat","background-position":"center center","background-size":"auto","background-attachment":"scroll","background-type":"","background-media":"","overlay-type":"","overlay-color":"","overlay-opacity":"","overlay-gradient":""},"tablet":{"background-color":"var(--ast-global-color-5)","background-image":"","background-repeat":"repeat","background-position":"center center","background-size":"auto","background-attachment":"scroll","background-type":"","background-media":"","overlay-type":"","overlay-color":"","overlay-opacity":"","overlay-gradient":""},"mobile":{"background-color":"var(--ast-global-color-5)","background-image":"","background-repeat":"repeat","background-position":"center center","background-size":"auto","background-attachment":"scroll","background-type":"","background-media":"","overlay-type":"","overlay-color":"","overlay-opacity":"","overlay-gradient":""}}},"product_brand":[],"product_cat":[58],"product_tag":[120,125,52,119,122,121,56,54,57,53,127,126,118,124,55,123],"class_list":{"0":"post-5234","1":"product","2":"type-product","3":"status-publish","4":"has-post-thumbnail","6":"product_cat-ebook-vs-livres-electroniques","7":"product_tag-creation-de-cv","8":"product_tag-cv-moderne","9":"product_tag-cv-percutant","10":"product_tag-cv-personnalisables","11":"product_tag-cv-professionnel","12":"product_tag-design-de-cv","13":"product_tag-embauche","14":"product_tag-emploi","15":"product_tag-entrevue","16":"product_tag-guide","17":"product_tag-lettre-daccompagnement","18":"product_tag-lettre-de-motivation","19":"product_tag-modeles-de-cv","20":"product_tag-recherche-demploi","21":"product_tag-recrutement","22":"product_tag-templates-cv","23":"desktop-align-left","24":"tablet-align-left","25":"mobile-align-left","27":"first","28":"instock","29":"downloadable","30":"shipping-taxable","31":"purchasable","32":"product-type-simple"},"yoast_head":"<!-- This site is optimized with the Yoast SEO plugin v23.0 - https:\/\/yoast.com\/wordpress\/plugins\/seo\/ -->\n<title>Guide Pratique : Ma\u00eetrisez l&#039;Art de Captiver les Recruteurs - CV Canadien - Prudence Digital Products Store<\/title>\n<meta name=\"description\" content=\"D\u00e9couvrez comment ma\u00eetriser l&#039;art de captiver les recruteurs avec notre guide pratique. Apprenez \u00e0 cr\u00e9er un CV et une lettre de motivation percutants pour vous d\u00e9marquer et r\u00e9ussir votre recherche d&#039;emploi. Profitez de conseils experts et de mod\u00e8les personnalisables pour optimiser votre candidature.\" \/>\n<meta name=\"robots\" content=\"noindex, follow, max-snippet:-1, max-image-preview:large, max-video-preview:-1\" \/>\n<meta property=\"og:locale\" content=\"fr_FR\" \/>\n<meta property=\"og:type\" content=\"article\" \/>\n<meta property=\"og:title\" content=\"Guide Pratique : Ma\u00eetrisez l&#039;Art de Captiver les Recruteurs - CV Canadien - Prudence Digital Products Store\" \/>\n<meta property=\"og:description\" content=\"D\u00e9couvrez comment ma\u00eetriser l&#039;art de captiver les recruteurs avec notre guide pratique. Apprenez \u00e0 cr\u00e9er un CV et une lettre de motivation percutants pour vous d\u00e9marquer et r\u00e9ussir votre recherche d&#039;emploi. Profitez de conseils experts et de mod\u00e8les personnalisables pour optimiser votre candidature.\" \/>\n<meta property=\"og:url\" content=\"https:\/\/prudencevirtualsolutions.store\/fr\/produit\/maitrisez-lart-de-rediger-un-cv-impactant-et-une-lettre-de-motivation-efficace\/\" \/>\n<meta property=\"og:site_name\" content=\"Prudence Digital Products Store\" \/>\n<meta property=\"article:modified_time\" content=\"2024-10-11T04:05:27+00:00\" \/>\n<meta property=\"og:image\" content=\"https:\/\/prudencevirtualsolutions.store\/wp-content\/uploads\/2024\/06\/Freebies-Cours-CV-et-Lettre-de-motivation.png\" \/>\n\t<meta property=\"og:image:width\" content=\"1080\" \/>\n\t<meta property=\"og:image:height\" content=\"1080\" \/>\n\t<meta property=\"og:image:type\" content=\"image\/png\" \/>\n<meta name=\"twitter:card\" content=\"summary_large_image\" \/>\n<meta name=\"twitter:label1\" content=\"Dur\u00e9e de lecture estim\u00e9e\" \/>\n\t<meta name=\"twitter:data1\" content=\"1 minute\" \/>\n<script type=\"application\/ld+json\" class=\"yoast-schema-graph\">{\"@context\":\"https:\/\/schema.org\",\"@graph\":[{\"@type\":\"WebPage\",\"@id\":\"https:\/\/prudencevirtualsolutions.store\/product\/maitrisez-lart-de-rediger-un-cv-impactant-et-une-lettre-de-motivation-efficace\/\",\"url\":\"https:\/\/prudencevirtualsolutions.store\/product\/maitrisez-lart-de-rediger-un-cv-impactant-et-une-lettre-de-motivation-efficace\/\",\"name\":\"Guide Pratique : Ma\u00eetrisez l'Art de Captiver les Recruteurs - CV Canadien - Prudence Digital Products Store\",\"isPartOf\":{\"@id\":\"https:\/\/prudencevirtualsolutions.store\/#website\"},\"primaryImageOfPage\":{\"@id\":\"https:\/\/prudencevirtualsolutions.store\/product\/maitrisez-lart-de-rediger-un-cv-impactant-et-une-lettre-de-motivation-efficace\/#primaryimage\"},\"image\":{\"@id\":\"https:\/\/prudencevirtualsolutions.store\/product\/maitrisez-lart-de-rediger-un-cv-impactant-et-une-lettre-de-motivation-efficace\/#primaryimage\"},\"thumbnailUrl\":\"https:\/\/prudencevirtualsolutions.store\/wp-content\/uploads\/2024\/06\/Freebies-Cours-CV-et-Lettre-de-motivation.png\",\"datePublished\":\"2024-06-19T17:21:45+00:00\",\"dateModified\":\"2024-10-11T04:05:27+00:00\",\"description\":\"D\u00e9couvrez comment ma\u00eetriser l'art de captiver les recruteurs avec notre guide pratique. Apprenez \u00e0 cr\u00e9er un CV et une lettre de motivation percutants pour vous d\u00e9marquer et r\u00e9ussir votre recherche d'emploi. Profitez de conseils experts et de mod\u00e8les personnalisables pour optimiser votre candidature.\",\"breadcrumb\":{\"@id\":\"https:\/\/prudencevirtualsolutions.store\/product\/maitrisez-lart-de-rediger-un-cv-impactant-et-une-lettre-de-motivation-efficace\/#breadcrumb\"},\"inLanguage\":\"fr-FR\",\"potentialAction\":[{\"@type\":\"ReadAction\",\"target\":[\"https:\/\/prudencevirtualsolutions.store\/product\/maitrisez-lart-de-rediger-un-cv-impactant-et-une-lettre-de-motivation-efficace\/\"]}]},{\"@type\":\"ImageObject\",\"inLanguage\":\"fr-FR\",\"@id\":\"https:\/\/prudencevirtualsolutions.store\/product\/maitrisez-lart-de-rediger-un-cv-impactant-et-une-lettre-de-motivation-efficace\/#primaryimage\",\"url\":\"https:\/\/prudencevirtualsolutions.store\/wp-content\/uploads\/2024\/06\/Freebies-Cours-CV-et-Lettre-de-motivation.png\",\"contentUrl\":\"https:\/\/prudencevirtualsolutions.store\/wp-content\/uploads\/2024\/06\/Freebies-Cours-CV-et-Lettre-de-motivation.png\",\"width\":1080,\"height\":1080},{\"@type\":\"BreadcrumbList\",\"@id\":\"https:\/\/prudencevirtualsolutions.store\/product\/maitrisez-lart-de-rediger-un-cv-impactant-et-une-lettre-de-motivation-efficace\/#breadcrumb\",\"itemListElement\":[{\"@type\":\"ListItem\",\"position\":1,\"name\":\"Home\",\"item\":\"https:\/\/prudencevirtualsolutions.store\/\"},{\"@type\":\"ListItem\",\"position\":2,\"name\":\"Shop\",\"item\":\"https:\/\/prudencevirtualsolutions.store\/shop\/\"},{\"@type\":\"ListItem\",\"position\":3,\"name\":\"Guide Pratique : Ma\u00eetrisez l&#8217;Art de Captiver les Recruteurs &#8211; CV Canadien\"}]},{\"@type\":\"WebSite\",\"@id\":\"https:\/\/prudencevirtualsolutions.store\/#website\",\"url\":\"https:\/\/prudencevirtualsolutions.store\/\",\"name\":\"Prudence Digital Products Store\",\"description\":\"Time-saving with digital products\",\"potentialAction\":[{\"@type\":\"SearchAction\",\"target\":{\"@type\":\"EntryPoint\",\"urlTemplate\":\"https:\/\/prudencevirtualsolutions.store\/?s={search_term_string}\"},\"query-input\":\"required name=search_term_string\"}],\"inLanguage\":\"fr-FR\"}]}<\/script>\n<!-- \/ Yoast SEO plugin. -->","yoast_head_json":{"title":"Guide Pratique : Ma\u00eetrisez l'Art de Captiver les Recruteurs - CV Canadien - Prudence Digital Products Store","description":"D\u00e9couvrez comment ma\u00eetriser l'art de captiver les recruteurs avec notre guide pratique. Apprenez \u00e0 cr\u00e9er un CV et une lettre de motivation percutants pour vous d\u00e9marquer et r\u00e9ussir votre recherche d'emploi. Profitez de conseils experts et de mod\u00e8les personnalisables pour optimiser votre candidature.","robots":{"index":"noindex","follow":"follow","max-snippet":"max-snippet:-1","max-image-preview":"max-image-preview:large","max-video-preview":"max-video-preview:-1"},"og_locale":"fr_FR","og_type":"article","og_title":"Guide Pratique : Ma\u00eetrisez l'Art de Captiver les Recruteurs - CV Canadien - Prudence Digital Products Store","og_description":"D\u00e9couvrez comment ma\u00eetriser l'art de captiver les recruteurs avec notre guide pratique. Apprenez \u00e0 cr\u00e9er un CV et une lettre de motivation percutants pour vous d\u00e9marquer et r\u00e9ussir votre recherche d'emploi. Profitez de conseils experts et de mod\u00e8les personnalisables pour optimiser votre candidature.","og_url":"https:\/\/prudencevirtualsolutions.store\/fr\/produit\/maitrisez-lart-de-rediger-un-cv-impactant-et-une-lettre-de-motivation-efficace\/","og_site_name":"Prudence Digital Products Store","article_modified_time":"2024-10-11T04:05:27+00:00","og_image":[{"width":1080,"height":1080,"url":"https:\/\/prudencevirtualsolutions.store\/wp-content\/uploads\/2024\/06\/Freebies-Cours-CV-et-Lettre-de-motivation.png","type":"image\/png"}],"twitter_card":"summary_large_image","twitter_misc":{"Dur\u00e9e de lecture estim\u00e9e":"1 minute"},"schema":{"@context":"https:\/\/schema.org","@graph":[{"@type":"WebPage","@id":"https:\/\/prudencevirtualsolutions.store\/product\/maitrisez-lart-de-rediger-un-cv-impactant-et-une-lettre-de-motivation-efficace\/","url":"https:\/\/prudencevirtualsolutions.store\/product\/maitrisez-lart-de-rediger-un-cv-impactant-et-une-lettre-de-motivation-efficace\/","name":"Guide Pratique : Ma\u00eetrisez l'Art de Captiver les Recruteurs - CV Canadien - Prudence Digital Products Store","isPartOf":{"@id":"https:\/\/prudencevirtualsolutions.store\/#website"},"primaryImageOfPage":{"@id":"https:\/\/prudencevirtualsolutions.store\/product\/maitrisez-lart-de-rediger-un-cv-impactant-et-une-lettre-de-motivation-efficace\/#primaryimage"},"image":{"@id":"https:\/\/prudencevirtualsolutions.store\/product\/maitrisez-lart-de-rediger-un-cv-impactant-et-une-lettre-de-motivation-efficace\/#primaryimage"},"thumbnailUrl":"https:\/\/prudencevirtualsolutions.store\/wp-content\/uploads\/2024\/06\/Freebies-Cours-CV-et-Lettre-de-motivation.png","datePublished":"2024-06-19T17:21:45+00:00","dateModified":"2024-10-11T04:05:27+00:00","description":"D\u00e9couvrez comment ma\u00eetriser l'art de captiver les recruteurs avec notre guide pratique. Apprenez \u00e0 cr\u00e9er un CV et une lettre de motivation percutants pour vous d\u00e9marquer et r\u00e9ussir votre recherche d'emploi. Profitez de conseils experts et de mod\u00e8les personnalisables pour optimiser votre candidature.","breadcrumb":{"@id":"https:\/\/prudencevirtualsolutions.store\/product\/maitrisez-lart-de-rediger-un-cv-impactant-et-une-lettre-de-motivation-efficace\/#breadcrumb"},"inLanguage":"fr-FR","potentialAction":[{"@type":"ReadAction","target":["https:\/\/prudencevirtualsolutions.store\/product\/maitrisez-lart-de-rediger-un-cv-impactant-et-une-lettre-de-motivation-efficace\/"]}]},{"@type":"ImageObject","inLanguage":"fr-FR","@id":"https:\/\/prudencevirtualsolutions.store\/product\/maitrisez-lart-de-rediger-un-cv-impactant-et-une-lettre-de-motivation-efficace\/#primaryimage","url":"https:\/\/prudencevirtualsolutions.store\/wp-content\/uploads\/2024\/06\/Freebies-Cours-CV-et-Lettre-de-motivation.png","contentUrl":"https:\/\/prudencevirtualsolutions.store\/wp-content\/uploads\/2024\/06\/Freebies-Cours-CV-et-Lettre-de-motivation.png","width":1080,"height":1080},{"@type":"BreadcrumbList","@id":"https:\/\/prudencevirtualsolutions.store\/product\/maitrisez-lart-de-rediger-un-cv-impactant-et-une-lettre-de-motivation-efficace\/#breadcrumb","itemListElement":[{"@type":"ListItem","position":1,"name":"Home","item":"https:\/\/prudencevirtualsolutions.store\/"},{"@type":"ListItem","position":2,"name":"Shop","item":"https:\/\/prudencevirtualsolutions.store\/shop\/"},{"@type":"ListItem","position":3,"name":"Guide Pratique : Ma\u00eetrisez l&#8217;Art de Captiver les Recruteurs &#8211; CV Canadien"}]},{"@type":"WebSite","@id":"https:\/\/prudencevirtualsolutions.store\/#website","url":"https:\/\/prudencevirtualsolutions.store\/","name":"Prudence Digital Products Store","description":"Time-saving with digital products","potentialAction":[{"@type":"SearchAction","target":{"@type":"EntryPoint","urlTemplate":"https:\/\/prudencevirtualsolutions.store\/?s={search_term_string}"},"query-input":"required name=search_term_string"}],"inLanguage":"fr-FR"}]}},"_links":{"self":[{"href":"https:\/\/prudencevirtualsolutions.store\/fr\/wp-json\/wp\/v2\/product\/5234","targetHints":{"allow":["GET"]}}],"collection":[{"href":"https:\/\/prudencevirtualsolutions.store\/fr\/wp-json\/wp\/v2\/product"}],"about":[{"href":"https:\/\/prudencevirtualsolutions.store\/fr\/wp-json\/wp\/v2\/types\/product"}],"replies":[{"embeddable":true,"href":"https:\/\/prudencevirtualsolutions.store\/fr\/wp-json\/wp\/v2\/comments?post=5234"}],"version-history":[{"count":0,"href":"https:\/\/prudencevirtualsolutions.store\/fr\/wp-json\/wp\/v2\/product\/5234\/revisions"}],"wp:featuredmedia":[{"embeddable":true,"href":"https:\/\/prudencevirtualsolutions.store\/fr\/wp-json\/wp\/v2\/media\/5535"}],"wp:attachment":[{"href":"https:\/\/prudencevirtualsolutions.store\/fr\/wp-json\/wp\/v2\/media?parent=5234"}],"wp:term":[{"taxonomy":"product_brand","embeddable":true,"href":"https:\/\/prudencevirtualsolutions.store\/fr\/wp-json\/wp\/v2\/product_brand?post=5234"},{"taxonomy":"product_cat","embeddable":true,"href":"https:\/\/prudencevirtualsolutions.store\/fr\/wp-json\/wp\/v2\/product_cat?post=5234"},{"taxonomy":"product_tag","embeddable":true,"href":"https:\/\/prudencevirtualsolutions.store\/fr\/wp-json\/wp\/v2\/product_tag?post=5234"}],"curies":[{"name":"wp","href":"https:\/\/api.w.org\/{rel}","templated":true}]}}