{"id":5379,"date":"2024-07-16T20:35:34","date_gmt":"2024-07-16T20:35:34","guid":{"rendered":"https:\/\/prudencevirtualsolutions.store\/?post_type=product&#038;p=5379"},"modified":"2024-09-06T16:16:17","modified_gmt":"2024-09-06T16:16:17","slug":"guide-etape-par-etape-ede-pour-immigration","status":"publish","type":"product","link":"https:\/\/prudencevirtualsolutions.store\/fr\/produit\/guide-etape-par-etape-ede-pour-immigration\/","title":{"rendered":"Guide \u00e9tape par \u00e9tape Evaluation des Dipl\u00f4mes d&#8217;Etudes (EDE) pour l&#8217;immigration au Canada"},"content":{"rendered":"<p><span class=\"OYPEnA text-decoration-none text-strikethrough-none\">Ce guide complet vous accompagne \u00e9tape par \u00e9tape pour faire reconna\u00eetre vos qualifications acad\u00e9miques \u00e9trang\u00e8res par vous-m\u00eame. Avec des instructions d\u00e9taill\u00e9es et des captures d&#8217;\u00e9cran claires, vous apprendrez \u00e0 pr\u00e9parer et soumettre vos documents pour l\u2019\u00e9valuation requise dans le cadre du Programme d\u2019Entr\u00e9e Express. \u00c9conomisez du temps et de l\u2019argent en facilitant le processus et en g\u00e9rant les d\u00e9marches de mani\u00e8re autonome. Id\u00e9al pour ceux qui cherchent \u00e0 naviguer efficacement dans les exigences d\u2019\u00e9valuation des dipl\u00f4mes. Recevez imm\u00e9diatement votre guide apr\u00e8s l&#8217;achat.<\/span><\/p>","protected":false},"excerpt":{"rendered":"<p>Ce guide pratique vous montre comment faire reconna\u00eetre vos qualifications acad\u00e9miques \u00e9trang\u00e8res par vous-m\u00eame. Avec des instructions claires et des captures d&#8217;\u00e9cran, facilitez-vous la t\u00e2che et \u00e9conomisez du temps et de l&#8217;argent en g\u00e9rant le processus d&#8217;\u00e9valuation de mani\u00e8re autonome.<\/p>","protected":false},"featured_media":5514,"comment_status":"open","ping_status":"closed","template":"","meta":{"om_disable_all_campaigns":false,"site-sidebar-layout":"default","site-content-layout":"","ast-site-content-layout":"default","site-content-style":"default","site-sidebar-style":"default","ast-global-header-display":"","ast-banner-title-visibility":"","ast-main-header-display":"","ast-hfb-above-header-display":"","ast-hfb-below-header-display":"","ast-hfb-mobile-header-display":"","site-post-title":"","ast-breadcrumbs-content":"","ast-featured-img":"","footer-sml-layout":"","theme-transparent-header-meta":"default","adv-header-id-meta":"","stick-header-meta":"","header-above-stick-meta":"","header-main-stick-meta":"","header-below-stick-meta":"","astra-migrate-meta-layouts":"set","ast-page-background-enabled":"default","ast-page-background-meta":{"desktop":{"background-color":"var(--ast-global-color-4)","background-image":"","background-repeat":"repeat","background-position":"center center","background-size":"auto","background-attachment":"scroll","background-type":"","background-media":"","overlay-type":"","overlay-color":"","overlay-opacity":"","overlay-gradient":""},"tablet":{"background-color":"","background-image":"","background-repeat":"repeat","background-position":"center center","background-size":"auto","background-attachment":"scroll","background-type":"","background-media":"","overlay-type":"","overlay-color":"","overlay-opacity":"","overlay-gradient":""},"mobile":{"background-color":"","background-image":"","background-repeat":"repeat","background-position":"center center","background-size":"auto","background-attachment":"scroll","background-type":"","background-media":"","overlay-type":"","overlay-color":"","overlay-opacity":"","overlay-gradient":""}},"ast-content-background-meta":{"desktop":{"background-color":"var(--ast-global-color-5)","background-image":"","background-repeat":"repeat","background-position":"center center","background-size":"auto","background-attachment":"scroll","background-type":"","background-media":"","overlay-type":"","overlay-color":"","overlay-opacity":"","overlay-gradient":""},"tablet":{"background-color":"var(--ast-global-color-5)","background-image":"","background-repeat":"repeat","background-position":"center center","background-size":"auto","background-attachment":"scroll","background-type":"","background-media":"","overlay-type":"","overlay-color":"","overlay-opacity":"","overlay-gradient":""},"mobile":{"background-color":"var(--ast-global-color-5)","background-image":"","background-repeat":"repeat","background-position":"center center","background-size":"auto","background-attachment":"scroll","background-type":"","background-media":"","overlay-type":"","overlay-color":"","overlay-opacity":"","overlay-gradient":""}}},"product_brand":[],"product_cat":[58],"product_tag":[82,83,79,115,117,81,116],"class_list":{"0":"post-5379","1":"product","2":"type-product","3":"status-publish","4":"has-post-thumbnail","6":"product_cat-ebook-vs-livres-electroniques","7":"product_tag-ede","8":"product_tag-entree-express","9":"product_tag-equivalence","10":"product_tag-evaluation-des-diplomes","11":"product_tag-guide-pratique","12":"product_tag-immigration","13":"product_tag-processus-devaluation-autonome","14":"desktop-align-left","15":"tablet-align-left","16":"mobile-align-left","18":"first","19":"instock","20":"downloadable","21":"shipping-taxable","22":"purchasable","23":"product-type-simple"},"yoast_head":"<!-- This site is optimized with the Yoast SEO plugin v23.0 - https:\/\/yoast.com\/wordpress\/plugins\/seo\/ -->\n<title>Guide \u00e9tape par \u00e9tape Evaluation des Dipl\u00f4mes d&#039;Etudes (EDE) pour l&#039;immigration au Canada - Prudence Digital Products Store<\/title>\n<meta name=\"description\" content=\"D\u00e9couvrez comment faire reconna\u00eetre vos qualifications acad\u00e9miques \u00e9trang\u00e8res avec notre guide. Facilitez-vous la t\u00e2che et \u00e9conomisez temps et argent en r\u00e9alisant le processus par vous-m\u00eame.\" \/>\n<meta name=\"robots\" content=\"noindex, follow, max-snippet:-1, max-image-preview:large, max-video-preview:-1\" \/>\n<meta property=\"og:locale\" content=\"fr_FR\" \/>\n<meta property=\"og:type\" content=\"article\" \/>\n<meta property=\"og:title\" content=\"Guide \u00e9tape par \u00e9tape Evaluation des Dipl\u00f4mes d&#039;Etudes (EDE) pour l&#039;immigration au Canada - Prudence Digital Products Store\" \/>\n<meta property=\"og:description\" content=\"D\u00e9couvrez comment faire reconna\u00eetre vos qualifications acad\u00e9miques \u00e9trang\u00e8res avec notre guide. Facilitez-vous la t\u00e2che et \u00e9conomisez temps et argent en r\u00e9alisant le processus par vous-m\u00eame.\" \/>\n<meta property=\"og:url\" content=\"https:\/\/prudencevirtualsolutions.store\/fr\/produit\/guide-etape-par-etape-ede-pour-immigration\/\" \/>\n<meta property=\"og:site_name\" content=\"Prudence Digital Products Store\" \/>\n<meta property=\"article:modified_time\" content=\"2024-09-06T16:16:17+00:00\" \/>\n<meta property=\"og:image\" content=\"https:\/\/prudencevirtualsolutions.store\/wp-content\/uploads\/2024\/07\/Freebie-Guide-detapes-par-etape-EDE.png\" \/>\n\t<meta property=\"og:image:width\" content=\"1080\" \/>\n\t<meta property=\"og:image:height\" content=\"1350\" \/>\n\t<meta property=\"og:image:type\" content=\"image\/png\" \/>\n<meta name=\"twitter:card\" content=\"summary_large_image\" \/>\n<meta name=\"twitter:label1\" content=\"Dur\u00e9e de lecture estim\u00e9e\" \/>\n\t<meta name=\"twitter:data1\" content=\"1 minute\" \/>\n<script type=\"application\/ld+json\" class=\"yoast-schema-graph\">{\"@context\":\"https:\/\/schema.org\",\"@graph\":[{\"@type\":\"WebPage\",\"@id\":\"https:\/\/prudencevirtualsolutions.store\/product\/guide-etape-par-etape-ede-pour-immigration\/\",\"url\":\"https:\/\/prudencevirtualsolutions.store\/product\/guide-etape-par-etape-ede-pour-immigration\/\",\"name\":\"Guide \u00e9tape par \u00e9tape Evaluation des Dipl\u00f4mes d'Etudes (EDE) pour l'immigration au Canada - Prudence Digital Products Store\",\"isPartOf\":{\"@id\":\"https:\/\/prudencevirtualsolutions.store\/#website\"},\"primaryImageOfPage\":{\"@id\":\"https:\/\/prudencevirtualsolutions.store\/product\/guide-etape-par-etape-ede-pour-immigration\/#primaryimage\"},\"image\":{\"@id\":\"https:\/\/prudencevirtualsolutions.store\/product\/guide-etape-par-etape-ede-pour-immigration\/#primaryimage\"},\"thumbnailUrl\":\"https:\/\/prudencevirtualsolutions.store\/wp-content\/uploads\/2024\/07\/Freebie-Guide-detapes-par-etape-EDE.png\",\"datePublished\":\"2024-07-16T20:35:34+00:00\",\"dateModified\":\"2024-09-06T16:16:17+00:00\",\"description\":\"D\u00e9couvrez comment faire reconna\u00eetre vos qualifications acad\u00e9miques \u00e9trang\u00e8res avec notre guide. Facilitez-vous la t\u00e2che et \u00e9conomisez temps et argent en r\u00e9alisant le processus par vous-m\u00eame.\",\"breadcrumb\":{\"@id\":\"https:\/\/prudencevirtualsolutions.store\/product\/guide-etape-par-etape-ede-pour-immigration\/#breadcrumb\"},\"inLanguage\":\"fr-FR\",\"potentialAction\":[{\"@type\":\"ReadAction\",\"target\":[\"https:\/\/prudencevirtualsolutions.store\/product\/guide-etape-par-etape-ede-pour-immigration\/\"]}]},{\"@type\":\"ImageObject\",\"inLanguage\":\"fr-FR\",\"@id\":\"https:\/\/prudencevirtualsolutions.store\/product\/guide-etape-par-etape-ede-pour-immigration\/#primaryimage\",\"url\":\"https:\/\/prudencevirtualsolutions.store\/wp-content\/uploads\/2024\/07\/Freebie-Guide-detapes-par-etape-EDE.png\",\"contentUrl\":\"https:\/\/prudencevirtualsolutions.store\/wp-content\/uploads\/2024\/07\/Freebie-Guide-detapes-par-etape-EDE.png\",\"width\":1080,\"height\":1350},{\"@type\":\"BreadcrumbList\",\"@id\":\"https:\/\/prudencevirtualsolutions.store\/product\/guide-etape-par-etape-ede-pour-immigration\/#breadcrumb\",\"itemListElement\":[{\"@type\":\"ListItem\",\"position\":1,\"name\":\"Home\",\"item\":\"https:\/\/prudencevirtualsolutions.store\/\"},{\"@type\":\"ListItem\",\"position\":2,\"name\":\"Shop\",\"item\":\"https:\/\/prudencevirtualsolutions.store\/shop\/\"},{\"@type\":\"ListItem\",\"position\":3,\"name\":\"Guide \u00e9tape par \u00e9tape Evaluation des Dipl\u00f4mes d&#8217;Etudes (EDE) pour l&#8217;immigration au Canada\"}]},{\"@type\":\"WebSite\",\"@id\":\"https:\/\/prudencevirtualsolutions.store\/#website\",\"url\":\"https:\/\/prudencevirtualsolutions.store\/\",\"name\":\"Prudence Digital Products Store\",\"description\":\"Time-saving with digital products\",\"potentialAction\":[{\"@type\":\"SearchAction\",\"target\":{\"@type\":\"EntryPoint\",\"urlTemplate\":\"https:\/\/prudencevirtualsolutions.store\/?s={search_term_string}\"},\"query-input\":\"required name=search_term_string\"}],\"inLanguage\":\"fr-FR\"}]}<\/script>\n<!-- \/ Yoast SEO plugin. -->","yoast_head_json":{"title":"Guide \u00e9tape par \u00e9tape Evaluation des Dipl\u00f4mes d'Etudes (EDE) pour l'immigration au Canada - Prudence Digital Products Store","description":"D\u00e9couvrez comment faire reconna\u00eetre vos qualifications acad\u00e9miques \u00e9trang\u00e8res avec notre guide. Facilitez-vous la t\u00e2che et \u00e9conomisez temps et argent en r\u00e9alisant le processus par vous-m\u00eame.","robots":{"index":"noindex","follow":"follow","max-snippet":"max-snippet:-1","max-image-preview":"max-image-preview:large","max-video-preview":"max-video-preview:-1"},"og_locale":"fr_FR","og_type":"article","og_title":"Guide \u00e9tape par \u00e9tape Evaluation des Dipl\u00f4mes d'Etudes (EDE) pour l'immigration au Canada - Prudence Digital Products Store","og_description":"D\u00e9couvrez comment faire reconna\u00eetre vos qualifications acad\u00e9miques \u00e9trang\u00e8res avec notre guide. Facilitez-vous la t\u00e2che et \u00e9conomisez temps et argent en r\u00e9alisant le processus par vous-m\u00eame.","og_url":"https:\/\/prudencevirtualsolutions.store\/fr\/produit\/guide-etape-par-etape-ede-pour-immigration\/","og_site_name":"Prudence Digital Products Store","article_modified_time":"2024-09-06T16:16:17+00:00","og_image":[{"width":1080,"height":1350,"url":"https:\/\/prudencevirtualsolutions.store\/wp-content\/uploads\/2024\/07\/Freebie-Guide-detapes-par-etape-EDE.png","type":"image\/png"}],"twitter_card":"summary_large_image","twitter_misc":{"Dur\u00e9e de lecture estim\u00e9e":"1 minute"},"schema":{"@context":"https:\/\/schema.org","@graph":[{"@type":"WebPage","@id":"https:\/\/prudencevirtualsolutions.store\/product\/guide-etape-par-etape-ede-pour-immigration\/","url":"https:\/\/prudencevirtualsolutions.store\/product\/guide-etape-par-etape-ede-pour-immigration\/","name":"Guide \u00e9tape par \u00e9tape Evaluation des Dipl\u00f4mes d'Etudes (EDE) pour l'immigration au Canada - Prudence Digital Products Store","isPartOf":{"@id":"https:\/\/prudencevirtualsolutions.store\/#website"},"primaryImageOfPage":{"@id":"https:\/\/prudencevirtualsolutions.store\/product\/guide-etape-par-etape-ede-pour-immigration\/#primaryimage"},"image":{"@id":"https:\/\/prudencevirtualsolutions.store\/product\/guide-etape-par-etape-ede-pour-immigration\/#primaryimage"},"thumbnailUrl":"https:\/\/prudencevirtualsolutions.store\/wp-content\/uploads\/2024\/07\/Freebie-Guide-detapes-par-etape-EDE.png","datePublished":"2024-07-16T20:35:34+00:00","dateModified":"2024-09-06T16:16:17+00:00","description":"D\u00e9couvrez comment faire reconna\u00eetre vos qualifications acad\u00e9miques \u00e9trang\u00e8res avec notre guide. Facilitez-vous la t\u00e2che et \u00e9conomisez temps et argent en r\u00e9alisant le processus par vous-m\u00eame.","breadcrumb":{"@id":"https:\/\/prudencevirtualsolutions.store\/product\/guide-etape-par-etape-ede-pour-immigration\/#breadcrumb"},"inLanguage":"fr-FR","potentialAction":[{"@type":"ReadAction","target":["https:\/\/prudencevirtualsolutions.store\/product\/guide-etape-par-etape-ede-pour-immigration\/"]}]},{"@type":"ImageObject","inLanguage":"fr-FR","@id":"https:\/\/prudencevirtualsolutions.store\/product\/guide-etape-par-etape-ede-pour-immigration\/#primaryimage","url":"https:\/\/prudencevirtualsolutions.store\/wp-content\/uploads\/2024\/07\/Freebie-Guide-detapes-par-etape-EDE.png","contentUrl":"https:\/\/prudencevirtualsolutions.store\/wp-content\/uploads\/2024\/07\/Freebie-Guide-detapes-par-etape-EDE.png","width":1080,"height":1350},{"@type":"BreadcrumbList","@id":"https:\/\/prudencevirtualsolutions.store\/product\/guide-etape-par-etape-ede-pour-immigration\/#breadcrumb","itemListElement":[{"@type":"ListItem","position":1,"name":"Home","item":"https:\/\/prudencevirtualsolutions.store\/"},{"@type":"ListItem","position":2,"name":"Shop","item":"https:\/\/prudencevirtualsolutions.store\/shop\/"},{"@type":"ListItem","position":3,"name":"Guide \u00e9tape par \u00e9tape Evaluation des Dipl\u00f4mes d&#8217;Etudes (EDE) pour l&#8217;immigration au Canada"}]},{"@type":"WebSite","@id":"https:\/\/prudencevirtualsolutions.store\/#website","url":"https:\/\/prudencevirtualsolutions.store\/","name":"Prudence Digital Products Store","description":"Time-saving with digital products","potentialAction":[{"@type":"SearchAction","target":{"@type":"EntryPoint","urlTemplate":"https:\/\/prudencevirtualsolutions.store\/?s={search_term_string}"},"query-input":"required name=search_term_string"}],"inLanguage":"fr-FR"}]}},"_links":{"self":[{"href":"https:\/\/prudencevirtualsolutions.store\/fr\/wp-json\/wp\/v2\/product\/5379","targetHints":{"allow":["GET"]}}],"collection":[{"href":"https:\/\/prudencevirtualsolutions.store\/fr\/wp-json\/wp\/v2\/product"}],"about":[{"href":"https:\/\/prudencevirtualsolutions.store\/fr\/wp-json\/wp\/v2\/types\/product"}],"replies":[{"embeddable":true,"href":"https:\/\/prudencevirtualsolutions.store\/fr\/wp-json\/wp\/v2\/comments?post=5379"}],"version-history":[{"count":0,"href":"https:\/\/prudencevirtualsolutions.store\/fr\/wp-json\/wp\/v2\/product\/5379\/revisions"}],"wp:featuredmedia":[{"embeddable":true,"href":"https:\/\/prudencevirtualsolutions.store\/fr\/wp-json\/wp\/v2\/media\/5514"}],"wp:attachment":[{"href":"https:\/\/prudencevirtualsolutions.store\/fr\/wp-json\/wp\/v2\/media?parent=5379"}],"wp:term":[{"taxonomy":"product_brand","embeddable":true,"href":"https:\/\/prudencevirtualsolutions.store\/fr\/wp-json\/wp\/v2\/product_brand?post=5379"},{"taxonomy":"product_cat","embeddable":true,"href":"https:\/\/prudencevirtualsolutions.store\/fr\/wp-json\/wp\/v2\/product_cat?post=5379"},{"taxonomy":"product_tag","embeddable":true,"href":"https:\/\/prudencevirtualsolutions.store\/fr\/wp-json\/wp\/v2\/product_tag?post=5379"}],"curies":[{"name":"wp","href":"https:\/\/api.w.org\/{rel}","templated":true}]}}