{"id":5412,"date":"2024-07-27T18:22:07","date_gmt":"2024-07-27T18:22:07","guid":{"rendered":"https:\/\/prudencevirtualsolutions.store\/?post_type=product&#038;p=5412"},"modified":"2024-09-08T13:39:47","modified_gmt":"2024-09-08T13:39:47","slug":"modele-de-facture-professionnelle","status":"publish","type":"product","link":"https:\/\/prudencevirtualsolutions.store\/fr\/produit\/modele-de-facture-professionnelle\/","title":{"rendered":"Mod\u00e8le de Facture Professionnelle Word &#8211; Excel &#8211; PDF"},"content":{"rendered":"<p>Simplifiez vos t\u00e2ches administratives avec notre <em>Mod\u00e8le de Facture Professionnelle<\/em>. Id\u00e9al pour les petites entreprises, freelances et travailleurs ind\u00e9pendants, ce mod\u00e8le facilite la cr\u00e9ation de factures claires et conformes aux normes professionnelles. Disponible en formats Word, Excel et Canva pour une compatibilit\u00e9 maximale avec vos outils de travail.<\/p>\n<p>Facilitez la gestion de vos factures d\u00e8s maintenant !<\/p>","protected":false},"excerpt":{"rendered":"<p>Simplifiez vos t\u00e2ches administratives avec notre mod\u00e8le de facture professionnel, disponible en formats Word, Excel et PDF. Con\u00e7u pour entreprises et freelances, il offre une personnalisation facile et conforme aux normes pour cr\u00e9er des factures claires et professionnelles. Recevez imm\u00e9diatement les fichiers apr\u00e8s achat et profitez d&#8217;une flexibilit\u00e9 maximale pour l&#8217;impression.<\/p>","protected":false},"featured_media":5475,"comment_status":"open","ping_status":"closed","template":"","meta":{"om_disable_all_campaigns":false,"site-sidebar-layout":"default","site-content-layout":"","ast-site-content-layout":"default","site-content-style":"default","site-sidebar-style":"default","ast-global-header-display":"","ast-banner-title-visibility":"","ast-main-header-display":"","ast-hfb-above-header-display":"","ast-hfb-below-header-display":"","ast-hfb-mobile-header-display":"","site-post-title":"","ast-breadcrumbs-content":"","ast-featured-img":"","footer-sml-layout":"","theme-transparent-header-meta":"default","adv-header-id-meta":"","stick-header-meta":"","header-above-stick-meta":"","header-main-stick-meta":"","header-below-stick-meta":"","astra-migrate-meta-layouts":"set","ast-page-background-enabled":"default","ast-page-background-meta":{"desktop":{"background-color":"var(--ast-global-color-4)","background-image":"","background-repeat":"repeat","background-position":"center center","background-size":"auto","background-attachment":"scroll","background-type":"","background-media":"","overlay-type":"","overlay-color":"","overlay-opacity":"","overlay-gradient":""},"tablet":{"background-color":"","background-image":"","background-repeat":"repeat","background-position":"center center","background-size":"auto","background-attachment":"scroll","background-type":"","background-media":"","overlay-type":"","overlay-color":"","overlay-opacity":"","overlay-gradient":""},"mobile":{"background-color":"","background-image":"","background-repeat":"repeat","background-position":"center center","background-size":"auto","background-attachment":"scroll","background-type":"","background-media":"","overlay-type":"","overlay-color":"","overlay-opacity":"","overlay-gradient":""}},"ast-content-background-meta":{"desktop":{"background-color":"var(--ast-global-color-5)","background-image":"","background-repeat":"repeat","background-position":"center center","background-size":"auto","background-attachment":"scroll","background-type":"","background-media":"","overlay-type":"","overlay-color":"","overlay-opacity":"","overlay-gradient":""},"tablet":{"background-color":"var(--ast-global-color-5)","background-image":"","background-repeat":"repeat","background-position":"center center","background-size":"auto","background-attachment":"scroll","background-type":"","background-media":"","overlay-type":"","overlay-color":"","overlay-opacity":"","overlay-gradient":""},"mobile":{"background-color":"var(--ast-global-color-5)","background-image":"","background-repeat":"repeat","background-position":"center center","background-size":"auto","background-attachment":"scroll","background-type":"","background-media":"","overlay-type":"","overlay-color":"","overlay-opacity":"","overlay-gradient":""}}},"product_brand":[],"product_cat":[59],"product_tag":[95,96,90,93,88,89,94,91,92],"class_list":{"0":"post-5412","1":"product","2":"type-product","3":"status-publish","4":"has-post-thumbnail","6":"product_cat-templates-models-documents","7":"product_tag-administration","8":"product_tag-comtabilite","9":"product_tag-entrepreneur","10":"product_tag-excel","11":"product_tag-facture","12":"product_tag-freelance","13":"product_tag-pdf","14":"product_tag-personaliser","15":"product_tag-word","16":"desktop-align-left","17":"tablet-align-left","18":"mobile-align-left","20":"first","21":"instock","22":"downloadable","23":"shipping-taxable","24":"purchasable","25":"product-type-simple"},"yoast_head":"<!-- This site is optimized with the Yoast SEO plugin v23.0 - https:\/\/yoast.com\/wordpress\/plugins\/seo\/ -->\n<title>Mod\u00e8le de Facture Professionnelle Word - Excel - PDF - Prudence Digital Products Store<\/title>\n<meta name=\"description\" content=\"T\u00e9l\u00e9chargez notre Mod\u00e8le de Facture Professionnelle pour simplifier vos t\u00e2ches administratives. Con\u00e7u pour les entreprises et freelances, ce mod\u00e8le flexible et facile \u00e0 personnaliser est disponible en formats Word, Excel. Gagnez du temps et assurez des factures claires et conformes aux normes.\" \/>\n<meta name=\"robots\" content=\"noindex, follow, max-snippet:-1, max-image-preview:large, max-video-preview:-1\" \/>\n<meta property=\"og:locale\" content=\"fr_FR\" \/>\n<meta property=\"og:type\" content=\"article\" \/>\n<meta property=\"og:title\" content=\"Mod\u00e8le de Facture Professionnelle Word - Excel - PDF - Prudence Digital Products Store\" \/>\n<meta property=\"og:description\" content=\"T\u00e9l\u00e9chargez notre Mod\u00e8le de Facture Professionnelle pour simplifier vos t\u00e2ches administratives. Con\u00e7u pour les entreprises et freelances, ce mod\u00e8le flexible et facile \u00e0 personnaliser est disponible en formats Word, Excel. Gagnez du temps et assurez des factures claires et conformes aux normes.\" \/>\n<meta property=\"og:url\" content=\"https:\/\/prudencevirtualsolutions.store\/fr\/produit\/modele-de-facture-professionnelle\/\" \/>\n<meta property=\"og:site_name\" content=\"Prudence Digital Products Store\" \/>\n<meta property=\"article:modified_time\" content=\"2024-09-08T13:39:47+00:00\" \/>\n<meta property=\"og:image\" content=\"https:\/\/prudencevirtualsolutions.store\/wp-content\/uploads\/2024\/07\/Invoice-Template-Freebie.png\" \/>\n\t<meta property=\"og:image:width\" content=\"1080\" \/>\n\t<meta property=\"og:image:height\" content=\"1350\" \/>\n\t<meta property=\"og:image:type\" content=\"image\/png\" \/>\n<meta name=\"twitter:card\" content=\"summary_large_image\" \/>\n<meta name=\"twitter:label1\" content=\"Dur\u00e9e de lecture estim\u00e9e\" \/>\n\t<meta name=\"twitter:data1\" content=\"1 minute\" \/>\n<script type=\"application\/ld+json\" class=\"yoast-schema-graph\">{\"@context\":\"https:\/\/schema.org\",\"@graph\":[{\"@type\":\"WebPage\",\"@id\":\"https:\/\/prudencevirtualsolutions.store\/product\/modele-de-facture-professionnelle\/\",\"url\":\"https:\/\/prudencevirtualsolutions.store\/product\/modele-de-facture-professionnelle\/\",\"name\":\"Mod\u00e8le de Facture Professionnelle Word - Excel - PDF - Prudence Digital Products Store\",\"isPartOf\":{\"@id\":\"https:\/\/prudencevirtualsolutions.store\/#website\"},\"primaryImageOfPage\":{\"@id\":\"https:\/\/prudencevirtualsolutions.store\/product\/modele-de-facture-professionnelle\/#primaryimage\"},\"image\":{\"@id\":\"https:\/\/prudencevirtualsolutions.store\/product\/modele-de-facture-professionnelle\/#primaryimage\"},\"thumbnailUrl\":\"https:\/\/prudencevirtualsolutions.store\/wp-content\/uploads\/2024\/07\/Invoice-Template-Freebie.png\",\"datePublished\":\"2024-07-27T18:22:07+00:00\",\"dateModified\":\"2024-09-08T13:39:47+00:00\",\"description\":\"T\u00e9l\u00e9chargez notre Mod\u00e8le de Facture Professionnelle pour simplifier vos t\u00e2ches administratives. Con\u00e7u pour les entreprises et freelances, ce mod\u00e8le flexible et facile \u00e0 personnaliser est disponible en formats Word, Excel. Gagnez du temps et assurez des factures claires et conformes aux normes.\",\"breadcrumb\":{\"@id\":\"https:\/\/prudencevirtualsolutions.store\/product\/modele-de-facture-professionnelle\/#breadcrumb\"},\"inLanguage\":\"fr-FR\",\"potentialAction\":[{\"@type\":\"ReadAction\",\"target\":[\"https:\/\/prudencevirtualsolutions.store\/product\/modele-de-facture-professionnelle\/\"]}]},{\"@type\":\"ImageObject\",\"inLanguage\":\"fr-FR\",\"@id\":\"https:\/\/prudencevirtualsolutions.store\/product\/modele-de-facture-professionnelle\/#primaryimage\",\"url\":\"https:\/\/prudencevirtualsolutions.store\/wp-content\/uploads\/2024\/07\/Invoice-Template-Freebie.png\",\"contentUrl\":\"https:\/\/prudencevirtualsolutions.store\/wp-content\/uploads\/2024\/07\/Invoice-Template-Freebie.png\",\"width\":1080,\"height\":1350},{\"@type\":\"BreadcrumbList\",\"@id\":\"https:\/\/prudencevirtualsolutions.store\/product\/modele-de-facture-professionnelle\/#breadcrumb\",\"itemListElement\":[{\"@type\":\"ListItem\",\"position\":1,\"name\":\"Home\",\"item\":\"https:\/\/prudencevirtualsolutions.store\/\"},{\"@type\":\"ListItem\",\"position\":2,\"name\":\"Shop\",\"item\":\"https:\/\/prudencevirtualsolutions.store\/shop\/\"},{\"@type\":\"ListItem\",\"position\":3,\"name\":\"Mod\u00e8le de Facture Professionnelle Word &#8211; Excel &#8211; PDF\"}]},{\"@type\":\"WebSite\",\"@id\":\"https:\/\/prudencevirtualsolutions.store\/#website\",\"url\":\"https:\/\/prudencevirtualsolutions.store\/\",\"name\":\"Prudence Digital Products Store\",\"description\":\"Time-saving with digital products\",\"potentialAction\":[{\"@type\":\"SearchAction\",\"target\":{\"@type\":\"EntryPoint\",\"urlTemplate\":\"https:\/\/prudencevirtualsolutions.store\/?s={search_term_string}\"},\"query-input\":\"required name=search_term_string\"}],\"inLanguage\":\"fr-FR\"}]}<\/script>\n<!-- \/ Yoast SEO plugin. -->","yoast_head_json":{"title":"Mod\u00e8le de Facture Professionnelle Word - Excel - PDF - Prudence Digital Products Store","description":"T\u00e9l\u00e9chargez notre Mod\u00e8le de Facture Professionnelle pour simplifier vos t\u00e2ches administratives. Con\u00e7u pour les entreprises et freelances, ce mod\u00e8le flexible et facile \u00e0 personnaliser est disponible en formats Word, Excel. Gagnez du temps et assurez des factures claires et conformes aux normes.","robots":{"index":"noindex","follow":"follow","max-snippet":"max-snippet:-1","max-image-preview":"max-image-preview:large","max-video-preview":"max-video-preview:-1"},"og_locale":"fr_FR","og_type":"article","og_title":"Mod\u00e8le de Facture Professionnelle Word - Excel - PDF - Prudence Digital Products Store","og_description":"T\u00e9l\u00e9chargez notre Mod\u00e8le de Facture Professionnelle pour simplifier vos t\u00e2ches administratives. Con\u00e7u pour les entreprises et freelances, ce mod\u00e8le flexible et facile \u00e0 personnaliser est disponible en formats Word, Excel. Gagnez du temps et assurez des factures claires et conformes aux normes.","og_url":"https:\/\/prudencevirtualsolutions.store\/fr\/produit\/modele-de-facture-professionnelle\/","og_site_name":"Prudence Digital Products Store","article_modified_time":"2024-09-08T13:39:47+00:00","og_image":[{"width":1080,"height":1350,"url":"https:\/\/prudencevirtualsolutions.store\/wp-content\/uploads\/2024\/07\/Invoice-Template-Freebie.png","type":"image\/png"}],"twitter_card":"summary_large_image","twitter_misc":{"Dur\u00e9e de lecture estim\u00e9e":"1 minute"},"schema":{"@context":"https:\/\/schema.org","@graph":[{"@type":"WebPage","@id":"https:\/\/prudencevirtualsolutions.store\/product\/modele-de-facture-professionnelle\/","url":"https:\/\/prudencevirtualsolutions.store\/product\/modele-de-facture-professionnelle\/","name":"Mod\u00e8le de Facture Professionnelle Word - Excel - PDF - Prudence Digital Products Store","isPartOf":{"@id":"https:\/\/prudencevirtualsolutions.store\/#website"},"primaryImageOfPage":{"@id":"https:\/\/prudencevirtualsolutions.store\/product\/modele-de-facture-professionnelle\/#primaryimage"},"image":{"@id":"https:\/\/prudencevirtualsolutions.store\/product\/modele-de-facture-professionnelle\/#primaryimage"},"thumbnailUrl":"https:\/\/prudencevirtualsolutions.store\/wp-content\/uploads\/2024\/07\/Invoice-Template-Freebie.png","datePublished":"2024-07-27T18:22:07+00:00","dateModified":"2024-09-08T13:39:47+00:00","description":"T\u00e9l\u00e9chargez notre Mod\u00e8le de Facture Professionnelle pour simplifier vos t\u00e2ches administratives. Con\u00e7u pour les entreprises et freelances, ce mod\u00e8le flexible et facile \u00e0 personnaliser est disponible en formats Word, Excel. Gagnez du temps et assurez des factures claires et conformes aux normes.","breadcrumb":{"@id":"https:\/\/prudencevirtualsolutions.store\/product\/modele-de-facture-professionnelle\/#breadcrumb"},"inLanguage":"fr-FR","potentialAction":[{"@type":"ReadAction","target":["https:\/\/prudencevirtualsolutions.store\/product\/modele-de-facture-professionnelle\/"]}]},{"@type":"ImageObject","inLanguage":"fr-FR","@id":"https:\/\/prudencevirtualsolutions.store\/product\/modele-de-facture-professionnelle\/#primaryimage","url":"https:\/\/prudencevirtualsolutions.store\/wp-content\/uploads\/2024\/07\/Invoice-Template-Freebie.png","contentUrl":"https:\/\/prudencevirtualsolutions.store\/wp-content\/uploads\/2024\/07\/Invoice-Template-Freebie.png","width":1080,"height":1350},{"@type":"BreadcrumbList","@id":"https:\/\/prudencevirtualsolutions.store\/product\/modele-de-facture-professionnelle\/#breadcrumb","itemListElement":[{"@type":"ListItem","position":1,"name":"Home","item":"https:\/\/prudencevirtualsolutions.store\/"},{"@type":"ListItem","position":2,"name":"Shop","item":"https:\/\/prudencevirtualsolutions.store\/shop\/"},{"@type":"ListItem","position":3,"name":"Mod\u00e8le de Facture Professionnelle Word &#8211; Excel &#8211; PDF"}]},{"@type":"WebSite","@id":"https:\/\/prudencevirtualsolutions.store\/#website","url":"https:\/\/prudencevirtualsolutions.store\/","name":"Prudence Digital Products Store","description":"Time-saving with digital products","potentialAction":[{"@type":"SearchAction","target":{"@type":"EntryPoint","urlTemplate":"https:\/\/prudencevirtualsolutions.store\/?s={search_term_string}"},"query-input":"required name=search_term_string"}],"inLanguage":"fr-FR"}]}},"_links":{"self":[{"href":"https:\/\/prudencevirtualsolutions.store\/fr\/wp-json\/wp\/v2\/product\/5412","targetHints":{"allow":["GET"]}}],"collection":[{"href":"https:\/\/prudencevirtualsolutions.store\/fr\/wp-json\/wp\/v2\/product"}],"about":[{"href":"https:\/\/prudencevirtualsolutions.store\/fr\/wp-json\/wp\/v2\/types\/product"}],"replies":[{"embeddable":true,"href":"https:\/\/prudencevirtualsolutions.store\/fr\/wp-json\/wp\/v2\/comments?post=5412"}],"version-history":[{"count":0,"href":"https:\/\/prudencevirtualsolutions.store\/fr\/wp-json\/wp\/v2\/product\/5412\/revisions"}],"wp:featuredmedia":[{"embeddable":true,"href":"https:\/\/prudencevirtualsolutions.store\/fr\/wp-json\/wp\/v2\/media\/5475"}],"wp:attachment":[{"href":"https:\/\/prudencevirtualsolutions.store\/fr\/wp-json\/wp\/v2\/media?parent=5412"}],"wp:term":[{"taxonomy":"product_brand","embeddable":true,"href":"https:\/\/prudencevirtualsolutions.store\/fr\/wp-json\/wp\/v2\/product_brand?post=5412"},{"taxonomy":"product_cat","embeddable":true,"href":"https:\/\/prudencevirtualsolutions.store\/fr\/wp-json\/wp\/v2\/product_cat?post=5412"},{"taxonomy":"product_tag","embeddable":true,"href":"https:\/\/prudencevirtualsolutions.store\/fr\/wp-json\/wp\/v2\/product_tag?post=5412"}],"curies":[{"name":"wp","href":"https:\/\/api.w.org\/{rel}","templated":true}]}}