{"id":5481,"date":"2024-08-30T20:45:04","date_gmt":"2024-08-30T20:45:04","guid":{"rendered":"https:\/\/prudencevirtualsolutions.store\/?post_type=product&#038;p=5481"},"modified":"2024-10-11T04:07:44","modified_gmt":"2024-10-11T04:07:44","slug":"universites-canadiennes-qui-acceptent-des-etudiants-internationaux","status":"publish","type":"product","link":"https:\/\/prudencevirtualsolutions.store\/fr\/produit\/universites-canadiennes-qui-acceptent-des-etudiants-internationaux\/","title":{"rendered":"Universit\u00e9s canadiennes qui acceptent des \u00e9tudiants internationaux"},"content":{"rendered":"<p>Compilation exhaustive des universit\u00e9s canadiennes qui accueillent des \u00e9tudiants internationaux, un outil essentiel pour les \u00e9tudiants et leurs familles. Cette liste est con\u00e7ue pour simplifier la recherche de l&#8217;\u00e9tablissement id\u00e9al pour ceux qui envisagent d&#8217;\u00e9tudier et de travailler au Canada, m\u00eame apr\u00e8s leurs \u00e9tudes, et souhaitent \u00e9ventuellement devenir \u00e9ligibles au programme de r\u00e9sidence permanente. <strong>Fr\u00e9quenter un \u00e9tablissement d\u00e9sign\u00e9 au Canada vous offre des o<\/strong><strong style=\"font-size: 16px;\">pportunit\u00e9s de Travail Post-Dipl\u00f4me et l&#8217;a<\/strong><strong style=\"font-size: 16px;\">cc\u00e9l\u00e9ration de votre processus de r\u00e9sidence Permanente.<\/strong><\/p>","protected":false},"excerpt":{"rendered":"<div class=\"flex-shrink-0 flex flex-col relative items-end\">\n<div>\n<div class=\"pt-0\">\n<div class=\"gizmo-bot-avatar flex h-8 w-8 items-center justify-center overflow-hidden rounded-full\">\n<div class=\"relative p-1 rounded-sm flex items-center justify-center bg-token-main-surface-primary text-token-text-primary h-8 w-8\"><\/div>\n<\/div>\n<\/div>\n<\/div>\n<\/div>\n<div class=\"group\/conversation-turn relative flex w-full min-w-0 flex-col agent-turn\">\n<div class=\"flex-col gap-1 md:gap-3\">\n<div class=\"flex max-w-full flex-col flex-grow\">\n<div class=\"min-h-8 text-message flex w-full flex-col items-end gap-2 whitespace-normal break-words [.text-message+&amp;]:mt-5\" dir=\"auto\" data-message-author-role=\"assistant\" data-message-id=\"95098d0b-4990-4b3a-aa52-121ea920b252\" data-message-model-slug=\"gpt-4o-mini\">\n<div class=\"flex w-full flex-col gap-1 empty:hidden first:pt-[3px]\">\n<div class=\"markdown prose w-full break-words dark:prose-invert light\">\n<p>Compilation des universit\u00e9s canadiennes pour \u00e9tudiants internationaux, un outil essentiel pour simplifier votre recherche d\u2019\u00e9tablissement. Cette liste aide ceux qui souhaitent \u00e9tudier et travailler au Canada, tout en visant une r\u00e9sidence permanente. Fr\u00e9quenter un \u00e9tablissement d\u00e9sign\u00e9 offre des opportunit\u00e9s de travail post-dipl\u00f4me et acc\u00e9l\u00e8re le processus de r\u00e9sidence permanente.<\/p>\n<\/div>\n<\/div>\n<\/div>\n<\/div>\n<\/div>\n<\/div>","protected":false},"featured_media":5484,"comment_status":"open","ping_status":"closed","template":"","meta":{"om_disable_all_campaigns":false,"site-sidebar-layout":"default","site-content-layout":"","ast-site-content-layout":"default","site-content-style":"default","site-sidebar-style":"default","ast-global-header-display":"","ast-banner-title-visibility":"","ast-main-header-display":"","ast-hfb-above-header-display":"","ast-hfb-below-header-display":"","ast-hfb-mobile-header-display":"","site-post-title":"","ast-breadcrumbs-content":"","ast-featured-img":"","footer-sml-layout":"","theme-transparent-header-meta":"default","adv-header-id-meta":"","stick-header-meta":"","header-above-stick-meta":"","header-main-stick-meta":"","header-below-stick-meta":"","astra-migrate-meta-layouts":"set","ast-page-background-enabled":"default","ast-page-background-meta":{"desktop":{"background-color":"var(--ast-global-color-4)","background-image":"","background-repeat":"repeat","background-position":"center center","background-size":"auto","background-attachment":"scroll","background-type":"","background-media":"","overlay-type":"","overlay-color":"","overlay-opacity":"","overlay-gradient":""},"tablet":{"background-color":"","background-image":"","background-repeat":"repeat","background-position":"center center","background-size":"auto","background-attachment":"scroll","background-type":"","background-media":"","overlay-type":"","overlay-color":"","overlay-opacity":"","overlay-gradient":""},"mobile":{"background-color":"","background-image":"","background-repeat":"repeat","background-position":"center center","background-size":"auto","background-attachment":"scroll","background-type":"","background-media":"","overlay-type":"","overlay-color":"","overlay-opacity":"","overlay-gradient":""}},"ast-content-background-meta":{"desktop":{"background-color":"var(--ast-global-color-5)","background-image":"","background-repeat":"repeat","background-position":"center center","background-size":"auto","background-attachment":"scroll","background-type":"","background-media":"","overlay-type":"","overlay-color":"","overlay-opacity":"","overlay-gradient":""},"tablet":{"background-color":"var(--ast-global-color-5)","background-image":"","background-repeat":"repeat","background-position":"center center","background-size":"auto","background-attachment":"scroll","background-type":"","background-media":"","overlay-type":"","overlay-color":"","overlay-opacity":"","overlay-gradient":""},"mobile":{"background-color":"var(--ast-global-color-5)","background-image":"","background-repeat":"repeat","background-position":"center center","background-size":"auto","background-attachment":"scroll","background-type":"","background-media":"","overlay-type":"","overlay-color":"","overlay-opacity":"","overlay-gradient":""}}},"product_brand":[],"product_cat":[58],"product_tag":[63,98,101,99,81,100,97],"class_list":{"0":"post-5481","1":"product","2":"type-product","3":"status-publish","4":"has-post-thumbnail","6":"product_cat-ebook-vs-livres-electroniques","7":"product_tag-canada","8":"product_tag-ecoles","9":"product_tag-etranger","10":"product_tag-etudiants","11":"product_tag-immigration","12":"product_tag-parents","13":"product_tag-universites","14":"desktop-align-left","15":"tablet-align-left","16":"mobile-align-left","18":"first","19":"instock","20":"sale","21":"downloadable","22":"shipping-taxable","23":"purchasable","24":"product-type-simple"},"yoast_head":"<!-- This site is optimized with the Yoast SEO plugin v23.0 - https:\/\/yoast.com\/wordpress\/plugins\/seo\/ -->\n<title>Universit\u00e9s canadiennes qui acceptent des \u00e9tudiants internationaux - Prudence Digital Products Store<\/title>\n<meta name=\"description\" content=\"D\u00e9couvrez notre liste compl\u00e8te des universit\u00e9s canadiennes accueillant des \u00e9tudiants internationaux. Simplifiez votre recherche d\u2019\u00e9tablissement, explorez les opportunit\u00e9s de travail post-dipl\u00f4me, et bien plus encore.\" \/>\n<meta name=\"robots\" content=\"noindex, follow, max-snippet:-1, max-image-preview:large, max-video-preview:-1\" \/>\n<meta property=\"og:locale\" content=\"fr_FR\" \/>\n<meta property=\"og:type\" content=\"article\" \/>\n<meta property=\"og:title\" content=\"Universit\u00e9s canadiennes qui acceptent des \u00e9tudiants internationaux - Prudence Digital Products Store\" \/>\n<meta property=\"og:description\" content=\"D\u00e9couvrez notre liste compl\u00e8te des universit\u00e9s canadiennes accueillant des \u00e9tudiants internationaux. Simplifiez votre recherche d\u2019\u00e9tablissement, explorez les opportunit\u00e9s de travail post-dipl\u00f4me, et bien plus encore.\" \/>\n<meta property=\"og:url\" content=\"https:\/\/prudencevirtualsolutions.store\/fr\/produit\/universites-canadiennes-qui-acceptent-des-etudiants-internationaux\/\" \/>\n<meta property=\"og:site_name\" content=\"Prudence Digital Products Store\" \/>\n<meta property=\"article:modified_time\" content=\"2024-10-11T04:07:44+00:00\" \/>\n<meta property=\"og:image\" content=\"https:\/\/prudencevirtualsolutions.store\/wp-content\/uploads\/2024\/08\/Liste-des-universites.png\" \/>\n\t<meta property=\"og:image:width\" content=\"1080\" \/>\n\t<meta property=\"og:image:height\" content=\"1080\" \/>\n\t<meta property=\"og:image:type\" content=\"image\/png\" \/>\n<meta name=\"twitter:card\" content=\"summary_large_image\" \/>\n<meta name=\"twitter:label1\" content=\"Dur\u00e9e de lecture estim\u00e9e\" \/>\n\t<meta name=\"twitter:data1\" content=\"1 minute\" \/>\n<script type=\"application\/ld+json\" class=\"yoast-schema-graph\">{\"@context\":\"https:\/\/schema.org\",\"@graph\":[{\"@type\":\"WebPage\",\"@id\":\"https:\/\/prudencevirtualsolutions.store\/product\/universites-canadiennes-qui-acceptent-des-etudiants-internationaux\/\",\"url\":\"https:\/\/prudencevirtualsolutions.store\/product\/universites-canadiennes-qui-acceptent-des-etudiants-internationaux\/\",\"name\":\"Universit\u00e9s canadiennes qui acceptent des \u00e9tudiants internationaux - Prudence Digital Products Store\",\"isPartOf\":{\"@id\":\"https:\/\/prudencevirtualsolutions.store\/#website\"},\"primaryImageOfPage\":{\"@id\":\"https:\/\/prudencevirtualsolutions.store\/product\/universites-canadiennes-qui-acceptent-des-etudiants-internationaux\/#primaryimage\"},\"image\":{\"@id\":\"https:\/\/prudencevirtualsolutions.store\/product\/universites-canadiennes-qui-acceptent-des-etudiants-internationaux\/#primaryimage\"},\"thumbnailUrl\":\"https:\/\/prudencevirtualsolutions.store\/wp-content\/uploads\/2024\/08\/Liste-des-universites.png\",\"datePublished\":\"2024-08-30T20:45:04+00:00\",\"dateModified\":\"2024-10-11T04:07:44+00:00\",\"description\":\"D\u00e9couvrez notre liste compl\u00e8te des universit\u00e9s canadiennes accueillant des \u00e9tudiants internationaux. Simplifiez votre recherche d\u2019\u00e9tablissement, explorez les opportunit\u00e9s de travail post-dipl\u00f4me, et bien plus encore.\",\"breadcrumb\":{\"@id\":\"https:\/\/prudencevirtualsolutions.store\/product\/universites-canadiennes-qui-acceptent-des-etudiants-internationaux\/#breadcrumb\"},\"inLanguage\":\"fr-FR\",\"potentialAction\":[{\"@type\":\"ReadAction\",\"target\":[\"https:\/\/prudencevirtualsolutions.store\/product\/universites-canadiennes-qui-acceptent-des-etudiants-internationaux\/\"]}]},{\"@type\":\"ImageObject\",\"inLanguage\":\"fr-FR\",\"@id\":\"https:\/\/prudencevirtualsolutions.store\/product\/universites-canadiennes-qui-acceptent-des-etudiants-internationaux\/#primaryimage\",\"url\":\"https:\/\/prudencevirtualsolutions.store\/wp-content\/uploads\/2024\/08\/Liste-des-universites.png\",\"contentUrl\":\"https:\/\/prudencevirtualsolutions.store\/wp-content\/uploads\/2024\/08\/Liste-des-universites.png\",\"width\":1080,\"height\":1080},{\"@type\":\"BreadcrumbList\",\"@id\":\"https:\/\/prudencevirtualsolutions.store\/product\/universites-canadiennes-qui-acceptent-des-etudiants-internationaux\/#breadcrumb\",\"itemListElement\":[{\"@type\":\"ListItem\",\"position\":1,\"name\":\"Home\",\"item\":\"https:\/\/prudencevirtualsolutions.store\/\"},{\"@type\":\"ListItem\",\"position\":2,\"name\":\"Shop\",\"item\":\"https:\/\/prudencevirtualsolutions.store\/shop\/\"},{\"@type\":\"ListItem\",\"position\":3,\"name\":\"Universit\u00e9s canadiennes qui acceptent des \u00e9tudiants internationaux\"}]},{\"@type\":\"WebSite\",\"@id\":\"https:\/\/prudencevirtualsolutions.store\/#website\",\"url\":\"https:\/\/prudencevirtualsolutions.store\/\",\"name\":\"Prudence Digital Products Store\",\"description\":\"Time-saving with digital products\",\"potentialAction\":[{\"@type\":\"SearchAction\",\"target\":{\"@type\":\"EntryPoint\",\"urlTemplate\":\"https:\/\/prudencevirtualsolutions.store\/?s={search_term_string}\"},\"query-input\":\"required name=search_term_string\"}],\"inLanguage\":\"fr-FR\"}]}<\/script>\n<!-- \/ Yoast SEO plugin. -->","yoast_head_json":{"title":"Universit\u00e9s canadiennes qui acceptent des \u00e9tudiants internationaux - Prudence Digital Products Store","description":"D\u00e9couvrez notre liste compl\u00e8te des universit\u00e9s canadiennes accueillant des \u00e9tudiants internationaux. Simplifiez votre recherche d\u2019\u00e9tablissement, explorez les opportunit\u00e9s de travail post-dipl\u00f4me, et bien plus encore.","robots":{"index":"noindex","follow":"follow","max-snippet":"max-snippet:-1","max-image-preview":"max-image-preview:large","max-video-preview":"max-video-preview:-1"},"og_locale":"fr_FR","og_type":"article","og_title":"Universit\u00e9s canadiennes qui acceptent des \u00e9tudiants internationaux - Prudence Digital Products Store","og_description":"D\u00e9couvrez notre liste compl\u00e8te des universit\u00e9s canadiennes accueillant des \u00e9tudiants internationaux. Simplifiez votre recherche d\u2019\u00e9tablissement, explorez les opportunit\u00e9s de travail post-dipl\u00f4me, et bien plus encore.","og_url":"https:\/\/prudencevirtualsolutions.store\/fr\/produit\/universites-canadiennes-qui-acceptent-des-etudiants-internationaux\/","og_site_name":"Prudence Digital Products Store","article_modified_time":"2024-10-11T04:07:44+00:00","og_image":[{"width":1080,"height":1080,"url":"https:\/\/prudencevirtualsolutions.store\/wp-content\/uploads\/2024\/08\/Liste-des-universites.png","type":"image\/png"}],"twitter_card":"summary_large_image","twitter_misc":{"Dur\u00e9e de lecture estim\u00e9e":"1 minute"},"schema":{"@context":"https:\/\/schema.org","@graph":[{"@type":"WebPage","@id":"https:\/\/prudencevirtualsolutions.store\/product\/universites-canadiennes-qui-acceptent-des-etudiants-internationaux\/","url":"https:\/\/prudencevirtualsolutions.store\/product\/universites-canadiennes-qui-acceptent-des-etudiants-internationaux\/","name":"Universit\u00e9s canadiennes qui acceptent des \u00e9tudiants internationaux - Prudence Digital Products Store","isPartOf":{"@id":"https:\/\/prudencevirtualsolutions.store\/#website"},"primaryImageOfPage":{"@id":"https:\/\/prudencevirtualsolutions.store\/product\/universites-canadiennes-qui-acceptent-des-etudiants-internationaux\/#primaryimage"},"image":{"@id":"https:\/\/prudencevirtualsolutions.store\/product\/universites-canadiennes-qui-acceptent-des-etudiants-internationaux\/#primaryimage"},"thumbnailUrl":"https:\/\/prudencevirtualsolutions.store\/wp-content\/uploads\/2024\/08\/Liste-des-universites.png","datePublished":"2024-08-30T20:45:04+00:00","dateModified":"2024-10-11T04:07:44+00:00","description":"D\u00e9couvrez notre liste compl\u00e8te des universit\u00e9s canadiennes accueillant des \u00e9tudiants internationaux. Simplifiez votre recherche d\u2019\u00e9tablissement, explorez les opportunit\u00e9s de travail post-dipl\u00f4me, et bien plus encore.","breadcrumb":{"@id":"https:\/\/prudencevirtualsolutions.store\/product\/universites-canadiennes-qui-acceptent-des-etudiants-internationaux\/#breadcrumb"},"inLanguage":"fr-FR","potentialAction":[{"@type":"ReadAction","target":["https:\/\/prudencevirtualsolutions.store\/product\/universites-canadiennes-qui-acceptent-des-etudiants-internationaux\/"]}]},{"@type":"ImageObject","inLanguage":"fr-FR","@id":"https:\/\/prudencevirtualsolutions.store\/product\/universites-canadiennes-qui-acceptent-des-etudiants-internationaux\/#primaryimage","url":"https:\/\/prudencevirtualsolutions.store\/wp-content\/uploads\/2024\/08\/Liste-des-universites.png","contentUrl":"https:\/\/prudencevirtualsolutions.store\/wp-content\/uploads\/2024\/08\/Liste-des-universites.png","width":1080,"height":1080},{"@type":"BreadcrumbList","@id":"https:\/\/prudencevirtualsolutions.store\/product\/universites-canadiennes-qui-acceptent-des-etudiants-internationaux\/#breadcrumb","itemListElement":[{"@type":"ListItem","position":1,"name":"Home","item":"https:\/\/prudencevirtualsolutions.store\/"},{"@type":"ListItem","position":2,"name":"Shop","item":"https:\/\/prudencevirtualsolutions.store\/shop\/"},{"@type":"ListItem","position":3,"name":"Universit\u00e9s canadiennes qui acceptent des \u00e9tudiants internationaux"}]},{"@type":"WebSite","@id":"https:\/\/prudencevirtualsolutions.store\/#website","url":"https:\/\/prudencevirtualsolutions.store\/","name":"Prudence Digital Products Store","description":"Time-saving with digital products","potentialAction":[{"@type":"SearchAction","target":{"@type":"EntryPoint","urlTemplate":"https:\/\/prudencevirtualsolutions.store\/?s={search_term_string}"},"query-input":"required name=search_term_string"}],"inLanguage":"fr-FR"}]}},"_links":{"self":[{"href":"https:\/\/prudencevirtualsolutions.store\/fr\/wp-json\/wp\/v2\/product\/5481","targetHints":{"allow":["GET"]}}],"collection":[{"href":"https:\/\/prudencevirtualsolutions.store\/fr\/wp-json\/wp\/v2\/product"}],"about":[{"href":"https:\/\/prudencevirtualsolutions.store\/fr\/wp-json\/wp\/v2\/types\/product"}],"replies":[{"embeddable":true,"href":"https:\/\/prudencevirtualsolutions.store\/fr\/wp-json\/wp\/v2\/comments?post=5481"}],"version-history":[{"count":0,"href":"https:\/\/prudencevirtualsolutions.store\/fr\/wp-json\/wp\/v2\/product\/5481\/revisions"}],"wp:featuredmedia":[{"embeddable":true,"href":"https:\/\/prudencevirtualsolutions.store\/fr\/wp-json\/wp\/v2\/media\/5484"}],"wp:attachment":[{"href":"https:\/\/prudencevirtualsolutions.store\/fr\/wp-json\/wp\/v2\/media?parent=5481"}],"wp:term":[{"taxonomy":"product_brand","embeddable":true,"href":"https:\/\/prudencevirtualsolutions.store\/fr\/wp-json\/wp\/v2\/product_brand?post=5481"},{"taxonomy":"product_cat","embeddable":true,"href":"https:\/\/prudencevirtualsolutions.store\/fr\/wp-json\/wp\/v2\/product_cat?post=5481"},{"taxonomy":"product_tag","embeddable":true,"href":"https:\/\/prudencevirtualsolutions.store\/fr\/wp-json\/wp\/v2\/product_tag?post=5481"}],"curies":[{"name":"wp","href":"https:\/\/api.w.org\/{rel}","templated":true}]}}