{"id":5490,"date":"2024-08-30T21:03:23","date_gmt":"2024-08-30T21:03:23","guid":{"rendered":"https:\/\/prudencevirtualsolutions.store\/?post_type=product&#038;p=5490"},"modified":"2024-10-11T03:58:11","modified_gmt":"2024-10-11T03:58:11","slug":"colleges-et-instituts-canadiens-qui-acceptent-des-etudiants-internationaux","status":"publish","type":"product","link":"https:\/\/prudencevirtualsolutions.store\/fr\/produit\/colleges-et-instituts-canadiens-qui-acceptent-des-etudiants-internationaux\/","title":{"rendered":"Coll\u00e8ges et instituts canadiens qui acceptent des \u00e9tudiants internationaux"},"content":{"rendered":"<div class=\"flex-shrink-0 flex flex-col relative items-end\">\n<div>\n<div class=\"pt-0\">\n<div class=\"gizmo-bot-avatar flex h-8 w-8 items-center justify-center overflow-hidden rounded-full\">\n<div class=\"relative p-1 rounded-sm flex items-center justify-center bg-token-main-surface-primary text-token-text-primary h-8 w-8\"><\/div>\n<\/div>\n<\/div>\n<\/div>\n<\/div>\n<div class=\"group\/conversation-turn relative flex w-full min-w-0 flex-col agent-turn\">\n<div class=\"flex-col gap-1 md:gap-3\">\n<div class=\"flex max-w-full flex-col flex-grow\">\n<div class=\"min-h-[20px] text-message flex w-full flex-col items-end gap-2 break-words [.text-message+&amp;]:mt-5 overflow-x-auto whitespace-normal\" dir=\"auto\" data-message-author-role=\"assistant\" data-message-id=\"a8bf600f-b7fb-4475-a16c-80b7eb3e0182\">\n<div class=\"flex w-full flex-col gap-1 empty:hidden first:pt-[3px]\">\n<div class=\"markdown prose w-full break-words dark:prose-invert light\">\n<p><strong>Compilation exhaustive des coll\u00e8ges et instituts canadiens pour \u00e9tudiants internationaux :<\/strong> Un outil essentiel pour les \u00e9tudiants et leurs familles. Cette liste facilite la recherche de l\u2019\u00e9tablissement id\u00e9al pour \u00e9tudier et travailler au Canada, avec des opportunit\u00e9s de r\u00e9sidence permanente. Fr\u00e9quenter un coll\u00e8ge ou un institut au Canada offre des avantages tels que la formation pratique, des liens avec l&#8217;industrie, et une pr\u00e9paration professionnelle. Les \u00e9tablissements d\u00e9sign\u00e9s permettent \u00e9galement de b\u00e9n\u00e9ficier du programme de Travail Post-Dipl\u00f4me, etc.<\/p>\n<\/div>\n<\/div>\n<\/div>\n<\/div>\n<\/div>\n<\/div>","protected":false},"excerpt":{"rendered":"<p>Compilation compl\u00e8te des coll\u00e8ges et instituts canadiens pour \u00e9tudiants internationaux, outil essentiel pour simplifier la recherche d\u2019un \u00e9tablissement. Ces \u00e9coles offrent des avantages tels que la formation pratique, des liens avec l&#8217;industrie et des opportunit\u00e9s de travail post-dipl\u00f4me, tout en facilitant l&#8217;acc\u00e8s \u00e0 la r\u00e9sidence permanente.<\/p>","protected":false},"featured_media":5492,"comment_status":"open","ping_status":"closed","template":"","meta":{"om_disable_all_campaigns":false,"site-sidebar-layout":"default","site-content-layout":"","ast-site-content-layout":"default","site-content-style":"default","site-sidebar-style":"default","ast-global-header-display":"","ast-banner-title-visibility":"","ast-main-header-display":"","ast-hfb-above-header-display":"","ast-hfb-below-header-display":"","ast-hfb-mobile-header-display":"","site-post-title":"","ast-breadcrumbs-content":"","ast-featured-img":"","footer-sml-layout":"","theme-transparent-header-meta":"default","adv-header-id-meta":"","stick-header-meta":"","header-above-stick-meta":"","header-main-stick-meta":"","header-below-stick-meta":"","astra-migrate-meta-layouts":"set","ast-page-background-enabled":"default","ast-page-background-meta":{"desktop":{"background-color":"var(--ast-global-color-4)","background-image":"","background-repeat":"repeat","background-position":"center center","background-size":"auto","background-attachment":"scroll","background-type":"","background-media":"","overlay-type":"","overlay-color":"","overlay-opacity":"","overlay-gradient":""},"tablet":{"background-color":"","background-image":"","background-repeat":"repeat","background-position":"center center","background-size":"auto","background-attachment":"scroll","background-type":"","background-media":"","overlay-type":"","overlay-color":"","overlay-opacity":"","overlay-gradient":""},"mobile":{"background-color":"","background-image":"","background-repeat":"repeat","background-position":"center center","background-size":"auto","background-attachment":"scroll","background-type":"","background-media":"","overlay-type":"","overlay-color":"","overlay-opacity":"","overlay-gradient":""}},"ast-content-background-meta":{"desktop":{"background-color":"var(--ast-global-color-5)","background-image":"","background-repeat":"repeat","background-position":"center center","background-size":"auto","background-attachment":"scroll","background-type":"","background-media":"","overlay-type":"","overlay-color":"","overlay-opacity":"","overlay-gradient":""},"tablet":{"background-color":"var(--ast-global-color-5)","background-image":"","background-repeat":"repeat","background-position":"center center","background-size":"auto","background-attachment":"scroll","background-type":"","background-media":"","overlay-type":"","overlay-color":"","overlay-opacity":"","overlay-gradient":""},"mobile":{"background-color":"var(--ast-global-color-5)","background-image":"","background-repeat":"repeat","background-position":"center center","background-size":"auto","background-attachment":"scroll","background-type":"","background-media":"","overlay-type":"","overlay-color":"","overlay-opacity":"","overlay-gradient":""}}},"product_brand":[],"product_cat":[58],"product_tag":[98,101,99,81,100,97],"class_list":{"0":"post-5490","1":"product","2":"type-product","3":"status-publish","4":"has-post-thumbnail","6":"product_cat-ebook-vs-livres-electroniques","7":"product_tag-ecoles","8":"product_tag-etranger","9":"product_tag-etudiants","10":"product_tag-immigration","11":"product_tag-parents","12":"product_tag-universites","13":"desktop-align-left","14":"tablet-align-left","15":"mobile-align-left","17":"first","18":"instock","19":"sale","20":"downloadable","21":"shipping-taxable","22":"purchasable","23":"product-type-simple"},"yoast_head":"<!-- This site is optimized with the Yoast SEO plugin v23.0 - https:\/\/yoast.com\/wordpress\/plugins\/seo\/ -->\n<title>Coll\u00e8ges et instituts canadiens qui acceptent des \u00e9tudiants internationaux - Prudence Digital Products Store<\/title>\n<meta name=\"description\" content=\"D\u00e9couvrez notre liste compl\u00e8te desColl\u00e8ges &amp; instituts canadiens accueillant des \u00e9tudiants internationaux. Simplifiez votre recherche d\u2019\u00e9tablissement, explorez les opportunit\u00e9s de travail post-dipl\u00f4me, et bien plus encore.\" \/>\n<meta name=\"robots\" content=\"noindex, follow, max-snippet:-1, max-image-preview:large, max-video-preview:-1\" \/>\n<meta property=\"og:locale\" content=\"fr_FR\" \/>\n<meta property=\"og:type\" content=\"article\" \/>\n<meta property=\"og:title\" content=\"Coll\u00e8ges et instituts canadiens qui acceptent des \u00e9tudiants internationaux - Prudence Digital Products Store\" \/>\n<meta property=\"og:description\" content=\"D\u00e9couvrez notre liste compl\u00e8te desColl\u00e8ges &amp; instituts canadiens accueillant des \u00e9tudiants internationaux. Simplifiez votre recherche d\u2019\u00e9tablissement, explorez les opportunit\u00e9s de travail post-dipl\u00f4me, et bien plus encore.\" \/>\n<meta property=\"og:url\" content=\"https:\/\/prudencevirtualsolutions.store\/fr\/produit\/colleges-et-instituts-canadiens-qui-acceptent-des-etudiants-internationaux\/\" \/>\n<meta property=\"og:site_name\" content=\"Prudence Digital Products Store\" \/>\n<meta property=\"article:modified_time\" content=\"2024-10-11T03:58:11+00:00\" \/>\n<meta property=\"og:image\" content=\"https:\/\/prudencevirtualsolutions.store\/wp-content\/uploads\/2024\/08\/Liste-des-colleges-et-instituts.png\" \/>\n\t<meta property=\"og:image:width\" content=\"1080\" \/>\n\t<meta property=\"og:image:height\" content=\"1080\" \/>\n\t<meta property=\"og:image:type\" content=\"image\/png\" \/>\n<meta name=\"twitter:card\" content=\"summary_large_image\" \/>\n<meta name=\"twitter:label1\" content=\"Dur\u00e9e de lecture estim\u00e9e\" \/>\n\t<meta name=\"twitter:data1\" content=\"1 minute\" \/>\n<script type=\"application\/ld+json\" class=\"yoast-schema-graph\">{\"@context\":\"https:\/\/schema.org\",\"@graph\":[{\"@type\":\"WebPage\",\"@id\":\"https:\/\/prudencevirtualsolutions.store\/product\/colleges-et-instituts-canadiens-qui-acceptent-des-etudiants-internationaux\/\",\"url\":\"https:\/\/prudencevirtualsolutions.store\/product\/colleges-et-instituts-canadiens-qui-acceptent-des-etudiants-internationaux\/\",\"name\":\"Coll\u00e8ges et instituts canadiens qui acceptent des \u00e9tudiants internationaux - Prudence Digital Products Store\",\"isPartOf\":{\"@id\":\"https:\/\/prudencevirtualsolutions.store\/#website\"},\"primaryImageOfPage\":{\"@id\":\"https:\/\/prudencevirtualsolutions.store\/product\/colleges-et-instituts-canadiens-qui-acceptent-des-etudiants-internationaux\/#primaryimage\"},\"image\":{\"@id\":\"https:\/\/prudencevirtualsolutions.store\/product\/colleges-et-instituts-canadiens-qui-acceptent-des-etudiants-internationaux\/#primaryimage\"},\"thumbnailUrl\":\"https:\/\/prudencevirtualsolutions.store\/wp-content\/uploads\/2024\/08\/Liste-des-colleges-et-instituts.png\",\"datePublished\":\"2024-08-30T21:03:23+00:00\",\"dateModified\":\"2024-10-11T03:58:11+00:00\",\"description\":\"D\u00e9couvrez notre liste compl\u00e8te desColl\u00e8ges & instituts canadiens accueillant des \u00e9tudiants internationaux. Simplifiez votre recherche d\u2019\u00e9tablissement, explorez les opportunit\u00e9s de travail post-dipl\u00f4me, et bien plus encore.\",\"breadcrumb\":{\"@id\":\"https:\/\/prudencevirtualsolutions.store\/product\/colleges-et-instituts-canadiens-qui-acceptent-des-etudiants-internationaux\/#breadcrumb\"},\"inLanguage\":\"fr-FR\",\"potentialAction\":[{\"@type\":\"ReadAction\",\"target\":[\"https:\/\/prudencevirtualsolutions.store\/product\/colleges-et-instituts-canadiens-qui-acceptent-des-etudiants-internationaux\/\"]}]},{\"@type\":\"ImageObject\",\"inLanguage\":\"fr-FR\",\"@id\":\"https:\/\/prudencevirtualsolutions.store\/product\/colleges-et-instituts-canadiens-qui-acceptent-des-etudiants-internationaux\/#primaryimage\",\"url\":\"https:\/\/prudencevirtualsolutions.store\/wp-content\/uploads\/2024\/08\/Liste-des-colleges-et-instituts.png\",\"contentUrl\":\"https:\/\/prudencevirtualsolutions.store\/wp-content\/uploads\/2024\/08\/Liste-des-colleges-et-instituts.png\",\"width\":1080,\"height\":1080},{\"@type\":\"BreadcrumbList\",\"@id\":\"https:\/\/prudencevirtualsolutions.store\/product\/colleges-et-instituts-canadiens-qui-acceptent-des-etudiants-internationaux\/#breadcrumb\",\"itemListElement\":[{\"@type\":\"ListItem\",\"position\":1,\"name\":\"Home\",\"item\":\"https:\/\/prudencevirtualsolutions.store\/\"},{\"@type\":\"ListItem\",\"position\":2,\"name\":\"Shop\",\"item\":\"https:\/\/prudencevirtualsolutions.store\/shop\/\"},{\"@type\":\"ListItem\",\"position\":3,\"name\":\"Coll\u00e8ges et instituts canadiens qui acceptent des \u00e9tudiants internationaux\"}]},{\"@type\":\"WebSite\",\"@id\":\"https:\/\/prudencevirtualsolutions.store\/#website\",\"url\":\"https:\/\/prudencevirtualsolutions.store\/\",\"name\":\"Prudence Digital Products Store\",\"description\":\"Time-saving with digital products\",\"potentialAction\":[{\"@type\":\"SearchAction\",\"target\":{\"@type\":\"EntryPoint\",\"urlTemplate\":\"https:\/\/prudencevirtualsolutions.store\/?s={search_term_string}\"},\"query-input\":\"required name=search_term_string\"}],\"inLanguage\":\"fr-FR\"}]}<\/script>\n<!-- \/ Yoast SEO plugin. -->","yoast_head_json":{"title":"Coll\u00e8ges et instituts canadiens qui acceptent des \u00e9tudiants internationaux - Prudence Digital Products Store","description":"D\u00e9couvrez notre liste compl\u00e8te desColl\u00e8ges & instituts canadiens accueillant des \u00e9tudiants internationaux. Simplifiez votre recherche d\u2019\u00e9tablissement, explorez les opportunit\u00e9s de travail post-dipl\u00f4me, et bien plus encore.","robots":{"index":"noindex","follow":"follow","max-snippet":"max-snippet:-1","max-image-preview":"max-image-preview:large","max-video-preview":"max-video-preview:-1"},"og_locale":"fr_FR","og_type":"article","og_title":"Coll\u00e8ges et instituts canadiens qui acceptent des \u00e9tudiants internationaux - Prudence Digital Products Store","og_description":"D\u00e9couvrez notre liste compl\u00e8te desColl\u00e8ges & instituts canadiens accueillant des \u00e9tudiants internationaux. Simplifiez votre recherche d\u2019\u00e9tablissement, explorez les opportunit\u00e9s de travail post-dipl\u00f4me, et bien plus encore.","og_url":"https:\/\/prudencevirtualsolutions.store\/fr\/produit\/colleges-et-instituts-canadiens-qui-acceptent-des-etudiants-internationaux\/","og_site_name":"Prudence Digital Products Store","article_modified_time":"2024-10-11T03:58:11+00:00","og_image":[{"width":1080,"height":1080,"url":"https:\/\/prudencevirtualsolutions.store\/wp-content\/uploads\/2024\/08\/Liste-des-colleges-et-instituts.png","type":"image\/png"}],"twitter_card":"summary_large_image","twitter_misc":{"Dur\u00e9e de lecture estim\u00e9e":"1 minute"},"schema":{"@context":"https:\/\/schema.org","@graph":[{"@type":"WebPage","@id":"https:\/\/prudencevirtualsolutions.store\/product\/colleges-et-instituts-canadiens-qui-acceptent-des-etudiants-internationaux\/","url":"https:\/\/prudencevirtualsolutions.store\/product\/colleges-et-instituts-canadiens-qui-acceptent-des-etudiants-internationaux\/","name":"Coll\u00e8ges et instituts canadiens qui acceptent des \u00e9tudiants internationaux - Prudence Digital Products Store","isPartOf":{"@id":"https:\/\/prudencevirtualsolutions.store\/#website"},"primaryImageOfPage":{"@id":"https:\/\/prudencevirtualsolutions.store\/product\/colleges-et-instituts-canadiens-qui-acceptent-des-etudiants-internationaux\/#primaryimage"},"image":{"@id":"https:\/\/prudencevirtualsolutions.store\/product\/colleges-et-instituts-canadiens-qui-acceptent-des-etudiants-internationaux\/#primaryimage"},"thumbnailUrl":"https:\/\/prudencevirtualsolutions.store\/wp-content\/uploads\/2024\/08\/Liste-des-colleges-et-instituts.png","datePublished":"2024-08-30T21:03:23+00:00","dateModified":"2024-10-11T03:58:11+00:00","description":"D\u00e9couvrez notre liste compl\u00e8te desColl\u00e8ges & instituts canadiens accueillant des \u00e9tudiants internationaux. Simplifiez votre recherche d\u2019\u00e9tablissement, explorez les opportunit\u00e9s de travail post-dipl\u00f4me, et bien plus encore.","breadcrumb":{"@id":"https:\/\/prudencevirtualsolutions.store\/product\/colleges-et-instituts-canadiens-qui-acceptent-des-etudiants-internationaux\/#breadcrumb"},"inLanguage":"fr-FR","potentialAction":[{"@type":"ReadAction","target":["https:\/\/prudencevirtualsolutions.store\/product\/colleges-et-instituts-canadiens-qui-acceptent-des-etudiants-internationaux\/"]}]},{"@type":"ImageObject","inLanguage":"fr-FR","@id":"https:\/\/prudencevirtualsolutions.store\/product\/colleges-et-instituts-canadiens-qui-acceptent-des-etudiants-internationaux\/#primaryimage","url":"https:\/\/prudencevirtualsolutions.store\/wp-content\/uploads\/2024\/08\/Liste-des-colleges-et-instituts.png","contentUrl":"https:\/\/prudencevirtualsolutions.store\/wp-content\/uploads\/2024\/08\/Liste-des-colleges-et-instituts.png","width":1080,"height":1080},{"@type":"BreadcrumbList","@id":"https:\/\/prudencevirtualsolutions.store\/product\/colleges-et-instituts-canadiens-qui-acceptent-des-etudiants-internationaux\/#breadcrumb","itemListElement":[{"@type":"ListItem","position":1,"name":"Home","item":"https:\/\/prudencevirtualsolutions.store\/"},{"@type":"ListItem","position":2,"name":"Shop","item":"https:\/\/prudencevirtualsolutions.store\/shop\/"},{"@type":"ListItem","position":3,"name":"Coll\u00e8ges et instituts canadiens qui acceptent des \u00e9tudiants internationaux"}]},{"@type":"WebSite","@id":"https:\/\/prudencevirtualsolutions.store\/#website","url":"https:\/\/prudencevirtualsolutions.store\/","name":"Prudence Digital Products Store","description":"Time-saving with digital products","potentialAction":[{"@type":"SearchAction","target":{"@type":"EntryPoint","urlTemplate":"https:\/\/prudencevirtualsolutions.store\/?s={search_term_string}"},"query-input":"required name=search_term_string"}],"inLanguage":"fr-FR"}]}},"_links":{"self":[{"href":"https:\/\/prudencevirtualsolutions.store\/fr\/wp-json\/wp\/v2\/product\/5490","targetHints":{"allow":["GET"]}}],"collection":[{"href":"https:\/\/prudencevirtualsolutions.store\/fr\/wp-json\/wp\/v2\/product"}],"about":[{"href":"https:\/\/prudencevirtualsolutions.store\/fr\/wp-json\/wp\/v2\/types\/product"}],"replies":[{"embeddable":true,"href":"https:\/\/prudencevirtualsolutions.store\/fr\/wp-json\/wp\/v2\/comments?post=5490"}],"version-history":[{"count":0,"href":"https:\/\/prudencevirtualsolutions.store\/fr\/wp-json\/wp\/v2\/product\/5490\/revisions"}],"wp:featuredmedia":[{"embeddable":true,"href":"https:\/\/prudencevirtualsolutions.store\/fr\/wp-json\/wp\/v2\/media\/5492"}],"wp:attachment":[{"href":"https:\/\/prudencevirtualsolutions.store\/fr\/wp-json\/wp\/v2\/media?parent=5490"}],"wp:term":[{"taxonomy":"product_brand","embeddable":true,"href":"https:\/\/prudencevirtualsolutions.store\/fr\/wp-json\/wp\/v2\/product_brand?post=5490"},{"taxonomy":"product_cat","embeddable":true,"href":"https:\/\/prudencevirtualsolutions.store\/fr\/wp-json\/wp\/v2\/product_cat?post=5490"},{"taxonomy":"product_tag","embeddable":true,"href":"https:\/\/prudencevirtualsolutions.store\/fr\/wp-json\/wp\/v2\/product_tag?post=5490"}],"curies":[{"name":"wp","href":"https:\/\/api.w.org\/{rel}","templated":true}]}}