{"id":5496,"date":"2024-08-31T15:35:59","date_gmt":"2024-08-31T15:35:59","guid":{"rendered":"https:\/\/prudencevirtualsolutions.store\/?post_type=product&#038;p=5496"},"modified":"2024-09-06T16:04:15","modified_gmt":"2024-09-06T16:04:15","slug":"liste-ecoles-publiques-internationales-qui-acceptent-des-etudiants-internationaux","status":"publish","type":"product","link":"https:\/\/prudencevirtualsolutions.store\/fr\/produit\/liste-ecoles-publiques-internationales-qui-acceptent-des-etudiants-internationaux\/","title":{"rendered":"Liste \u00e9coles publiques internationales qui acceptent des \u00e9tudiants internationaux"},"content":{"rendered":"<p>Cette liste exhaustive des \u00e9coles publiques internationales au Canada est un outil pr\u00e9cieux pour les \u00e9tudiants et leurs familles, simplifiant la recherche de l\u2019\u00e9tablissement id\u00e9al pour \u00e9tudier au Canada. En fr\u00e9quentant ces \u00e9coles, les \u00e9tudiants internationaux b\u00e9n\u00e9ficient d\u2019une \u00e9ducation de qualit\u00e9, d\u2019opportunit\u00e9s de travail post-dipl\u00f4me et d\u2019un processus acc\u00e9l\u00e9r\u00e9 vers la r\u00e9sidence permanente. Les \u00e9coles offrent un environnement d\u2019apprentissage dynamique et sont con\u00e7ues pour accueillir des \u00e9tudiants de divers horizons culturels, permettant ainsi une int\u00e9gration dans un syst\u00e8me \u00e9ducatif r\u00e9put\u00e9 et la pr\u00e9paration d\u2019un avenir professionnel prometteur.<\/p>","protected":false},"excerpt":{"rendered":"<p>D\u00e9couvrez notre liste compl\u00e8te des \u00e9coles publiques internationales au Canada, con\u00e7ue pour aider les \u00e9tudiants internationaux \u00e0 trouver l\u2019\u00e9tablissement id\u00e9al. Ces \u00e9coles offrent une \u00e9ducation de qualit\u00e9, des opportunit\u00e9s de travail post-dipl\u00f4me et un chemin vers la r\u00e9sidence permanente, tout en accueillant des \u00e9tudiants de divers horizons culturels.<\/p>","protected":false},"featured_media":5498,"comment_status":"open","ping_status":"closed","template":"","meta":{"om_disable_all_campaigns":false,"site-sidebar-layout":"default","site-content-layout":"","ast-site-content-layout":"default","site-content-style":"default","site-sidebar-style":"default","ast-global-header-display":"","ast-banner-title-visibility":"","ast-main-header-display":"","ast-hfb-above-header-display":"","ast-hfb-below-header-display":"","ast-hfb-mobile-header-display":"","site-post-title":"","ast-breadcrumbs-content":"","ast-featured-img":"","footer-sml-layout":"","theme-transparent-header-meta":"default","adv-header-id-meta":"","stick-header-meta":"","header-above-stick-meta":"","header-main-stick-meta":"","header-below-stick-meta":"","astra-migrate-meta-layouts":"set","ast-page-background-enabled":"default","ast-page-background-meta":{"desktop":{"background-color":"var(--ast-global-color-4)","background-image":"","background-repeat":"repeat","background-position":"center center","background-size":"auto","background-attachment":"scroll","background-type":"","background-media":"","overlay-type":"","overlay-color":"","overlay-opacity":"","overlay-gradient":""},"tablet":{"background-color":"","background-image":"","background-repeat":"repeat","background-position":"center center","background-size":"auto","background-attachment":"scroll","background-type":"","background-media":"","overlay-type":"","overlay-color":"","overlay-opacity":"","overlay-gradient":""},"mobile":{"background-color":"","background-image":"","background-repeat":"repeat","background-position":"center center","background-size":"auto","background-attachment":"scroll","background-type":"","background-media":"","overlay-type":"","overlay-color":"","overlay-opacity":"","overlay-gradient":""}},"ast-content-background-meta":{"desktop":{"background-color":"var(--ast-global-color-5)","background-image":"","background-repeat":"repeat","background-position":"center center","background-size":"auto","background-attachment":"scroll","background-type":"","background-media":"","overlay-type":"","overlay-color":"","overlay-opacity":"","overlay-gradient":""},"tablet":{"background-color":"var(--ast-global-color-5)","background-image":"","background-repeat":"repeat","background-position":"center center","background-size":"auto","background-attachment":"scroll","background-type":"","background-media":"","overlay-type":"","overlay-color":"","overlay-opacity":"","overlay-gradient":""},"mobile":{"background-color":"var(--ast-global-color-5)","background-image":"","background-repeat":"repeat","background-position":"center center","background-size":"auto","background-attachment":"scroll","background-type":"","background-media":"","overlay-type":"","overlay-color":"","overlay-opacity":"","overlay-gradient":""}}},"product_brand":[],"product_cat":[58],"product_tag":[102,104,103,106,105],"class_list":{"0":"post-5496","1":"product","2":"type-product","3":"status-publish","4":"has-post-thumbnail","6":"product_cat-ebook-vs-livres-electroniques","7":"product_tag-ecoles-publiques-internationales-canada","8":"product_tag-education-de-qualite","9":"product_tag-etudiants-internationaux","10":"product_tag-residence-permanente","11":"product_tag-travail-post-diplome","12":"desktop-align-left","13":"tablet-align-left","14":"mobile-align-left","16":"first","17":"instock","18":"sale","19":"downloadable","20":"shipping-taxable","21":"purchasable","22":"product-type-simple"},"yoast_head":"<!-- This site is optimized with the Yoast SEO plugin v23.0 - https:\/\/yoast.com\/wordpress\/plugins\/seo\/ -->\n<title>Liste \u00e9coles publiques internationales qui acceptent des \u00e9tudiants internationaux - Prudence Digital Products Store<\/title>\n<meta name=\"description\" content=\"D\u00e9couvrez notre liste compl\u00e8te des \u00e9coles publiques internationales au Canada qui acceptent des \u00e9tudiants internationaux. Trouvez l\u2019\u00e9tablissement id\u00e9al pour vos \u00e9tudes et explorez les opportunit\u00e9s de travail post-dipl\u00f4me et de r\u00e9sidence permanente.\" \/>\n<meta name=\"robots\" content=\"noindex, follow, max-snippet:-1, max-image-preview:large, max-video-preview:-1\" \/>\n<meta property=\"og:locale\" content=\"fr_FR\" \/>\n<meta property=\"og:type\" content=\"article\" \/>\n<meta property=\"og:title\" content=\"Liste \u00e9coles publiques internationales qui acceptent des \u00e9tudiants internationaux - Prudence Digital Products Store\" \/>\n<meta property=\"og:description\" content=\"D\u00e9couvrez notre liste compl\u00e8te des \u00e9coles publiques internationales au Canada qui acceptent des \u00e9tudiants internationaux. Trouvez l\u2019\u00e9tablissement id\u00e9al pour vos \u00e9tudes et explorez les opportunit\u00e9s de travail post-dipl\u00f4me et de r\u00e9sidence permanente.\" \/>\n<meta property=\"og:url\" content=\"https:\/\/prudencevirtualsolutions.store\/fr\/produit\/liste-ecoles-publiques-internationales-qui-acceptent-des-etudiants-internationaux\/\" \/>\n<meta property=\"og:site_name\" content=\"Prudence Digital Products Store\" \/>\n<meta property=\"article:modified_time\" content=\"2024-09-06T16:04:15+00:00\" \/>\n<meta property=\"og:image\" content=\"https:\/\/prudencevirtualsolutions.store\/wp-content\/uploads\/2024\/08\/3.png\" \/>\n\t<meta property=\"og:image:width\" content=\"1080\" \/>\n\t<meta property=\"og:image:height\" content=\"1080\" \/>\n\t<meta property=\"og:image:type\" content=\"image\/png\" \/>\n<meta name=\"twitter:card\" content=\"summary_large_image\" \/>\n<meta name=\"twitter:label1\" content=\"Dur\u00e9e de lecture estim\u00e9e\" \/>\n\t<meta name=\"twitter:data1\" content=\"1 minute\" \/>\n<script type=\"application\/ld+json\" class=\"yoast-schema-graph\">{\"@context\":\"https:\/\/schema.org\",\"@graph\":[{\"@type\":\"WebPage\",\"@id\":\"https:\/\/prudencevirtualsolutions.store\/product\/liste-ecoles-publiques-internationales-qui-acceptent-des-etudiants-internationaux\/\",\"url\":\"https:\/\/prudencevirtualsolutions.store\/product\/liste-ecoles-publiques-internationales-qui-acceptent-des-etudiants-internationaux\/\",\"name\":\"Liste \u00e9coles publiques internationales qui acceptent des \u00e9tudiants internationaux - Prudence Digital Products Store\",\"isPartOf\":{\"@id\":\"https:\/\/prudencevirtualsolutions.store\/#website\"},\"primaryImageOfPage\":{\"@id\":\"https:\/\/prudencevirtualsolutions.store\/product\/liste-ecoles-publiques-internationales-qui-acceptent-des-etudiants-internationaux\/#primaryimage\"},\"image\":{\"@id\":\"https:\/\/prudencevirtualsolutions.store\/product\/liste-ecoles-publiques-internationales-qui-acceptent-des-etudiants-internationaux\/#primaryimage\"},\"thumbnailUrl\":\"https:\/\/prudencevirtualsolutions.store\/wp-content\/uploads\/2024\/08\/3.png\",\"datePublished\":\"2024-08-31T15:35:59+00:00\",\"dateModified\":\"2024-09-06T16:04:15+00:00\",\"description\":\"D\u00e9couvrez notre liste compl\u00e8te des \u00e9coles publiques internationales au Canada qui acceptent des \u00e9tudiants internationaux. Trouvez l\u2019\u00e9tablissement id\u00e9al pour vos \u00e9tudes et explorez les opportunit\u00e9s de travail post-dipl\u00f4me et de r\u00e9sidence permanente.\",\"breadcrumb\":{\"@id\":\"https:\/\/prudencevirtualsolutions.store\/product\/liste-ecoles-publiques-internationales-qui-acceptent-des-etudiants-internationaux\/#breadcrumb\"},\"inLanguage\":\"fr-FR\",\"potentialAction\":[{\"@type\":\"ReadAction\",\"target\":[\"https:\/\/prudencevirtualsolutions.store\/product\/liste-ecoles-publiques-internationales-qui-acceptent-des-etudiants-internationaux\/\"]}]},{\"@type\":\"ImageObject\",\"inLanguage\":\"fr-FR\",\"@id\":\"https:\/\/prudencevirtualsolutions.store\/product\/liste-ecoles-publiques-internationales-qui-acceptent-des-etudiants-internationaux\/#primaryimage\",\"url\":\"https:\/\/prudencevirtualsolutions.store\/wp-content\/uploads\/2024\/08\/3.png\",\"contentUrl\":\"https:\/\/prudencevirtualsolutions.store\/wp-content\/uploads\/2024\/08\/3.png\",\"width\":1080,\"height\":1080},{\"@type\":\"BreadcrumbList\",\"@id\":\"https:\/\/prudencevirtualsolutions.store\/product\/liste-ecoles-publiques-internationales-qui-acceptent-des-etudiants-internationaux\/#breadcrumb\",\"itemListElement\":[{\"@type\":\"ListItem\",\"position\":1,\"name\":\"Home\",\"item\":\"https:\/\/prudencevirtualsolutions.store\/\"},{\"@type\":\"ListItem\",\"position\":2,\"name\":\"Shop\",\"item\":\"https:\/\/prudencevirtualsolutions.store\/shop\/\"},{\"@type\":\"ListItem\",\"position\":3,\"name\":\"Liste \u00e9coles publiques internationales qui acceptent des \u00e9tudiants internationaux\"}]},{\"@type\":\"WebSite\",\"@id\":\"https:\/\/prudencevirtualsolutions.store\/#website\",\"url\":\"https:\/\/prudencevirtualsolutions.store\/\",\"name\":\"Prudence Digital Products Store\",\"description\":\"Time-saving with digital products\",\"potentialAction\":[{\"@type\":\"SearchAction\",\"target\":{\"@type\":\"EntryPoint\",\"urlTemplate\":\"https:\/\/prudencevirtualsolutions.store\/?s={search_term_string}\"},\"query-input\":\"required name=search_term_string\"}],\"inLanguage\":\"fr-FR\"}]}<\/script>\n<!-- \/ Yoast SEO plugin. -->","yoast_head_json":{"title":"Liste \u00e9coles publiques internationales qui acceptent des \u00e9tudiants internationaux - Prudence Digital Products Store","description":"D\u00e9couvrez notre liste compl\u00e8te des \u00e9coles publiques internationales au Canada qui acceptent des \u00e9tudiants internationaux. Trouvez l\u2019\u00e9tablissement id\u00e9al pour vos \u00e9tudes et explorez les opportunit\u00e9s de travail post-dipl\u00f4me et de r\u00e9sidence permanente.","robots":{"index":"noindex","follow":"follow","max-snippet":"max-snippet:-1","max-image-preview":"max-image-preview:large","max-video-preview":"max-video-preview:-1"},"og_locale":"fr_FR","og_type":"article","og_title":"Liste \u00e9coles publiques internationales qui acceptent des \u00e9tudiants internationaux - Prudence Digital Products Store","og_description":"D\u00e9couvrez notre liste compl\u00e8te des \u00e9coles publiques internationales au Canada qui acceptent des \u00e9tudiants internationaux. Trouvez l\u2019\u00e9tablissement id\u00e9al pour vos \u00e9tudes et explorez les opportunit\u00e9s de travail post-dipl\u00f4me et de r\u00e9sidence permanente.","og_url":"https:\/\/prudencevirtualsolutions.store\/fr\/produit\/liste-ecoles-publiques-internationales-qui-acceptent-des-etudiants-internationaux\/","og_site_name":"Prudence Digital Products Store","article_modified_time":"2024-09-06T16:04:15+00:00","og_image":[{"width":1080,"height":1080,"url":"https:\/\/prudencevirtualsolutions.store\/wp-content\/uploads\/2024\/08\/3.png","type":"image\/png"}],"twitter_card":"summary_large_image","twitter_misc":{"Dur\u00e9e de lecture estim\u00e9e":"1 minute"},"schema":{"@context":"https:\/\/schema.org","@graph":[{"@type":"WebPage","@id":"https:\/\/prudencevirtualsolutions.store\/product\/liste-ecoles-publiques-internationales-qui-acceptent-des-etudiants-internationaux\/","url":"https:\/\/prudencevirtualsolutions.store\/product\/liste-ecoles-publiques-internationales-qui-acceptent-des-etudiants-internationaux\/","name":"Liste \u00e9coles publiques internationales qui acceptent des \u00e9tudiants internationaux - Prudence Digital Products Store","isPartOf":{"@id":"https:\/\/prudencevirtualsolutions.store\/#website"},"primaryImageOfPage":{"@id":"https:\/\/prudencevirtualsolutions.store\/product\/liste-ecoles-publiques-internationales-qui-acceptent-des-etudiants-internationaux\/#primaryimage"},"image":{"@id":"https:\/\/prudencevirtualsolutions.store\/product\/liste-ecoles-publiques-internationales-qui-acceptent-des-etudiants-internationaux\/#primaryimage"},"thumbnailUrl":"https:\/\/prudencevirtualsolutions.store\/wp-content\/uploads\/2024\/08\/3.png","datePublished":"2024-08-31T15:35:59+00:00","dateModified":"2024-09-06T16:04:15+00:00","description":"D\u00e9couvrez notre liste compl\u00e8te des \u00e9coles publiques internationales au Canada qui acceptent des \u00e9tudiants internationaux. Trouvez l\u2019\u00e9tablissement id\u00e9al pour vos \u00e9tudes et explorez les opportunit\u00e9s de travail post-dipl\u00f4me et de r\u00e9sidence permanente.","breadcrumb":{"@id":"https:\/\/prudencevirtualsolutions.store\/product\/liste-ecoles-publiques-internationales-qui-acceptent-des-etudiants-internationaux\/#breadcrumb"},"inLanguage":"fr-FR","potentialAction":[{"@type":"ReadAction","target":["https:\/\/prudencevirtualsolutions.store\/product\/liste-ecoles-publiques-internationales-qui-acceptent-des-etudiants-internationaux\/"]}]},{"@type":"ImageObject","inLanguage":"fr-FR","@id":"https:\/\/prudencevirtualsolutions.store\/product\/liste-ecoles-publiques-internationales-qui-acceptent-des-etudiants-internationaux\/#primaryimage","url":"https:\/\/prudencevirtualsolutions.store\/wp-content\/uploads\/2024\/08\/3.png","contentUrl":"https:\/\/prudencevirtualsolutions.store\/wp-content\/uploads\/2024\/08\/3.png","width":1080,"height":1080},{"@type":"BreadcrumbList","@id":"https:\/\/prudencevirtualsolutions.store\/product\/liste-ecoles-publiques-internationales-qui-acceptent-des-etudiants-internationaux\/#breadcrumb","itemListElement":[{"@type":"ListItem","position":1,"name":"Home","item":"https:\/\/prudencevirtualsolutions.store\/"},{"@type":"ListItem","position":2,"name":"Shop","item":"https:\/\/prudencevirtualsolutions.store\/shop\/"},{"@type":"ListItem","position":3,"name":"Liste \u00e9coles publiques internationales qui acceptent des \u00e9tudiants internationaux"}]},{"@type":"WebSite","@id":"https:\/\/prudencevirtualsolutions.store\/#website","url":"https:\/\/prudencevirtualsolutions.store\/","name":"Prudence Digital Products Store","description":"Time-saving with digital products","potentialAction":[{"@type":"SearchAction","target":{"@type":"EntryPoint","urlTemplate":"https:\/\/prudencevirtualsolutions.store\/?s={search_term_string}"},"query-input":"required name=search_term_string"}],"inLanguage":"fr-FR"}]}},"_links":{"self":[{"href":"https:\/\/prudencevirtualsolutions.store\/fr\/wp-json\/wp\/v2\/product\/5496","targetHints":{"allow":["GET"]}}],"collection":[{"href":"https:\/\/prudencevirtualsolutions.store\/fr\/wp-json\/wp\/v2\/product"}],"about":[{"href":"https:\/\/prudencevirtualsolutions.store\/fr\/wp-json\/wp\/v2\/types\/product"}],"replies":[{"embeddable":true,"href":"https:\/\/prudencevirtualsolutions.store\/fr\/wp-json\/wp\/v2\/comments?post=5496"}],"version-history":[{"count":0,"href":"https:\/\/prudencevirtualsolutions.store\/fr\/wp-json\/wp\/v2\/product\/5496\/revisions"}],"wp:featuredmedia":[{"embeddable":true,"href":"https:\/\/prudencevirtualsolutions.store\/fr\/wp-json\/wp\/v2\/media\/5498"}],"wp:attachment":[{"href":"https:\/\/prudencevirtualsolutions.store\/fr\/wp-json\/wp\/v2\/media?parent=5496"}],"wp:term":[{"taxonomy":"product_brand","embeddable":true,"href":"https:\/\/prudencevirtualsolutions.store\/fr\/wp-json\/wp\/v2\/product_brand?post=5496"},{"taxonomy":"product_cat","embeddable":true,"href":"https:\/\/prudencevirtualsolutions.store\/fr\/wp-json\/wp\/v2\/product_cat?post=5496"},{"taxonomy":"product_tag","embeddable":true,"href":"https:\/\/prudencevirtualsolutions.store\/fr\/wp-json\/wp\/v2\/product_tag?post=5496"}],"curies":[{"name":"wp","href":"https:\/\/api.w.org\/{rel}","templated":true}]}}