{"id":5501,"date":"2024-08-31T16:12:35","date_gmt":"2024-08-31T16:12:35","guid":{"rendered":"https:\/\/prudencevirtualsolutions.store\/?post_type=product&#038;p=5501"},"modified":"2024-09-06T16:02:17","modified_gmt":"2024-09-06T16:02:17","slug":"liste-des-ecole-de-langues-canada-qui-acceptent-des-etudiants-internationaux","status":"publish","type":"product","link":"https:\/\/prudencevirtualsolutions.store\/fr\/produit\/liste-des-ecole-de-langues-canada-qui-acceptent-des-etudiants-internationaux\/","title":{"rendered":"Liste des \u00e9coles de Langues Canada  qui acceptent des \u00e9tudiants internationaux"},"content":{"rendered":"<div class=\"flex-shrink-0 flex flex-col relative items-end\">\n<div>\n<div class=\"pt-0\">\n<div class=\"gizmo-bot-avatar flex h-8 w-8 items-center justify-center overflow-hidden rounded-full\">\n<div class=\"relative p-1 rounded-sm flex items-center justify-center bg-token-main-surface-primary text-token-text-primary h-8 w-8\"><\/div>\n<\/div>\n<\/div>\n<\/div>\n<\/div>\n<div class=\"group\/conversation-turn relative flex w-full min-w-0 flex-col agent-turn\">\n<div class=\"flex-col gap-1 md:gap-3\">\n<div class=\"flex max-w-full flex-col flex-grow\">\n<div class=\"min-h-[20px] text-message flex w-full flex-col items-end gap-2 break-words [.text-message+&amp;]:mt-5 overflow-x-auto whitespace-normal\" dir=\"auto\" data-message-author-role=\"assistant\" data-message-id=\"62a52ca2-590f-4e40-9969-e326f58251c0\">\n<div class=\"flex w-full flex-col gap-1 empty:hidden first:pt-[3px]\">\n<div class=\"markdown prose w-full break-words dark:prose-invert light\">\n<p>Cette liste exhaustive des membres de Langues Canada accueillant des \u00e9tudiants internationaux est un outil indispensable pour les \u00e9tudiants et leurs familles. Elle simplifie la recherche de l\u2019\u00e9tablissement id\u00e9al pour \u00e9tudier au Canada. En choisissant un \u00e9tablissement membre de Langues Canada, les \u00e9tudiants b\u00e9n\u00e9ficient d\u2019une immersion compl\u00e8te pour apprendre le fran\u00e7ais ou l&#8217;anglais, avec des m\u00e9thodes d\u2019enseignement modernes et interactives. Ils profitent \u00e9galement de la diversit\u00e9 culturelle et de la qualit\u00e9 de vie r\u00e9put\u00e9es du Canada. Ces \u00e9tablissements offrent un cadre dynamique, facilitant l\u2019int\u00e9gration dans un syst\u00e8me \u00e9ducatif prestigieux et pr\u00e9parant les \u00e9tudiants aux \u00e9tudes sup\u00e9rieures ainsi qu\u2019\u00e0 leur avenir professionnel.<\/p>\n<\/div>\n<\/div>\n<\/div>\n<\/div>\n<\/div>\n<\/div>","protected":false},"excerpt":{"rendered":"<p>Explorez notre liste des membres de Langues Canada qui acceptent des \u00e9tudiants internationaux. Trouvez un \u00e9tablissement id\u00e9al pour une immersion linguistique totale, un enseignement moderne et interactif, et vivez dans un environnement culturellement riche et de haute qualit\u00e9.<\/p>","protected":false},"featured_media":5504,"comment_status":"open","ping_status":"closed","template":"","meta":{"om_disable_all_campaigns":false,"site-sidebar-layout":"default","site-content-layout":"","ast-site-content-layout":"default","site-content-style":"default","site-sidebar-style":"default","ast-global-header-display":"","ast-banner-title-visibility":"","ast-main-header-display":"","ast-hfb-above-header-display":"","ast-hfb-below-header-display":"","ast-hfb-mobile-header-display":"","site-post-title":"","ast-breadcrumbs-content":"","ast-featured-img":"","footer-sml-layout":"","theme-transparent-header-meta":"default","adv-header-id-meta":"","stick-header-meta":"","header-above-stick-meta":"","header-main-stick-meta":"","header-below-stick-meta":"","astra-migrate-meta-layouts":"set","ast-page-background-enabled":"default","ast-page-background-meta":{"desktop":{"background-color":"var(--ast-global-color-4)","background-image":"","background-repeat":"repeat","background-position":"center center","background-size":"auto","background-attachment":"scroll","background-type":"","background-media":"","overlay-type":"","overlay-color":"","overlay-opacity":"","overlay-gradient":""},"tablet":{"background-color":"","background-image":"","background-repeat":"repeat","background-position":"center center","background-size":"auto","background-attachment":"scroll","background-type":"","background-media":"","overlay-type":"","overlay-color":"","overlay-opacity":"","overlay-gradient":""},"mobile":{"background-color":"","background-image":"","background-repeat":"repeat","background-position":"center center","background-size":"auto","background-attachment":"scroll","background-type":"","background-media":"","overlay-type":"","overlay-color":"","overlay-opacity":"","overlay-gradient":""}},"ast-content-background-meta":{"desktop":{"background-color":"var(--ast-global-color-5)","background-image":"","background-repeat":"repeat","background-position":"center center","background-size":"auto","background-attachment":"scroll","background-type":"","background-media":"","overlay-type":"","overlay-color":"","overlay-opacity":"","overlay-gradient":""},"tablet":{"background-color":"var(--ast-global-color-5)","background-image":"","background-repeat":"repeat","background-position":"center center","background-size":"auto","background-attachment":"scroll","background-type":"","background-media":"","overlay-type":"","overlay-color":"","overlay-opacity":"","overlay-gradient":""},"mobile":{"background-color":"var(--ast-global-color-5)","background-image":"","background-repeat":"repeat","background-position":"center center","background-size":"auto","background-attachment":"scroll","background-type":"","background-media":"","overlay-type":"","overlay-color":"","overlay-opacity":"","overlay-gradient":""}}},"product_brand":[],"product_cat":[58],"product_tag":[107,109,84,108],"class_list":{"0":"post-5501","1":"product","2":"type-product","3":"status-publish","4":"has-post-thumbnail","6":"product_cat-ebook-vs-livres-electroniques","7":"product_tag-ecoles-de-langue-pour-etudiants-internationaux","8":"product_tag-etablissements-educatifs-internationaux","9":"product_tag-etudier-au-canada","10":"product_tag-immersion-linguistique-au-canada","11":"desktop-align-left","12":"tablet-align-left","13":"mobile-align-left","15":"first","16":"instock","17":"sale","18":"downloadable","19":"shipping-taxable","20":"purchasable","21":"product-type-simple"},"yoast_head":"<!-- This site is optimized with the Yoast SEO plugin v23.0 - https:\/\/yoast.com\/wordpress\/plugins\/seo\/ -->\n<title>Liste des \u00e9coles de Langues Canada qui acceptent des \u00e9tudiants internationaux - Prudence Digital Products Store<\/title>\n<meta name=\"description\" content=\"D\u00e9couvrez notre liste des membres de Langues Canada qui acceptent des \u00e9tudiants internationaux. Trouvez l\u2019\u00e9tablissement id\u00e9al pour une immersion linguistique compl\u00e8te, b\u00e9n\u00e9ficiez d&#039;un enseignement moderne, et profitez de la diversit\u00e9 culturelle et de la qualit\u00e9 de vie au Canada.\" \/>\n<meta name=\"robots\" content=\"noindex, follow, max-snippet:-1, max-image-preview:large, max-video-preview:-1\" \/>\n<meta property=\"og:locale\" content=\"fr_FR\" \/>\n<meta property=\"og:type\" content=\"article\" \/>\n<meta property=\"og:title\" content=\"Liste des \u00e9coles de Langues Canada qui acceptent des \u00e9tudiants internationaux - Prudence Digital Products Store\" \/>\n<meta property=\"og:description\" content=\"D\u00e9couvrez notre liste des membres de Langues Canada qui acceptent des \u00e9tudiants internationaux. Trouvez l\u2019\u00e9tablissement id\u00e9al pour une immersion linguistique compl\u00e8te, b\u00e9n\u00e9ficiez d&#039;un enseignement moderne, et profitez de la diversit\u00e9 culturelle et de la qualit\u00e9 de vie au Canada.\" \/>\n<meta property=\"og:url\" content=\"https:\/\/prudencevirtualsolutions.store\/fr\/produit\/liste-des-ecole-de-langues-canada-qui-acceptent-des-etudiants-internationaux\/\" \/>\n<meta property=\"og:site_name\" content=\"Prudence Digital Products Store\" \/>\n<meta property=\"article:modified_time\" content=\"2024-09-06T16:02:17+00:00\" \/>\n<meta property=\"og:image\" content=\"https:\/\/prudencevirtualsolutions.store\/wp-content\/uploads\/2024\/08\/4.png\" \/>\n\t<meta property=\"og:image:width\" content=\"1080\" \/>\n\t<meta property=\"og:image:height\" content=\"1080\" \/>\n\t<meta property=\"og:image:type\" content=\"image\/png\" \/>\n<meta name=\"twitter:card\" content=\"summary_large_image\" \/>\n<meta name=\"twitter:label1\" content=\"Dur\u00e9e de lecture estim\u00e9e\" \/>\n\t<meta name=\"twitter:data1\" content=\"1 minute\" \/>\n<script type=\"application\/ld+json\" class=\"yoast-schema-graph\">{\"@context\":\"https:\/\/schema.org\",\"@graph\":[{\"@type\":\"WebPage\",\"@id\":\"https:\/\/prudencevirtualsolutions.store\/product\/liste-des-ecole-de-langues-canada-qui-acceptent-des-etudiants-internationaux\/\",\"url\":\"https:\/\/prudencevirtualsolutions.store\/product\/liste-des-ecole-de-langues-canada-qui-acceptent-des-etudiants-internationaux\/\",\"name\":\"Liste des \u00e9coles de Langues Canada qui acceptent des \u00e9tudiants internationaux - Prudence Digital Products Store\",\"isPartOf\":{\"@id\":\"https:\/\/prudencevirtualsolutions.store\/#website\"},\"primaryImageOfPage\":{\"@id\":\"https:\/\/prudencevirtualsolutions.store\/product\/liste-des-ecole-de-langues-canada-qui-acceptent-des-etudiants-internationaux\/#primaryimage\"},\"image\":{\"@id\":\"https:\/\/prudencevirtualsolutions.store\/product\/liste-des-ecole-de-langues-canada-qui-acceptent-des-etudiants-internationaux\/#primaryimage\"},\"thumbnailUrl\":\"https:\/\/prudencevirtualsolutions.store\/wp-content\/uploads\/2024\/08\/4.png\",\"datePublished\":\"2024-08-31T16:12:35+00:00\",\"dateModified\":\"2024-09-06T16:02:17+00:00\",\"description\":\"D\u00e9couvrez notre liste des membres de Langues Canada qui acceptent des \u00e9tudiants internationaux. Trouvez l\u2019\u00e9tablissement id\u00e9al pour une immersion linguistique compl\u00e8te, b\u00e9n\u00e9ficiez d'un enseignement moderne, et profitez de la diversit\u00e9 culturelle et de la qualit\u00e9 de vie au Canada.\",\"breadcrumb\":{\"@id\":\"https:\/\/prudencevirtualsolutions.store\/product\/liste-des-ecole-de-langues-canada-qui-acceptent-des-etudiants-internationaux\/#breadcrumb\"},\"inLanguage\":\"fr-FR\",\"potentialAction\":[{\"@type\":\"ReadAction\",\"target\":[\"https:\/\/prudencevirtualsolutions.store\/product\/liste-des-ecole-de-langues-canada-qui-acceptent-des-etudiants-internationaux\/\"]}]},{\"@type\":\"ImageObject\",\"inLanguage\":\"fr-FR\",\"@id\":\"https:\/\/prudencevirtualsolutions.store\/product\/liste-des-ecole-de-langues-canada-qui-acceptent-des-etudiants-internationaux\/#primaryimage\",\"url\":\"https:\/\/prudencevirtualsolutions.store\/wp-content\/uploads\/2024\/08\/4.png\",\"contentUrl\":\"https:\/\/prudencevirtualsolutions.store\/wp-content\/uploads\/2024\/08\/4.png\",\"width\":1080,\"height\":1080},{\"@type\":\"BreadcrumbList\",\"@id\":\"https:\/\/prudencevirtualsolutions.store\/product\/liste-des-ecole-de-langues-canada-qui-acceptent-des-etudiants-internationaux\/#breadcrumb\",\"itemListElement\":[{\"@type\":\"ListItem\",\"position\":1,\"name\":\"Home\",\"item\":\"https:\/\/prudencevirtualsolutions.store\/\"},{\"@type\":\"ListItem\",\"position\":2,\"name\":\"Shop\",\"item\":\"https:\/\/prudencevirtualsolutions.store\/shop\/\"},{\"@type\":\"ListItem\",\"position\":3,\"name\":\"Liste des \u00e9coles de Langues Canada qui acceptent des \u00e9tudiants internationaux\"}]},{\"@type\":\"WebSite\",\"@id\":\"https:\/\/prudencevirtualsolutions.store\/#website\",\"url\":\"https:\/\/prudencevirtualsolutions.store\/\",\"name\":\"Prudence Digital Products Store\",\"description\":\"Time-saving with digital products\",\"potentialAction\":[{\"@type\":\"SearchAction\",\"target\":{\"@type\":\"EntryPoint\",\"urlTemplate\":\"https:\/\/prudencevirtualsolutions.store\/?s={search_term_string}\"},\"query-input\":\"required name=search_term_string\"}],\"inLanguage\":\"fr-FR\"}]}<\/script>\n<!-- \/ Yoast SEO plugin. -->","yoast_head_json":{"title":"Liste des \u00e9coles de Langues Canada qui acceptent des \u00e9tudiants internationaux - Prudence Digital Products Store","description":"D\u00e9couvrez notre liste des membres de Langues Canada qui acceptent des \u00e9tudiants internationaux. Trouvez l\u2019\u00e9tablissement id\u00e9al pour une immersion linguistique compl\u00e8te, b\u00e9n\u00e9ficiez d'un enseignement moderne, et profitez de la diversit\u00e9 culturelle et de la qualit\u00e9 de vie au Canada.","robots":{"index":"noindex","follow":"follow","max-snippet":"max-snippet:-1","max-image-preview":"max-image-preview:large","max-video-preview":"max-video-preview:-1"},"og_locale":"fr_FR","og_type":"article","og_title":"Liste des \u00e9coles de Langues Canada qui acceptent des \u00e9tudiants internationaux - Prudence Digital Products Store","og_description":"D\u00e9couvrez notre liste des membres de Langues Canada qui acceptent des \u00e9tudiants internationaux. Trouvez l\u2019\u00e9tablissement id\u00e9al pour une immersion linguistique compl\u00e8te, b\u00e9n\u00e9ficiez d'un enseignement moderne, et profitez de la diversit\u00e9 culturelle et de la qualit\u00e9 de vie au Canada.","og_url":"https:\/\/prudencevirtualsolutions.store\/fr\/produit\/liste-des-ecole-de-langues-canada-qui-acceptent-des-etudiants-internationaux\/","og_site_name":"Prudence Digital Products Store","article_modified_time":"2024-09-06T16:02:17+00:00","og_image":[{"width":1080,"height":1080,"url":"https:\/\/prudencevirtualsolutions.store\/wp-content\/uploads\/2024\/08\/4.png","type":"image\/png"}],"twitter_card":"summary_large_image","twitter_misc":{"Dur\u00e9e de lecture estim\u00e9e":"1 minute"},"schema":{"@context":"https:\/\/schema.org","@graph":[{"@type":"WebPage","@id":"https:\/\/prudencevirtualsolutions.store\/product\/liste-des-ecole-de-langues-canada-qui-acceptent-des-etudiants-internationaux\/","url":"https:\/\/prudencevirtualsolutions.store\/product\/liste-des-ecole-de-langues-canada-qui-acceptent-des-etudiants-internationaux\/","name":"Liste des \u00e9coles de Langues Canada qui acceptent des \u00e9tudiants internationaux - Prudence Digital Products Store","isPartOf":{"@id":"https:\/\/prudencevirtualsolutions.store\/#website"},"primaryImageOfPage":{"@id":"https:\/\/prudencevirtualsolutions.store\/product\/liste-des-ecole-de-langues-canada-qui-acceptent-des-etudiants-internationaux\/#primaryimage"},"image":{"@id":"https:\/\/prudencevirtualsolutions.store\/product\/liste-des-ecole-de-langues-canada-qui-acceptent-des-etudiants-internationaux\/#primaryimage"},"thumbnailUrl":"https:\/\/prudencevirtualsolutions.store\/wp-content\/uploads\/2024\/08\/4.png","datePublished":"2024-08-31T16:12:35+00:00","dateModified":"2024-09-06T16:02:17+00:00","description":"D\u00e9couvrez notre liste des membres de Langues Canada qui acceptent des \u00e9tudiants internationaux. Trouvez l\u2019\u00e9tablissement id\u00e9al pour une immersion linguistique compl\u00e8te, b\u00e9n\u00e9ficiez d'un enseignement moderne, et profitez de la diversit\u00e9 culturelle et de la qualit\u00e9 de vie au Canada.","breadcrumb":{"@id":"https:\/\/prudencevirtualsolutions.store\/product\/liste-des-ecole-de-langues-canada-qui-acceptent-des-etudiants-internationaux\/#breadcrumb"},"inLanguage":"fr-FR","potentialAction":[{"@type":"ReadAction","target":["https:\/\/prudencevirtualsolutions.store\/product\/liste-des-ecole-de-langues-canada-qui-acceptent-des-etudiants-internationaux\/"]}]},{"@type":"ImageObject","inLanguage":"fr-FR","@id":"https:\/\/prudencevirtualsolutions.store\/product\/liste-des-ecole-de-langues-canada-qui-acceptent-des-etudiants-internationaux\/#primaryimage","url":"https:\/\/prudencevirtualsolutions.store\/wp-content\/uploads\/2024\/08\/4.png","contentUrl":"https:\/\/prudencevirtualsolutions.store\/wp-content\/uploads\/2024\/08\/4.png","width":1080,"height":1080},{"@type":"BreadcrumbList","@id":"https:\/\/prudencevirtualsolutions.store\/product\/liste-des-ecole-de-langues-canada-qui-acceptent-des-etudiants-internationaux\/#breadcrumb","itemListElement":[{"@type":"ListItem","position":1,"name":"Home","item":"https:\/\/prudencevirtualsolutions.store\/"},{"@type":"ListItem","position":2,"name":"Shop","item":"https:\/\/prudencevirtualsolutions.store\/shop\/"},{"@type":"ListItem","position":3,"name":"Liste des \u00e9coles de Langues Canada qui acceptent des \u00e9tudiants internationaux"}]},{"@type":"WebSite","@id":"https:\/\/prudencevirtualsolutions.store\/#website","url":"https:\/\/prudencevirtualsolutions.store\/","name":"Prudence Digital Products Store","description":"Time-saving with digital products","potentialAction":[{"@type":"SearchAction","target":{"@type":"EntryPoint","urlTemplate":"https:\/\/prudencevirtualsolutions.store\/?s={search_term_string}"},"query-input":"required name=search_term_string"}],"inLanguage":"fr-FR"}]}},"_links":{"self":[{"href":"https:\/\/prudencevirtualsolutions.store\/fr\/wp-json\/wp\/v2\/product\/5501","targetHints":{"allow":["GET"]}}],"collection":[{"href":"https:\/\/prudencevirtualsolutions.store\/fr\/wp-json\/wp\/v2\/product"}],"about":[{"href":"https:\/\/prudencevirtualsolutions.store\/fr\/wp-json\/wp\/v2\/types\/product"}],"replies":[{"embeddable":true,"href":"https:\/\/prudencevirtualsolutions.store\/fr\/wp-json\/wp\/v2\/comments?post=5501"}],"version-history":[{"count":0,"href":"https:\/\/prudencevirtualsolutions.store\/fr\/wp-json\/wp\/v2\/product\/5501\/revisions"}],"wp:featuredmedia":[{"embeddable":true,"href":"https:\/\/prudencevirtualsolutions.store\/fr\/wp-json\/wp\/v2\/media\/5504"}],"wp:attachment":[{"href":"https:\/\/prudencevirtualsolutions.store\/fr\/wp-json\/wp\/v2\/media?parent=5501"}],"wp:term":[{"taxonomy":"product_brand","embeddable":true,"href":"https:\/\/prudencevirtualsolutions.store\/fr\/wp-json\/wp\/v2\/product_brand?post=5501"},{"taxonomy":"product_cat","embeddable":true,"href":"https:\/\/prudencevirtualsolutions.store\/fr\/wp-json\/wp\/v2\/product_cat?post=5501"},{"taxonomy":"product_tag","embeddable":true,"href":"https:\/\/prudencevirtualsolutions.store\/fr\/wp-json\/wp\/v2\/product_tag?post=5501"}],"curies":[{"name":"wp","href":"https:\/\/api.w.org\/{rel}","templated":true}]}}