{"id":5507,"date":"2024-08-31T17:05:50","date_gmt":"2024-08-31T17:05:50","guid":{"rendered":"https:\/\/prudencevirtualsolutions.store\/?post_type=product&#038;p=5507"},"modified":"2024-09-06T15:59:32","modified_gmt":"2024-09-06T15:59:32","slug":"ecoles-publiques-internationales-langues-colleges-instituts-et-universites-au-canada","status":"publish","type":"product","link":"https:\/\/prudencevirtualsolutions.store\/fr\/produit\/ecoles-publiques-internationales-langues-colleges-instituts-et-universites-au-canada\/","title":{"rendered":"\u00c9coles publiques internationales, \u00e9coles de langues, coll\u00e8ges, instituts et universit\u00e9s au Canada"},"content":{"rendered":"<p>Explorez notre liste compl\u00e8te d\u2019\u00e9coles, coll\u00e8ges, instituts et universit\u00e9s au Canada pour \u00e9tudiants internationaux, facilitant la recherche de l\u2019\u00e9tablissement id\u00e9al pour \u00e9tudier, travailler et \u00e9ventuellement acc\u00e9der \u00e0 la r\u00e9sidence permanente, tout en offrant une formation pratique, des opportunit\u00e9s professionnelles et une immersion dans un environnement \u00e9ducatif dynamique.<\/p>","protected":false},"excerpt":{"rendered":"<p>Explorez notre liste compl\u00e8te des \u00e9coles publiques internationales, \u00e9coles de langue, coll\u00e8ges, instituts et universit\u00e9s au Canada. Trouvez l\u2019\u00e9tablissement parfait pour une \u00e9ducation de qualit\u00e9, des opportunit\u00e9s de travail post-dipl\u00f4me, et un chemin vers la r\u00e9sidence permanente.<\/p>","protected":false},"featured_media":5509,"comment_status":"open","ping_status":"closed","template":"","meta":{"om_disable_all_campaigns":false,"site-sidebar-layout":"default","site-content-layout":"","ast-site-content-layout":"default","site-content-style":"default","site-sidebar-style":"default","ast-global-header-display":"","ast-banner-title-visibility":"","ast-main-header-display":"","ast-hfb-above-header-display":"","ast-hfb-below-header-display":"","ast-hfb-mobile-header-display":"","site-post-title":"","ast-breadcrumbs-content":"","ast-featured-img":"","footer-sml-layout":"","theme-transparent-header-meta":"default","adv-header-id-meta":"","stick-header-meta":"","header-above-stick-meta":"","header-main-stick-meta":"","header-below-stick-meta":"","astra-migrate-meta-layouts":"set","ast-page-background-enabled":"default","ast-page-background-meta":{"desktop":{"background-color":"var(--ast-global-color-4)","background-image":"","background-repeat":"repeat","background-position":"center center","background-size":"auto","background-attachment":"scroll","background-type":"","background-media":"","overlay-type":"","overlay-color":"","overlay-opacity":"","overlay-gradient":""},"tablet":{"background-color":"","background-image":"","background-repeat":"repeat","background-position":"center center","background-size":"auto","background-attachment":"scroll","background-type":"","background-media":"","overlay-type":"","overlay-color":"","overlay-opacity":"","overlay-gradient":""},"mobile":{"background-color":"","background-image":"","background-repeat":"repeat","background-position":"center center","background-size":"auto","background-attachment":"scroll","background-type":"","background-media":"","overlay-type":"","overlay-color":"","overlay-opacity":"","overlay-gradient":""}},"ast-content-background-meta":{"desktop":{"background-color":"var(--ast-global-color-5)","background-image":"","background-repeat":"repeat","background-position":"center center","background-size":"auto","background-attachment":"scroll","background-type":"","background-media":"","overlay-type":"","overlay-color":"","overlay-opacity":"","overlay-gradient":""},"tablet":{"background-color":"var(--ast-global-color-5)","background-image":"","background-repeat":"repeat","background-position":"center center","background-size":"auto","background-attachment":"scroll","background-type":"","background-media":"","overlay-type":"","overlay-color":"","overlay-opacity":"","overlay-gradient":""},"mobile":{"background-color":"var(--ast-global-color-5)","background-image":"","background-repeat":"repeat","background-position":"center center","background-size":"auto","background-attachment":"scroll","background-type":"","background-media":"","overlay-type":"","overlay-color":"","overlay-opacity":"","overlay-gradient":""}}},"product_brand":[],"product_cat":[58],"product_tag":[110,102,112,114,113,111],"class_list":{"0":"post-5507","1":"product","2":"type-product","3":"status-publish","4":"has-post-thumbnail","6":"product_cat-ebook-vs-livres-electroniques","7":"product_tag-colleges-et-instituts-canadiens","8":"product_tag-ecoles-publiques-internationales-canada","9":"product_tag-immersion-linguistique","10":"product_tag-langues","11":"product_tag-opportunites-de-travail-post-diplome","12":"product_tag-universites-pour-etudiants-internationaux","13":"desktop-align-left","14":"tablet-align-left","15":"mobile-align-left","17":"first","18":"instock","19":"sale","20":"downloadable","21":"shipping-taxable","22":"purchasable","23":"product-type-simple"},"yoast_head":"<!-- This site is optimized with the Yoast SEO plugin v23.0 - https:\/\/yoast.com\/wordpress\/plugins\/seo\/ -->\n<title>\u00c9coles publiques internationales, \u00e9coles de langues, coll\u00e8ges, instituts et universit\u00e9s au Canada - Prudence Digital Products Store<\/title>\n<meta name=\"description\" content=\"D\u00e9couvrez notre liste exhaustive des \u00e9coles publiques internationales, \u00e9coles de langue, coll\u00e8ges, instituts et universit\u00e9s au Canada qui accueillent des \u00e9tudiants internationaux. Trouvez l&#039;\u00e9tablissement id\u00e9al pour une formation de qualit\u00e9, des opportunit\u00e9s de travail post-dipl\u00f4me, et un chemin vers la r\u00e9sidence permanente.\" \/>\n<meta name=\"robots\" content=\"noindex, follow, max-snippet:-1, max-image-preview:large, max-video-preview:-1\" \/>\n<meta property=\"og:locale\" content=\"fr_FR\" \/>\n<meta property=\"og:type\" content=\"article\" \/>\n<meta property=\"og:title\" content=\"\u00c9coles publiques internationales, \u00e9coles de langues, coll\u00e8ges, instituts et universit\u00e9s au Canada - Prudence Digital Products Store\" \/>\n<meta property=\"og:description\" content=\"D\u00e9couvrez notre liste exhaustive des \u00e9coles publiques internationales, \u00e9coles de langue, coll\u00e8ges, instituts et universit\u00e9s au Canada qui accueillent des \u00e9tudiants internationaux. Trouvez l&#039;\u00e9tablissement id\u00e9al pour une formation de qualit\u00e9, des opportunit\u00e9s de travail post-dipl\u00f4me, et un chemin vers la r\u00e9sidence permanente.\" \/>\n<meta property=\"og:url\" content=\"https:\/\/prudencevirtualsolutions.store\/fr\/produit\/ecoles-publiques-internationales-langues-colleges-instituts-et-universites-au-canada\/\" \/>\n<meta property=\"og:site_name\" content=\"Prudence Digital Products Store\" \/>\n<meta property=\"article:modified_time\" content=\"2024-09-06T15:59:32+00:00\" \/>\n<meta property=\"og:image\" content=\"https:\/\/prudencevirtualsolutions.store\/wp-content\/uploads\/2024\/08\/Liste-complete.png\" \/>\n\t<meta property=\"og:image:width\" content=\"1080\" \/>\n\t<meta property=\"og:image:height\" content=\"1080\" \/>\n\t<meta property=\"og:image:type\" content=\"image\/png\" \/>\n<meta name=\"twitter:card\" content=\"summary_large_image\" \/>\n<meta name=\"twitter:label1\" content=\"Dur\u00e9e de lecture estim\u00e9e\" \/>\n\t<meta name=\"twitter:data1\" content=\"1 minute\" \/>\n<script type=\"application\/ld+json\" class=\"yoast-schema-graph\">{\"@context\":\"https:\/\/schema.org\",\"@graph\":[{\"@type\":\"WebPage\",\"@id\":\"https:\/\/prudencevirtualsolutions.store\/product\/ecoles-publiques-internationales-langues-colleges-instituts-et-universites-au-canada\/\",\"url\":\"https:\/\/prudencevirtualsolutions.store\/product\/ecoles-publiques-internationales-langues-colleges-instituts-et-universites-au-canada\/\",\"name\":\"\u00c9coles publiques internationales, \u00e9coles de langues, coll\u00e8ges, instituts et universit\u00e9s au Canada - Prudence Digital Products Store\",\"isPartOf\":{\"@id\":\"https:\/\/prudencevirtualsolutions.store\/#website\"},\"primaryImageOfPage\":{\"@id\":\"https:\/\/prudencevirtualsolutions.store\/product\/ecoles-publiques-internationales-langues-colleges-instituts-et-universites-au-canada\/#primaryimage\"},\"image\":{\"@id\":\"https:\/\/prudencevirtualsolutions.store\/product\/ecoles-publiques-internationales-langues-colleges-instituts-et-universites-au-canada\/#primaryimage\"},\"thumbnailUrl\":\"https:\/\/prudencevirtualsolutions.store\/wp-content\/uploads\/2024\/08\/Liste-complete.png\",\"datePublished\":\"2024-08-31T17:05:50+00:00\",\"dateModified\":\"2024-09-06T15:59:32+00:00\",\"description\":\"D\u00e9couvrez notre liste exhaustive des \u00e9coles publiques internationales, \u00e9coles de langue, coll\u00e8ges, instituts et universit\u00e9s au Canada qui accueillent des \u00e9tudiants internationaux. Trouvez l'\u00e9tablissement id\u00e9al pour une formation de qualit\u00e9, des opportunit\u00e9s de travail post-dipl\u00f4me, et un chemin vers la r\u00e9sidence permanente.\",\"breadcrumb\":{\"@id\":\"https:\/\/prudencevirtualsolutions.store\/product\/ecoles-publiques-internationales-langues-colleges-instituts-et-universites-au-canada\/#breadcrumb\"},\"inLanguage\":\"fr-FR\",\"potentialAction\":[{\"@type\":\"ReadAction\",\"target\":[\"https:\/\/prudencevirtualsolutions.store\/product\/ecoles-publiques-internationales-langues-colleges-instituts-et-universites-au-canada\/\"]}]},{\"@type\":\"ImageObject\",\"inLanguage\":\"fr-FR\",\"@id\":\"https:\/\/prudencevirtualsolutions.store\/product\/ecoles-publiques-internationales-langues-colleges-instituts-et-universites-au-canada\/#primaryimage\",\"url\":\"https:\/\/prudencevirtualsolutions.store\/wp-content\/uploads\/2024\/08\/Liste-complete.png\",\"contentUrl\":\"https:\/\/prudencevirtualsolutions.store\/wp-content\/uploads\/2024\/08\/Liste-complete.png\",\"width\":1080,\"height\":1080},{\"@type\":\"BreadcrumbList\",\"@id\":\"https:\/\/prudencevirtualsolutions.store\/product\/ecoles-publiques-internationales-langues-colleges-instituts-et-universites-au-canada\/#breadcrumb\",\"itemListElement\":[{\"@type\":\"ListItem\",\"position\":1,\"name\":\"Home\",\"item\":\"https:\/\/prudencevirtualsolutions.store\/\"},{\"@type\":\"ListItem\",\"position\":2,\"name\":\"Shop\",\"item\":\"https:\/\/prudencevirtualsolutions.store\/shop\/\"},{\"@type\":\"ListItem\",\"position\":3,\"name\":\"\u00c9coles publiques internationales, \u00e9coles de langues, coll\u00e8ges, instituts et universit\u00e9s au Canada\"}]},{\"@type\":\"WebSite\",\"@id\":\"https:\/\/prudencevirtualsolutions.store\/#website\",\"url\":\"https:\/\/prudencevirtualsolutions.store\/\",\"name\":\"Prudence Digital Products Store\",\"description\":\"Time-saving with digital products\",\"potentialAction\":[{\"@type\":\"SearchAction\",\"target\":{\"@type\":\"EntryPoint\",\"urlTemplate\":\"https:\/\/prudencevirtualsolutions.store\/?s={search_term_string}\"},\"query-input\":\"required name=search_term_string\"}],\"inLanguage\":\"fr-FR\"}]}<\/script>\n<!-- \/ Yoast SEO plugin. -->","yoast_head_json":{"title":"\u00c9coles publiques internationales, \u00e9coles de langues, coll\u00e8ges, instituts et universit\u00e9s au Canada - Prudence Digital Products Store","description":"D\u00e9couvrez notre liste exhaustive des \u00e9coles publiques internationales, \u00e9coles de langue, coll\u00e8ges, instituts et universit\u00e9s au Canada qui accueillent des \u00e9tudiants internationaux. Trouvez l'\u00e9tablissement id\u00e9al pour une formation de qualit\u00e9, des opportunit\u00e9s de travail post-dipl\u00f4me, et un chemin vers la r\u00e9sidence permanente.","robots":{"index":"noindex","follow":"follow","max-snippet":"max-snippet:-1","max-image-preview":"max-image-preview:large","max-video-preview":"max-video-preview:-1"},"og_locale":"fr_FR","og_type":"article","og_title":"\u00c9coles publiques internationales, \u00e9coles de langues, coll\u00e8ges, instituts et universit\u00e9s au Canada - Prudence Digital Products Store","og_description":"D\u00e9couvrez notre liste exhaustive des \u00e9coles publiques internationales, \u00e9coles de langue, coll\u00e8ges, instituts et universit\u00e9s au Canada qui accueillent des \u00e9tudiants internationaux. Trouvez l'\u00e9tablissement id\u00e9al pour une formation de qualit\u00e9, des opportunit\u00e9s de travail post-dipl\u00f4me, et un chemin vers la r\u00e9sidence permanente.","og_url":"https:\/\/prudencevirtualsolutions.store\/fr\/produit\/ecoles-publiques-internationales-langues-colleges-instituts-et-universites-au-canada\/","og_site_name":"Prudence Digital Products Store","article_modified_time":"2024-09-06T15:59:32+00:00","og_image":[{"width":1080,"height":1080,"url":"https:\/\/prudencevirtualsolutions.store\/wp-content\/uploads\/2024\/08\/Liste-complete.png","type":"image\/png"}],"twitter_card":"summary_large_image","twitter_misc":{"Dur\u00e9e de lecture estim\u00e9e":"1 minute"},"schema":{"@context":"https:\/\/schema.org","@graph":[{"@type":"WebPage","@id":"https:\/\/prudencevirtualsolutions.store\/product\/ecoles-publiques-internationales-langues-colleges-instituts-et-universites-au-canada\/","url":"https:\/\/prudencevirtualsolutions.store\/product\/ecoles-publiques-internationales-langues-colleges-instituts-et-universites-au-canada\/","name":"\u00c9coles publiques internationales, \u00e9coles de langues, coll\u00e8ges, instituts et universit\u00e9s au Canada - Prudence Digital Products Store","isPartOf":{"@id":"https:\/\/prudencevirtualsolutions.store\/#website"},"primaryImageOfPage":{"@id":"https:\/\/prudencevirtualsolutions.store\/product\/ecoles-publiques-internationales-langues-colleges-instituts-et-universites-au-canada\/#primaryimage"},"image":{"@id":"https:\/\/prudencevirtualsolutions.store\/product\/ecoles-publiques-internationales-langues-colleges-instituts-et-universites-au-canada\/#primaryimage"},"thumbnailUrl":"https:\/\/prudencevirtualsolutions.store\/wp-content\/uploads\/2024\/08\/Liste-complete.png","datePublished":"2024-08-31T17:05:50+00:00","dateModified":"2024-09-06T15:59:32+00:00","description":"D\u00e9couvrez notre liste exhaustive des \u00e9coles publiques internationales, \u00e9coles de langue, coll\u00e8ges, instituts et universit\u00e9s au Canada qui accueillent des \u00e9tudiants internationaux. Trouvez l'\u00e9tablissement id\u00e9al pour une formation de qualit\u00e9, des opportunit\u00e9s de travail post-dipl\u00f4me, et un chemin vers la r\u00e9sidence permanente.","breadcrumb":{"@id":"https:\/\/prudencevirtualsolutions.store\/product\/ecoles-publiques-internationales-langues-colleges-instituts-et-universites-au-canada\/#breadcrumb"},"inLanguage":"fr-FR","potentialAction":[{"@type":"ReadAction","target":["https:\/\/prudencevirtualsolutions.store\/product\/ecoles-publiques-internationales-langues-colleges-instituts-et-universites-au-canada\/"]}]},{"@type":"ImageObject","inLanguage":"fr-FR","@id":"https:\/\/prudencevirtualsolutions.store\/product\/ecoles-publiques-internationales-langues-colleges-instituts-et-universites-au-canada\/#primaryimage","url":"https:\/\/prudencevirtualsolutions.store\/wp-content\/uploads\/2024\/08\/Liste-complete.png","contentUrl":"https:\/\/prudencevirtualsolutions.store\/wp-content\/uploads\/2024\/08\/Liste-complete.png","width":1080,"height":1080},{"@type":"BreadcrumbList","@id":"https:\/\/prudencevirtualsolutions.store\/product\/ecoles-publiques-internationales-langues-colleges-instituts-et-universites-au-canada\/#breadcrumb","itemListElement":[{"@type":"ListItem","position":1,"name":"Home","item":"https:\/\/prudencevirtualsolutions.store\/"},{"@type":"ListItem","position":2,"name":"Shop","item":"https:\/\/prudencevirtualsolutions.store\/shop\/"},{"@type":"ListItem","position":3,"name":"\u00c9coles publiques internationales, \u00e9coles de langues, coll\u00e8ges, instituts et universit\u00e9s au Canada"}]},{"@type":"WebSite","@id":"https:\/\/prudencevirtualsolutions.store\/#website","url":"https:\/\/prudencevirtualsolutions.store\/","name":"Prudence Digital Products Store","description":"Time-saving with digital products","potentialAction":[{"@type":"SearchAction","target":{"@type":"EntryPoint","urlTemplate":"https:\/\/prudencevirtualsolutions.store\/?s={search_term_string}"},"query-input":"required name=search_term_string"}],"inLanguage":"fr-FR"}]}},"_links":{"self":[{"href":"https:\/\/prudencevirtualsolutions.store\/fr\/wp-json\/wp\/v2\/product\/5507","targetHints":{"allow":["GET"]}}],"collection":[{"href":"https:\/\/prudencevirtualsolutions.store\/fr\/wp-json\/wp\/v2\/product"}],"about":[{"href":"https:\/\/prudencevirtualsolutions.store\/fr\/wp-json\/wp\/v2\/types\/product"}],"replies":[{"embeddable":true,"href":"https:\/\/prudencevirtualsolutions.store\/fr\/wp-json\/wp\/v2\/comments?post=5507"}],"version-history":[{"count":0,"href":"https:\/\/prudencevirtualsolutions.store\/fr\/wp-json\/wp\/v2\/product\/5507\/revisions"}],"wp:featuredmedia":[{"embeddable":true,"href":"https:\/\/prudencevirtualsolutions.store\/fr\/wp-json\/wp\/v2\/media\/5509"}],"wp:attachment":[{"href":"https:\/\/prudencevirtualsolutions.store\/fr\/wp-json\/wp\/v2\/media?parent=5507"}],"wp:term":[{"taxonomy":"product_brand","embeddable":true,"href":"https:\/\/prudencevirtualsolutions.store\/fr\/wp-json\/wp\/v2\/product_brand?post=5507"},{"taxonomy":"product_cat","embeddable":true,"href":"https:\/\/prudencevirtualsolutions.store\/fr\/wp-json\/wp\/v2\/product_cat?post=5507"},{"taxonomy":"product_tag","embeddable":true,"href":"https:\/\/prudencevirtualsolutions.store\/fr\/wp-json\/wp\/v2\/product_tag?post=5507"}],"curies":[{"name":"wp","href":"https:\/\/api.w.org\/{rel}","templated":true}]}}