{"id":5609,"date":"2024-09-06T19:56:41","date_gmt":"2024-09-06T19:56:41","guid":{"rendered":"https:\/\/prudencevirtualsolutions.store\/?post_type=product&#038;p=5609"},"modified":"2025-06-09T02:42:47","modified_gmt":"2025-06-09T02:42:47","slug":"t-shirt-peace-love-fall-welcome","status":"publish","type":"product","link":"https:\/\/prudencevirtualsolutions.store\/fr\/produit\/t-shirt-peace-love-fall-welcome\/","title":{"rendered":"T-Shirt Peace &#8211; Love &#8211; Fall \u2013 Welcome! t-shirt automne femme"},"content":{"rendered":"<p><strong>T-shirt \u00e0 manches courtes pour femme<\/strong><\/p>\n<p>C\u00e9l\u00e9brez l&#8217;automne avec ce t-shirt \u00e0 manches courtes, parfait pour r\u00e9pandre la paix, l&#8217;amour et les bonnes vibrations de la saison. Avec sa coupe f\u00e9minine et son design chaleureux, ce t-shirt est id\u00e9al pour accueillir l&#8217;automne avec style et confort. Profitez des journ\u00e9es fra\u00eeches tout en affichant votre amour pour la saison.<\/p>","protected":false},"excerpt":{"rendered":"<p>T-shirt \u00e0 manches courtes pour femme C\u00e9l\u00e9brez l&#8217;automne avec ce t-shirt \u00e0 manches courtes, parfait pour r\u00e9pandre la paix, l&#8217;amour et les bonnes vibrations de la saison. Avec sa coupe f\u00e9minine et son design chaleureux, ce t-shirt est id\u00e9al pour accueillir l&#8217;automne avec style et confort. Profitez des journ\u00e9es fra\u00eeches tout en affichant votre amour [&hellip;]<\/p>","protected":false},"featured_media":5616,"comment_status":"open","ping_status":"closed","template":"","meta":{"om_disable_all_campaigns":false,"site-sidebar-layout":"default","site-content-layout":"","ast-site-content-layout":"default","site-content-style":"default","site-sidebar-style":"default","ast-global-header-display":"","ast-banner-title-visibility":"","ast-main-header-display":"","ast-hfb-above-header-display":"","ast-hfb-below-header-display":"","ast-hfb-mobile-header-display":"","site-post-title":"","ast-breadcrumbs-content":"","ast-featured-img":"","footer-sml-layout":"","theme-transparent-header-meta":"default","adv-header-id-meta":"","stick-header-meta":"","header-above-stick-meta":"","header-main-stick-meta":"","header-below-stick-meta":"","astra-migrate-meta-layouts":"set","ast-page-background-enabled":"default","ast-page-background-meta":{"desktop":{"background-color":"var(--ast-global-color-4)","background-image":"","background-repeat":"repeat","background-position":"center center","background-size":"auto","background-attachment":"scroll","background-type":"","background-media":"","overlay-type":"","overlay-color":"","overlay-opacity":"","overlay-gradient":""},"tablet":{"background-color":"","background-image":"","background-repeat":"repeat","background-position":"center center","background-size":"auto","background-attachment":"scroll","background-type":"","background-media":"","overlay-type":"","overlay-color":"","overlay-opacity":"","overlay-gradient":""},"mobile":{"background-color":"","background-image":"","background-repeat":"repeat","background-position":"center center","background-size":"auto","background-attachment":"scroll","background-type":"","background-media":"","overlay-type":"","overlay-color":"","overlay-opacity":"","overlay-gradient":""}},"ast-content-background-meta":{"desktop":{"background-color":"var(--ast-global-color-5)","background-image":"","background-repeat":"repeat","background-position":"center center","background-size":"auto","background-attachment":"scroll","background-type":"","background-media":"","overlay-type":"","overlay-color":"","overlay-opacity":"","overlay-gradient":""},"tablet":{"background-color":"var(--ast-global-color-5)","background-image":"","background-repeat":"repeat","background-position":"center center","background-size":"auto","background-attachment":"scroll","background-type":"","background-media":"","overlay-type":"","overlay-color":"","overlay-opacity":"","overlay-gradient":""},"mobile":{"background-color":"var(--ast-global-color-5)","background-image":"","background-repeat":"repeat","background-position":"center center","background-size":"auto","background-attachment":"scroll","background-type":"","background-media":"","overlay-type":"","overlay-color":"","overlay-opacity":"","overlay-gradient":""}}},"product_brand":[],"product_cat":[60],"product_tag":[],"class_list":{"0":"post-5609","1":"product","2":"type-product","3":"status-publish","4":"has-post-thumbnail","6":"product_cat-print-on-demand","7":"desktop-align-left","8":"tablet-align-left","9":"mobile-align-left","11":"first","12":"instock","13":"shipping-taxable","14":"purchasable","15":"product-type-variable"},"yoast_head":"<!-- This site is optimized with the Yoast SEO plugin v23.0 - https:\/\/yoast.com\/wordpress\/plugins\/seo\/ -->\n<title>T-Shirt Peace - Love - Fall \u2013 Welcome! t-shirt automne femme - Prudence Digital Products Store<\/title>\n<meta name=\"description\" content=\"T-shirt femme \u00e0 manches courtes, parfait pour l\u2019automne. Confortable, styl\u00e9, et porteur d\u2019un message de paix, d\u2019amour et de bonne humeur.\" \/>\n<meta name=\"robots\" content=\"noindex, follow, max-snippet:-1, max-image-preview:large, max-video-preview:-1\" \/>\n<meta property=\"og:locale\" content=\"fr_FR\" \/>\n<meta property=\"og:type\" content=\"article\" \/>\n<meta property=\"og:title\" content=\"T-Shirt Peace - Love - Fall \u2013 Welcome! t-shirt automne femme - Prudence Digital Products Store\" \/>\n<meta property=\"og:description\" content=\"T-shirt femme \u00e0 manches courtes, parfait pour l\u2019automne. Confortable, styl\u00e9, et porteur d\u2019un message de paix, d\u2019amour et de bonne humeur.\" \/>\n<meta property=\"og:url\" content=\"https:\/\/prudencevirtualsolutions.store\/fr\/produit\/t-shirt-peace-love-fall-welcome\/\" \/>\n<meta property=\"og:site_name\" content=\"Prudence Digital Products Store\" \/>\n<meta property=\"article:modified_time\" content=\"2025-06-09T02:42:47+00:00\" \/>\n<meta property=\"og:image\" content=\"https:\/\/prudencevirtualsolutions.store\/wp-content\/uploads\/2024\/09\/Welcome-Peace-Love-Fall-1-1024x768.png\" \/>\n\t<meta property=\"og:image:width\" content=\"1024\" \/>\n\t<meta property=\"og:image:height\" content=\"768\" \/>\n\t<meta property=\"og:image:type\" content=\"image\/png\" \/>\n<meta name=\"twitter:card\" content=\"summary_large_image\" \/>\n<meta name=\"twitter:label1\" content=\"Dur\u00e9e de lecture estim\u00e9e\" \/>\n\t<meta name=\"twitter:data1\" content=\"1 minute\" \/>\n<script type=\"application\/ld+json\" class=\"yoast-schema-graph\">{\"@context\":\"https:\/\/schema.org\",\"@graph\":[{\"@type\":\"WebPage\",\"@id\":\"https:\/\/prudencevirtualsolutions.store\/product\/t-shirt-peace-love-fall-welcome\/\",\"url\":\"https:\/\/prudencevirtualsolutions.store\/product\/t-shirt-peace-love-fall-welcome\/\",\"name\":\"T-Shirt Peace - Love - Fall \u2013 Welcome! t-shirt automne femme - Prudence Digital Products Store\",\"isPartOf\":{\"@id\":\"https:\/\/prudencevirtualsolutions.store\/#website\"},\"primaryImageOfPage\":{\"@id\":\"https:\/\/prudencevirtualsolutions.store\/product\/t-shirt-peace-love-fall-welcome\/#primaryimage\"},\"image\":{\"@id\":\"https:\/\/prudencevirtualsolutions.store\/product\/t-shirt-peace-love-fall-welcome\/#primaryimage\"},\"thumbnailUrl\":\"https:\/\/prudencevirtualsolutions.store\/wp-content\/uploads\/2024\/09\/Welcome-Peace-Love-Fall-1.png\",\"datePublished\":\"2024-09-06T19:56:41+00:00\",\"dateModified\":\"2025-06-09T02:42:47+00:00\",\"description\":\"T-shirt femme \u00e0 manches courtes, parfait pour l\u2019automne. Confortable, styl\u00e9, et porteur d\u2019un message de paix, d\u2019amour et de bonne humeur.\",\"breadcrumb\":{\"@id\":\"https:\/\/prudencevirtualsolutions.store\/product\/t-shirt-peace-love-fall-welcome\/#breadcrumb\"},\"inLanguage\":\"fr-FR\",\"potentialAction\":[{\"@type\":\"ReadAction\",\"target\":[\"https:\/\/prudencevirtualsolutions.store\/product\/t-shirt-peace-love-fall-welcome\/\"]}]},{\"@type\":\"ImageObject\",\"inLanguage\":\"fr-FR\",\"@id\":\"https:\/\/prudencevirtualsolutions.store\/product\/t-shirt-peace-love-fall-welcome\/#primaryimage\",\"url\":\"https:\/\/prudencevirtualsolutions.store\/wp-content\/uploads\/2024\/09\/Welcome-Peace-Love-Fall-1.png\",\"contentUrl\":\"https:\/\/prudencevirtualsolutions.store\/wp-content\/uploads\/2024\/09\/Welcome-Peace-Love-Fall-1.png\",\"width\":2700,\"height\":2025},{\"@type\":\"BreadcrumbList\",\"@id\":\"https:\/\/prudencevirtualsolutions.store\/product\/t-shirt-peace-love-fall-welcome\/#breadcrumb\",\"itemListElement\":[{\"@type\":\"ListItem\",\"position\":1,\"name\":\"Home\",\"item\":\"https:\/\/prudencevirtualsolutions.store\/\"},{\"@type\":\"ListItem\",\"position\":2,\"name\":\"Shop\",\"item\":\"https:\/\/prudencevirtualsolutions.store\/shop\/\"},{\"@type\":\"ListItem\",\"position\":3,\"name\":\"T-Shirt Peace &#8211; Love &#8211; Fall \u2013 Welcome! t-shirt automne femme\"}]},{\"@type\":\"WebSite\",\"@id\":\"https:\/\/prudencevirtualsolutions.store\/#website\",\"url\":\"https:\/\/prudencevirtualsolutions.store\/\",\"name\":\"Prudence Digital Products Store\",\"description\":\"Time-saving with digital products\",\"potentialAction\":[{\"@type\":\"SearchAction\",\"target\":{\"@type\":\"EntryPoint\",\"urlTemplate\":\"https:\/\/prudencevirtualsolutions.store\/?s={search_term_string}\"},\"query-input\":\"required name=search_term_string\"}],\"inLanguage\":\"fr-FR\"}]}<\/script>\n<!-- \/ Yoast SEO plugin. -->","yoast_head_json":{"title":"T-Shirt Peace - Love - Fall \u2013 Welcome! t-shirt automne femme - Prudence Digital Products Store","description":"T-shirt femme \u00e0 manches courtes, parfait pour l\u2019automne. Confortable, styl\u00e9, et porteur d\u2019un message de paix, d\u2019amour et de bonne humeur.","robots":{"index":"noindex","follow":"follow","max-snippet":"max-snippet:-1","max-image-preview":"max-image-preview:large","max-video-preview":"max-video-preview:-1"},"og_locale":"fr_FR","og_type":"article","og_title":"T-Shirt Peace - Love - Fall \u2013 Welcome! t-shirt automne femme - Prudence Digital Products Store","og_description":"T-shirt femme \u00e0 manches courtes, parfait pour l\u2019automne. Confortable, styl\u00e9, et porteur d\u2019un message de paix, d\u2019amour et de bonne humeur.","og_url":"https:\/\/prudencevirtualsolutions.store\/fr\/produit\/t-shirt-peace-love-fall-welcome\/","og_site_name":"Prudence Digital Products Store","article_modified_time":"2025-06-09T02:42:47+00:00","og_image":[{"width":1024,"height":768,"url":"https:\/\/prudencevirtualsolutions.store\/wp-content\/uploads\/2024\/09\/Welcome-Peace-Love-Fall-1-1024x768.png","type":"image\/png"}],"twitter_card":"summary_large_image","twitter_misc":{"Dur\u00e9e de lecture estim\u00e9e":"1 minute"},"schema":{"@context":"https:\/\/schema.org","@graph":[{"@type":"WebPage","@id":"https:\/\/prudencevirtualsolutions.store\/product\/t-shirt-peace-love-fall-welcome\/","url":"https:\/\/prudencevirtualsolutions.store\/product\/t-shirt-peace-love-fall-welcome\/","name":"T-Shirt Peace - Love - Fall \u2013 Welcome! t-shirt automne femme - Prudence Digital Products Store","isPartOf":{"@id":"https:\/\/prudencevirtualsolutions.store\/#website"},"primaryImageOfPage":{"@id":"https:\/\/prudencevirtualsolutions.store\/product\/t-shirt-peace-love-fall-welcome\/#primaryimage"},"image":{"@id":"https:\/\/prudencevirtualsolutions.store\/product\/t-shirt-peace-love-fall-welcome\/#primaryimage"},"thumbnailUrl":"https:\/\/prudencevirtualsolutions.store\/wp-content\/uploads\/2024\/09\/Welcome-Peace-Love-Fall-1.png","datePublished":"2024-09-06T19:56:41+00:00","dateModified":"2025-06-09T02:42:47+00:00","description":"T-shirt femme \u00e0 manches courtes, parfait pour l\u2019automne. Confortable, styl\u00e9, et porteur d\u2019un message de paix, d\u2019amour et de bonne humeur.","breadcrumb":{"@id":"https:\/\/prudencevirtualsolutions.store\/product\/t-shirt-peace-love-fall-welcome\/#breadcrumb"},"inLanguage":"fr-FR","potentialAction":[{"@type":"ReadAction","target":["https:\/\/prudencevirtualsolutions.store\/product\/t-shirt-peace-love-fall-welcome\/"]}]},{"@type":"ImageObject","inLanguage":"fr-FR","@id":"https:\/\/prudencevirtualsolutions.store\/product\/t-shirt-peace-love-fall-welcome\/#primaryimage","url":"https:\/\/prudencevirtualsolutions.store\/wp-content\/uploads\/2024\/09\/Welcome-Peace-Love-Fall-1.png","contentUrl":"https:\/\/prudencevirtualsolutions.store\/wp-content\/uploads\/2024\/09\/Welcome-Peace-Love-Fall-1.png","width":2700,"height":2025},{"@type":"BreadcrumbList","@id":"https:\/\/prudencevirtualsolutions.store\/product\/t-shirt-peace-love-fall-welcome\/#breadcrumb","itemListElement":[{"@type":"ListItem","position":1,"name":"Home","item":"https:\/\/prudencevirtualsolutions.store\/"},{"@type":"ListItem","position":2,"name":"Shop","item":"https:\/\/prudencevirtualsolutions.store\/shop\/"},{"@type":"ListItem","position":3,"name":"T-Shirt Peace &#8211; Love &#8211; Fall \u2013 Welcome! t-shirt automne femme"}]},{"@type":"WebSite","@id":"https:\/\/prudencevirtualsolutions.store\/#website","url":"https:\/\/prudencevirtualsolutions.store\/","name":"Prudence Digital Products Store","description":"Time-saving with digital products","potentialAction":[{"@type":"SearchAction","target":{"@type":"EntryPoint","urlTemplate":"https:\/\/prudencevirtualsolutions.store\/?s={search_term_string}"},"query-input":"required name=search_term_string"}],"inLanguage":"fr-FR"}]}},"_links":{"self":[{"href":"https:\/\/prudencevirtualsolutions.store\/fr\/wp-json\/wp\/v2\/product\/5609","targetHints":{"allow":["GET"]}}],"collection":[{"href":"https:\/\/prudencevirtualsolutions.store\/fr\/wp-json\/wp\/v2\/product"}],"about":[{"href":"https:\/\/prudencevirtualsolutions.store\/fr\/wp-json\/wp\/v2\/types\/product"}],"replies":[{"embeddable":true,"href":"https:\/\/prudencevirtualsolutions.store\/fr\/wp-json\/wp\/v2\/comments?post=5609"}],"version-history":[{"count":0,"href":"https:\/\/prudencevirtualsolutions.store\/fr\/wp-json\/wp\/v2\/product\/5609\/revisions"}],"wp:featuredmedia":[{"embeddable":true,"href":"https:\/\/prudencevirtualsolutions.store\/fr\/wp-json\/wp\/v2\/media\/5616"}],"wp:attachment":[{"href":"https:\/\/prudencevirtualsolutions.store\/fr\/wp-json\/wp\/v2\/media?parent=5609"}],"wp:term":[{"taxonomy":"product_brand","embeddable":true,"href":"https:\/\/prudencevirtualsolutions.store\/fr\/wp-json\/wp\/v2\/product_brand?post=5609"},{"taxonomy":"product_cat","embeddable":true,"href":"https:\/\/prudencevirtualsolutions.store\/fr\/wp-json\/wp\/v2\/product_cat?post=5609"},{"taxonomy":"product_tag","embeddable":true,"href":"https:\/\/prudencevirtualsolutions.store\/fr\/wp-json\/wp\/v2\/product_tag?post=5609"}],"curies":[{"name":"wp","href":"https:\/\/api.w.org\/{rel}","templated":true}]}}