{"id":5661,"date":"2024-09-08T09:03:08","date_gmt":"2024-09-08T09:03:08","guid":{"rendered":"https:\/\/prudencevirtualsolutions.store\/?post_type=product&#038;p=5661"},"modified":"2024-10-23T01:02:14","modified_gmt":"2024-10-23T01:02:14","slug":"modele-de-cv-personnalisable-bleu","status":"publish","type":"product","link":"https:\/\/prudencevirtualsolutions.store\/fr\/produit\/modele-de-cv-personnalisable-bleu\/","title":{"rendered":"Mod\u00e8le de CV personnalisable Bleu"},"content":{"rendered":"<p>Optimisez votre candidature avec notre mod\u00e8le de CV personnalisable bleu. Ce design professionnel allie \u00e9l\u00e9gance et clart\u00e9, mettant en avant vos comp\u00e9tences et exp\u00e9riences de mani\u00e8re efficace. La couleur bleue apporte une touche de sophistication et de confiance, id\u00e9ale pour captiver l\u2019attention des recruteurs.<\/p>\n<p>Facile \u00e0 personnaliser sur Canva et Word, ce mod\u00e8le s\u2019adapte \u00e0 tous les profils, qu\u2019ils soient d\u00e9butants ou exp\u00e9riment\u00e9s. Modifiez les sections et ajustez le design selon vos pr\u00e9f\u00e9rences pour cr\u00e9er un CV qui vous ressemble et qui se d\u00e9marque dans la pile de candidatures. Donnez \u00e0 votre pr\u00e9sentation une allure professionnelle et percutante !<\/p>","protected":false},"excerpt":{"rendered":"<p>Donnez un coup de raffinement \u00e0 votre candidature avec notre mod\u00e8le de CV bleu. Professionnel et \u00e9l\u00e9gant, il met en valeur vos comp\u00e9tences et exp\u00e9riences tout en restant facile \u00e0 personnaliser sur Canva et Word. Cr\u00e9ez un CV qui se distingue et capte l&#8217;attention des recruteurs.<\/p>","protected":false},"featured_media":5665,"comment_status":"open","ping_status":"closed","template":"","meta":{"om_disable_all_campaigns":false,"site-sidebar-layout":"default","site-content-layout":"","ast-site-content-layout":"default","site-content-style":"default","site-sidebar-style":"default","ast-global-header-display":"","ast-banner-title-visibility":"","ast-main-header-display":"","ast-hfb-above-header-display":"","ast-hfb-below-header-display":"","ast-hfb-mobile-header-display":"","site-post-title":"","ast-breadcrumbs-content":"","ast-featured-img":"","footer-sml-layout":"","theme-transparent-header-meta":"default","adv-header-id-meta":"","stick-header-meta":"","header-above-stick-meta":"","header-main-stick-meta":"","header-below-stick-meta":"","astra-migrate-meta-layouts":"set","ast-page-background-enabled":"default","ast-page-background-meta":{"desktop":{"background-color":"var(--ast-global-color-4)","background-image":"","background-repeat":"repeat","background-position":"center center","background-size":"auto","background-attachment":"scroll","background-type":"","background-media":"","overlay-type":"","overlay-color":"","overlay-opacity":"","overlay-gradient":""},"tablet":{"background-color":"","background-image":"","background-repeat":"repeat","background-position":"center center","background-size":"auto","background-attachment":"scroll","background-type":"","background-media":"","overlay-type":"","overlay-color":"","overlay-opacity":"","overlay-gradient":""},"mobile":{"background-color":"","background-image":"","background-repeat":"repeat","background-position":"center center","background-size":"auto","background-attachment":"scroll","background-type":"","background-media":"","overlay-type":"","overlay-color":"","overlay-opacity":"","overlay-gradient":""}},"ast-content-background-meta":{"desktop":{"background-color":"var(--ast-global-color-5)","background-image":"","background-repeat":"repeat","background-position":"center center","background-size":"auto","background-attachment":"scroll","background-type":"","background-media":"","overlay-type":"","overlay-color":"","overlay-opacity":"","overlay-gradient":""},"tablet":{"background-color":"var(--ast-global-color-5)","background-image":"","background-repeat":"repeat","background-position":"center center","background-size":"auto","background-attachment":"scroll","background-type":"","background-media":"","overlay-type":"","overlay-color":"","overlay-opacity":"","overlay-gradient":""},"mobile":{"background-color":"var(--ast-global-color-5)","background-image":"","background-repeat":"repeat","background-position":"center center","background-size":"auto","background-attachment":"scroll","background-type":"","background-media":"","overlay-type":"","overlay-color":"","overlay-opacity":"","overlay-gradient":""}}},"product_brand":[],"product_cat":[59],"product_tag":[95,141,144,54,90,142,143,46,67,92],"class_list":{"0":"post-5661","1":"product","2":"type-product","3":"status-publish","4":"has-post-thumbnail","6":"product_cat-templates-models-documents","7":"product_tag-administration","8":"product_tag-chercheur-demploi","9":"product_tag-debutant-ou-professionnel","10":"product_tag-emploi","11":"product_tag-entrepreneur","12":"product_tag-etudiant","13":"product_tag-modeles-de-cv-personalisable","14":"product_tag-modifiable","15":"product_tag-travail","16":"product_tag-word","17":"desktop-align-left","18":"tablet-align-left","19":"mobile-align-left","21":"first","22":"instock","23":"downloadable","24":"shipping-taxable","25":"purchasable","26":"product-type-simple"},"yoast_head":"<!-- This site is optimized with the Yoast SEO plugin v23.0 - https:\/\/yoast.com\/wordpress\/plugins\/seo\/ -->\n<title>Mod\u00e8le de CV personnalisable Bleu - Prudence Digital Products Store<\/title>\n<meta name=\"description\" content=\"Optez pour notre mod\u00e8le de CV personnalisable bleu pour une candidature \u00e9l\u00e9gante et professionnelle. Facile \u00e0 personnaliser sur Canva et Word, ce design clair et sophistiqu\u00e9 met en valeur vos comp\u00e9tences et exp\u00e9riences pour capter l&#039;attention des recruteurs.\" \/>\n<meta name=\"robots\" content=\"noindex, follow, max-snippet:-1, max-image-preview:large, max-video-preview:-1\" \/>\n<meta property=\"og:locale\" content=\"fr_FR\" \/>\n<meta property=\"og:type\" content=\"article\" \/>\n<meta property=\"og:title\" content=\"Mod\u00e8le de CV personnalisable Bleu - Prudence Digital Products Store\" \/>\n<meta property=\"og:description\" content=\"Optez pour notre mod\u00e8le de CV personnalisable bleu pour une candidature \u00e9l\u00e9gante et professionnelle. Facile \u00e0 personnaliser sur Canva et Word, ce design clair et sophistiqu\u00e9 met en valeur vos comp\u00e9tences et exp\u00e9riences pour capter l&#039;attention des recruteurs.\" \/>\n<meta property=\"og:url\" content=\"https:\/\/prudencevirtualsolutions.store\/fr\/produit\/modele-de-cv-personnalisable-bleu\/\" \/>\n<meta property=\"og:site_name\" content=\"Prudence Digital Products Store\" \/>\n<meta property=\"article:modified_time\" content=\"2024-10-23T01:02:14+00:00\" \/>\n<meta property=\"og:image\" content=\"https:\/\/prudencevirtualsolutions.store\/wp-content\/uploads\/2024\/09\/Bleu.png\" \/>\n\t<meta property=\"og:image:width\" content=\"1080\" \/>\n\t<meta property=\"og:image:height\" content=\"1350\" \/>\n\t<meta property=\"og:image:type\" content=\"image\/png\" \/>\n<meta name=\"twitter:card\" content=\"summary_large_image\" \/>\n<meta name=\"twitter:label1\" content=\"Dur\u00e9e de lecture estim\u00e9e\" \/>\n\t<meta name=\"twitter:data1\" content=\"1 minute\" \/>\n<script type=\"application\/ld+json\" class=\"yoast-schema-graph\">{\"@context\":\"https:\/\/schema.org\",\"@graph\":[{\"@type\":\"WebPage\",\"@id\":\"https:\/\/prudencevirtualsolutions.store\/product\/modele-de-cv-personnalisable-bleu\/\",\"url\":\"https:\/\/prudencevirtualsolutions.store\/product\/modele-de-cv-personnalisable-bleu\/\",\"name\":\"Mod\u00e8le de CV personnalisable Bleu - Prudence Digital Products Store\",\"isPartOf\":{\"@id\":\"https:\/\/prudencevirtualsolutions.store\/#website\"},\"primaryImageOfPage\":{\"@id\":\"https:\/\/prudencevirtualsolutions.store\/product\/modele-de-cv-personnalisable-bleu\/#primaryimage\"},\"image\":{\"@id\":\"https:\/\/prudencevirtualsolutions.store\/product\/modele-de-cv-personnalisable-bleu\/#primaryimage\"},\"thumbnailUrl\":\"https:\/\/prudencevirtualsolutions.store\/wp-content\/uploads\/2024\/09\/Bleu.png\",\"datePublished\":\"2024-09-08T09:03:08+00:00\",\"dateModified\":\"2024-10-23T01:02:14+00:00\",\"description\":\"Optez pour notre mod\u00e8le de CV personnalisable bleu pour une candidature \u00e9l\u00e9gante et professionnelle. Facile \u00e0 personnaliser sur Canva et Word, ce design clair et sophistiqu\u00e9 met en valeur vos comp\u00e9tences et exp\u00e9riences pour capter l'attention des recruteurs.\",\"breadcrumb\":{\"@id\":\"https:\/\/prudencevirtualsolutions.store\/product\/modele-de-cv-personnalisable-bleu\/#breadcrumb\"},\"inLanguage\":\"fr-FR\",\"potentialAction\":[{\"@type\":\"ReadAction\",\"target\":[\"https:\/\/prudencevirtualsolutions.store\/product\/modele-de-cv-personnalisable-bleu\/\"]}]},{\"@type\":\"ImageObject\",\"inLanguage\":\"fr-FR\",\"@id\":\"https:\/\/prudencevirtualsolutions.store\/product\/modele-de-cv-personnalisable-bleu\/#primaryimage\",\"url\":\"https:\/\/prudencevirtualsolutions.store\/wp-content\/uploads\/2024\/09\/Bleu.png\",\"contentUrl\":\"https:\/\/prudencevirtualsolutions.store\/wp-content\/uploads\/2024\/09\/Bleu.png\",\"width\":1080,\"height\":1350},{\"@type\":\"BreadcrumbList\",\"@id\":\"https:\/\/prudencevirtualsolutions.store\/product\/modele-de-cv-personnalisable-bleu\/#breadcrumb\",\"itemListElement\":[{\"@type\":\"ListItem\",\"position\":1,\"name\":\"Home\",\"item\":\"https:\/\/prudencevirtualsolutions.store\/\"},{\"@type\":\"ListItem\",\"position\":2,\"name\":\"Shop\",\"item\":\"https:\/\/prudencevirtualsolutions.store\/shop\/\"},{\"@type\":\"ListItem\",\"position\":3,\"name\":\"Mod\u00e8le de CV personnalisable Bleu\"}]},{\"@type\":\"WebSite\",\"@id\":\"https:\/\/prudencevirtualsolutions.store\/#website\",\"url\":\"https:\/\/prudencevirtualsolutions.store\/\",\"name\":\"Prudence Digital Products Store\",\"description\":\"Time-saving with digital products\",\"potentialAction\":[{\"@type\":\"SearchAction\",\"target\":{\"@type\":\"EntryPoint\",\"urlTemplate\":\"https:\/\/prudencevirtualsolutions.store\/?s={search_term_string}\"},\"query-input\":\"required name=search_term_string\"}],\"inLanguage\":\"fr-FR\"}]}<\/script>\n<!-- \/ Yoast SEO plugin. -->","yoast_head_json":{"title":"Mod\u00e8le de CV personnalisable Bleu - Prudence Digital Products Store","description":"Optez pour notre mod\u00e8le de CV personnalisable bleu pour une candidature \u00e9l\u00e9gante et professionnelle. Facile \u00e0 personnaliser sur Canva et Word, ce design clair et sophistiqu\u00e9 met en valeur vos comp\u00e9tences et exp\u00e9riences pour capter l'attention des recruteurs.","robots":{"index":"noindex","follow":"follow","max-snippet":"max-snippet:-1","max-image-preview":"max-image-preview:large","max-video-preview":"max-video-preview:-1"},"og_locale":"fr_FR","og_type":"article","og_title":"Mod\u00e8le de CV personnalisable Bleu - Prudence Digital Products Store","og_description":"Optez pour notre mod\u00e8le de CV personnalisable bleu pour une candidature \u00e9l\u00e9gante et professionnelle. Facile \u00e0 personnaliser sur Canva et Word, ce design clair et sophistiqu\u00e9 met en valeur vos comp\u00e9tences et exp\u00e9riences pour capter l'attention des recruteurs.","og_url":"https:\/\/prudencevirtualsolutions.store\/fr\/produit\/modele-de-cv-personnalisable-bleu\/","og_site_name":"Prudence Digital Products Store","article_modified_time":"2024-10-23T01:02:14+00:00","og_image":[{"width":1080,"height":1350,"url":"https:\/\/prudencevirtualsolutions.store\/wp-content\/uploads\/2024\/09\/Bleu.png","type":"image\/png"}],"twitter_card":"summary_large_image","twitter_misc":{"Dur\u00e9e de lecture estim\u00e9e":"1 minute"},"schema":{"@context":"https:\/\/schema.org","@graph":[{"@type":"WebPage","@id":"https:\/\/prudencevirtualsolutions.store\/product\/modele-de-cv-personnalisable-bleu\/","url":"https:\/\/prudencevirtualsolutions.store\/product\/modele-de-cv-personnalisable-bleu\/","name":"Mod\u00e8le de CV personnalisable Bleu - Prudence Digital Products Store","isPartOf":{"@id":"https:\/\/prudencevirtualsolutions.store\/#website"},"primaryImageOfPage":{"@id":"https:\/\/prudencevirtualsolutions.store\/product\/modele-de-cv-personnalisable-bleu\/#primaryimage"},"image":{"@id":"https:\/\/prudencevirtualsolutions.store\/product\/modele-de-cv-personnalisable-bleu\/#primaryimage"},"thumbnailUrl":"https:\/\/prudencevirtualsolutions.store\/wp-content\/uploads\/2024\/09\/Bleu.png","datePublished":"2024-09-08T09:03:08+00:00","dateModified":"2024-10-23T01:02:14+00:00","description":"Optez pour notre mod\u00e8le de CV personnalisable bleu pour une candidature \u00e9l\u00e9gante et professionnelle. Facile \u00e0 personnaliser sur Canva et Word, ce design clair et sophistiqu\u00e9 met en valeur vos comp\u00e9tences et exp\u00e9riences pour capter l'attention des recruteurs.","breadcrumb":{"@id":"https:\/\/prudencevirtualsolutions.store\/product\/modele-de-cv-personnalisable-bleu\/#breadcrumb"},"inLanguage":"fr-FR","potentialAction":[{"@type":"ReadAction","target":["https:\/\/prudencevirtualsolutions.store\/product\/modele-de-cv-personnalisable-bleu\/"]}]},{"@type":"ImageObject","inLanguage":"fr-FR","@id":"https:\/\/prudencevirtualsolutions.store\/product\/modele-de-cv-personnalisable-bleu\/#primaryimage","url":"https:\/\/prudencevirtualsolutions.store\/wp-content\/uploads\/2024\/09\/Bleu.png","contentUrl":"https:\/\/prudencevirtualsolutions.store\/wp-content\/uploads\/2024\/09\/Bleu.png","width":1080,"height":1350},{"@type":"BreadcrumbList","@id":"https:\/\/prudencevirtualsolutions.store\/product\/modele-de-cv-personnalisable-bleu\/#breadcrumb","itemListElement":[{"@type":"ListItem","position":1,"name":"Home","item":"https:\/\/prudencevirtualsolutions.store\/"},{"@type":"ListItem","position":2,"name":"Shop","item":"https:\/\/prudencevirtualsolutions.store\/shop\/"},{"@type":"ListItem","position":3,"name":"Mod\u00e8le de CV personnalisable Bleu"}]},{"@type":"WebSite","@id":"https:\/\/prudencevirtualsolutions.store\/#website","url":"https:\/\/prudencevirtualsolutions.store\/","name":"Prudence Digital Products Store","description":"Time-saving with digital products","potentialAction":[{"@type":"SearchAction","target":{"@type":"EntryPoint","urlTemplate":"https:\/\/prudencevirtualsolutions.store\/?s={search_term_string}"},"query-input":"required name=search_term_string"}],"inLanguage":"fr-FR"}]}},"_links":{"self":[{"href":"https:\/\/prudencevirtualsolutions.store\/fr\/wp-json\/wp\/v2\/product\/5661","targetHints":{"allow":["GET"]}}],"collection":[{"href":"https:\/\/prudencevirtualsolutions.store\/fr\/wp-json\/wp\/v2\/product"}],"about":[{"href":"https:\/\/prudencevirtualsolutions.store\/fr\/wp-json\/wp\/v2\/types\/product"}],"replies":[{"embeddable":true,"href":"https:\/\/prudencevirtualsolutions.store\/fr\/wp-json\/wp\/v2\/comments?post=5661"}],"version-history":[{"count":0,"href":"https:\/\/prudencevirtualsolutions.store\/fr\/wp-json\/wp\/v2\/product\/5661\/revisions"}],"wp:featuredmedia":[{"embeddable":true,"href":"https:\/\/prudencevirtualsolutions.store\/fr\/wp-json\/wp\/v2\/media\/5665"}],"wp:attachment":[{"href":"https:\/\/prudencevirtualsolutions.store\/fr\/wp-json\/wp\/v2\/media?parent=5661"}],"wp:term":[{"taxonomy":"product_brand","embeddable":true,"href":"https:\/\/prudencevirtualsolutions.store\/fr\/wp-json\/wp\/v2\/product_brand?post=5661"},{"taxonomy":"product_cat","embeddable":true,"href":"https:\/\/prudencevirtualsolutions.store\/fr\/wp-json\/wp\/v2\/product_cat?post=5661"},{"taxonomy":"product_tag","embeddable":true,"href":"https:\/\/prudencevirtualsolutions.store\/fr\/wp-json\/wp\/v2\/product_tag?post=5661"}],"curies":[{"name":"wp","href":"https:\/\/api.w.org\/{rel}","templated":true}]}}