{"id":5683,"date":"2024-09-08T11:00:23","date_gmt":"2024-09-08T11:00:23","guid":{"rendered":"https:\/\/prudencevirtualsolutions.store\/?post_type=product&#038;p=5683"},"modified":"2024-09-08T11:48:21","modified_gmt":"2024-09-08T11:48:21","slug":"modeles-de-cv-personnalisables-copy","status":"publish","type":"product","link":"https:\/\/prudencevirtualsolutions.store\/fr\/produit\/modeles-de-cv-personnalisables-copy\/","title":{"rendered":"Mod\u00e8les de CV personnalisables"},"content":{"rendered":"<p>D\u00e9couvrez notre collection de mod\u00e8les de CV personnalisables, con\u00e7us pour r\u00e9pondre \u00e0 toutes vos besoins professionnels. Que vous recherchiez un design moderne, \u00e9l\u00e9gant, ou classique, nos mod\u00e8les offrent une pr\u00e9sentation claire et professionnelle pour mettre en valeur vos comp\u00e9tences et exp\u00e9riences. Faciles \u00e0 personnaliser sur Canva et Word, ils vous permettent d&#8217;ajuster les sections, les couleurs et les mises en page pour cr\u00e9er un CV qui refl\u00e8te parfaitement votre style et votre parcours. Faites bonne impression et d\u00e9marquez-vous dans le processus de recrutement avec un CV unique et adapt\u00e9 \u00e0 votre carri\u00e8re.<\/p>","protected":false},"excerpt":{"rendered":"<p>Cr\u00e9ez un CV unique avec nos mod\u00e8les personnalisables. Disponibles sur Canva et Word, ces designs vari\u00e9s vous permettent de mettre en valeur vos comp\u00e9tences et exp\u00e9riences de mani\u00e8re professionnelle et adapt\u00e9e \u00e0 votre style.<\/p>","protected":false},"featured_media":5690,"comment_status":"open","ping_status":"closed","template":"","meta":{"om_disable_all_campaigns":false,"site-sidebar-layout":"default","site-content-layout":"","ast-site-content-layout":"default","site-content-style":"default","site-sidebar-style":"default","ast-global-header-display":"","ast-banner-title-visibility":"","ast-main-header-display":"","ast-hfb-above-header-display":"","ast-hfb-below-header-display":"","ast-hfb-mobile-header-display":"","site-post-title":"","ast-breadcrumbs-content":"","ast-featured-img":"","footer-sml-layout":"","theme-transparent-header-meta":"default","adv-header-id-meta":"","stick-header-meta":"","header-above-stick-meta":"","header-main-stick-meta":"","header-below-stick-meta":"","astra-migrate-meta-layouts":"set","ast-page-background-enabled":"default","ast-page-background-meta":{"desktop":{"background-color":"var(--ast-global-color-4)","background-image":"","background-repeat":"repeat","background-position":"center center","background-size":"auto","background-attachment":"scroll","background-type":"","background-media":"","overlay-type":"","overlay-color":"","overlay-opacity":"","overlay-gradient":""},"tablet":{"background-color":"","background-image":"","background-repeat":"repeat","background-position":"center center","background-size":"auto","background-attachment":"scroll","background-type":"","background-media":"","overlay-type":"","overlay-color":"","overlay-opacity":"","overlay-gradient":""},"mobile":{"background-color":"","background-image":"","background-repeat":"repeat","background-position":"center center","background-size":"auto","background-attachment":"scroll","background-type":"","background-media":"","overlay-type":"","overlay-color":"","overlay-opacity":"","overlay-gradient":""}},"ast-content-background-meta":{"desktop":{"background-color":"var(--ast-global-color-5)","background-image":"","background-repeat":"repeat","background-position":"center center","background-size":"auto","background-attachment":"scroll","background-type":"","background-media":"","overlay-type":"","overlay-color":"","overlay-opacity":"","overlay-gradient":""},"tablet":{"background-color":"var(--ast-global-color-5)","background-image":"","background-repeat":"repeat","background-position":"center center","background-size":"auto","background-attachment":"scroll","background-type":"","background-media":"","overlay-type":"","overlay-color":"","overlay-opacity":"","overlay-gradient":""},"mobile":{"background-color":"var(--ast-global-color-5)","background-image":"","background-repeat":"repeat","background-position":"center center","background-size":"auto","background-attachment":"scroll","background-type":"","background-media":"","overlay-type":"","overlay-color":"","overlay-opacity":"","overlay-gradient":""}}},"product_brand":[],"product_cat":[59],"product_tag":[95,141,144,54,90,142,143,46,67,92],"class_list":{"0":"post-5683","1":"product","2":"type-product","3":"status-publish","4":"has-post-thumbnail","6":"product_cat-templates-models-documents","7":"product_tag-administration","8":"product_tag-chercheur-demploi","9":"product_tag-debutant-ou-professionnel","10":"product_tag-emploi","11":"product_tag-entrepreneur","12":"product_tag-etudiant","13":"product_tag-modeles-de-cv-personalisable","14":"product_tag-modifiable","15":"product_tag-travail","16":"product_tag-word","17":"desktop-align-left","18":"tablet-align-left","19":"mobile-align-left","21":"first","22":"instock","23":"sale","24":"downloadable","25":"shipping-taxable","26":"purchasable","27":"product-type-simple"},"yoast_head":"<!-- This site is optimized with the Yoast SEO plugin v23.0 - https:\/\/yoast.com\/wordpress\/plugins\/seo\/ -->\n<title>Mod\u00e8les de CV personnalisables - Prudence Digital Products Store<\/title>\n<meta name=\"description\" content=\"Explorez nos mod\u00e8les de CV personnalisables pour une pr\u00e9sentation professionnelle et adapt\u00e9e \u00e0 vos besoins. Faciles \u00e0 personnaliser sur Canva et Word, ces mod\u00e8les vari\u00e9s vous permettent de cr\u00e9er un CV unique qui met en valeur vos comp\u00e9tences et exp\u00e9riences.\" \/>\n<meta name=\"robots\" content=\"noindex, follow, max-snippet:-1, max-image-preview:large, max-video-preview:-1\" \/>\n<meta property=\"og:locale\" content=\"fr_FR\" \/>\n<meta property=\"og:type\" content=\"article\" \/>\n<meta property=\"og:title\" content=\"Mod\u00e8les de CV personnalisables - Prudence Digital Products Store\" \/>\n<meta property=\"og:description\" content=\"Explorez nos mod\u00e8les de CV personnalisables pour une pr\u00e9sentation professionnelle et adapt\u00e9e \u00e0 vos besoins. Faciles \u00e0 personnaliser sur Canva et Word, ces mod\u00e8les vari\u00e9s vous permettent de cr\u00e9er un CV unique qui met en valeur vos comp\u00e9tences et exp\u00e9riences.\" \/>\n<meta property=\"og:url\" content=\"https:\/\/prudencevirtualsolutions.store\/fr\/produit\/modeles-de-cv-personnalisables-copy\/\" \/>\n<meta property=\"og:site_name\" content=\"Prudence Digital Products Store\" \/>\n<meta property=\"article:modified_time\" content=\"2024-09-08T11:48:21+00:00\" \/>\n<meta property=\"og:image\" content=\"https:\/\/prudencevirtualsolutions.store\/wp-content\/uploads\/2024\/09\/Minimal-On-The-Table-Mockup-CV-personalisable-1.png\" \/>\n\t<meta property=\"og:image:width\" content=\"1080\" \/>\n\t<meta property=\"og:image:height\" content=\"1920\" \/>\n\t<meta property=\"og:image:type\" content=\"image\/png\" \/>\n<meta name=\"twitter:card\" content=\"summary_large_image\" \/>\n<meta name=\"twitter:label1\" content=\"Dur\u00e9e de lecture estim\u00e9e\" \/>\n\t<meta name=\"twitter:data1\" content=\"1 minute\" \/>\n<script type=\"application\/ld+json\" class=\"yoast-schema-graph\">{\"@context\":\"https:\/\/schema.org\",\"@graph\":[{\"@type\":\"WebPage\",\"@id\":\"https:\/\/prudencevirtualsolutions.store\/product\/modeles-de-cv-personnalisables-copy\/\",\"url\":\"https:\/\/prudencevirtualsolutions.store\/product\/modeles-de-cv-personnalisables-copy\/\",\"name\":\"Mod\u00e8les de CV personnalisables - Prudence Digital Products Store\",\"isPartOf\":{\"@id\":\"https:\/\/prudencevirtualsolutions.store\/#website\"},\"primaryImageOfPage\":{\"@id\":\"https:\/\/prudencevirtualsolutions.store\/product\/modeles-de-cv-personnalisables-copy\/#primaryimage\"},\"image\":{\"@id\":\"https:\/\/prudencevirtualsolutions.store\/product\/modeles-de-cv-personnalisables-copy\/#primaryimage\"},\"thumbnailUrl\":\"https:\/\/prudencevirtualsolutions.store\/wp-content\/uploads\/2024\/09\/Minimal-On-The-Table-Mockup-CV-personalisable-1.png\",\"datePublished\":\"2024-09-08T11:00:23+00:00\",\"dateModified\":\"2024-09-08T11:48:21+00:00\",\"description\":\"Explorez nos mod\u00e8les de CV personnalisables pour une pr\u00e9sentation professionnelle et adapt\u00e9e \u00e0 vos besoins. Faciles \u00e0 personnaliser sur Canva et Word, ces mod\u00e8les vari\u00e9s vous permettent de cr\u00e9er un CV unique qui met en valeur vos comp\u00e9tences et exp\u00e9riences.\",\"breadcrumb\":{\"@id\":\"https:\/\/prudencevirtualsolutions.store\/product\/modeles-de-cv-personnalisables-copy\/#breadcrumb\"},\"inLanguage\":\"fr-FR\",\"potentialAction\":[{\"@type\":\"ReadAction\",\"target\":[\"https:\/\/prudencevirtualsolutions.store\/product\/modeles-de-cv-personnalisables-copy\/\"]}]},{\"@type\":\"ImageObject\",\"inLanguage\":\"fr-FR\",\"@id\":\"https:\/\/prudencevirtualsolutions.store\/product\/modeles-de-cv-personnalisables-copy\/#primaryimage\",\"url\":\"https:\/\/prudencevirtualsolutions.store\/wp-content\/uploads\/2024\/09\/Minimal-On-The-Table-Mockup-CV-personalisable-1.png\",\"contentUrl\":\"https:\/\/prudencevirtualsolutions.store\/wp-content\/uploads\/2024\/09\/Minimal-On-The-Table-Mockup-CV-personalisable-1.png\",\"width\":1080,\"height\":1920},{\"@type\":\"BreadcrumbList\",\"@id\":\"https:\/\/prudencevirtualsolutions.store\/product\/modeles-de-cv-personnalisables-copy\/#breadcrumb\",\"itemListElement\":[{\"@type\":\"ListItem\",\"position\":1,\"name\":\"Home\",\"item\":\"https:\/\/prudencevirtualsolutions.store\/\"},{\"@type\":\"ListItem\",\"position\":2,\"name\":\"Shop\",\"item\":\"https:\/\/prudencevirtualsolutions.store\/shop\/\"},{\"@type\":\"ListItem\",\"position\":3,\"name\":\"Mod\u00e8les de CV personnalisables\"}]},{\"@type\":\"WebSite\",\"@id\":\"https:\/\/prudencevirtualsolutions.store\/#website\",\"url\":\"https:\/\/prudencevirtualsolutions.store\/\",\"name\":\"Prudence Digital Products Store\",\"description\":\"Time-saving with digital products\",\"potentialAction\":[{\"@type\":\"SearchAction\",\"target\":{\"@type\":\"EntryPoint\",\"urlTemplate\":\"https:\/\/prudencevirtualsolutions.store\/?s={search_term_string}\"},\"query-input\":\"required name=search_term_string\"}],\"inLanguage\":\"fr-FR\"}]}<\/script>\n<!-- \/ Yoast SEO plugin. -->","yoast_head_json":{"title":"Mod\u00e8les de CV personnalisables - Prudence Digital Products Store","description":"Explorez nos mod\u00e8les de CV personnalisables pour une pr\u00e9sentation professionnelle et adapt\u00e9e \u00e0 vos besoins. Faciles \u00e0 personnaliser sur Canva et Word, ces mod\u00e8les vari\u00e9s vous permettent de cr\u00e9er un CV unique qui met en valeur vos comp\u00e9tences et exp\u00e9riences.","robots":{"index":"noindex","follow":"follow","max-snippet":"max-snippet:-1","max-image-preview":"max-image-preview:large","max-video-preview":"max-video-preview:-1"},"og_locale":"fr_FR","og_type":"article","og_title":"Mod\u00e8les de CV personnalisables - Prudence Digital Products Store","og_description":"Explorez nos mod\u00e8les de CV personnalisables pour une pr\u00e9sentation professionnelle et adapt\u00e9e \u00e0 vos besoins. Faciles \u00e0 personnaliser sur Canva et Word, ces mod\u00e8les vari\u00e9s vous permettent de cr\u00e9er un CV unique qui met en valeur vos comp\u00e9tences et exp\u00e9riences.","og_url":"https:\/\/prudencevirtualsolutions.store\/fr\/produit\/modeles-de-cv-personnalisables-copy\/","og_site_name":"Prudence Digital Products Store","article_modified_time":"2024-09-08T11:48:21+00:00","og_image":[{"width":1080,"height":1920,"url":"https:\/\/prudencevirtualsolutions.store\/wp-content\/uploads\/2024\/09\/Minimal-On-The-Table-Mockup-CV-personalisable-1.png","type":"image\/png"}],"twitter_card":"summary_large_image","twitter_misc":{"Dur\u00e9e de lecture estim\u00e9e":"1 minute"},"schema":{"@context":"https:\/\/schema.org","@graph":[{"@type":"WebPage","@id":"https:\/\/prudencevirtualsolutions.store\/product\/modeles-de-cv-personnalisables-copy\/","url":"https:\/\/prudencevirtualsolutions.store\/product\/modeles-de-cv-personnalisables-copy\/","name":"Mod\u00e8les de CV personnalisables - Prudence Digital Products Store","isPartOf":{"@id":"https:\/\/prudencevirtualsolutions.store\/#website"},"primaryImageOfPage":{"@id":"https:\/\/prudencevirtualsolutions.store\/product\/modeles-de-cv-personnalisables-copy\/#primaryimage"},"image":{"@id":"https:\/\/prudencevirtualsolutions.store\/product\/modeles-de-cv-personnalisables-copy\/#primaryimage"},"thumbnailUrl":"https:\/\/prudencevirtualsolutions.store\/wp-content\/uploads\/2024\/09\/Minimal-On-The-Table-Mockup-CV-personalisable-1.png","datePublished":"2024-09-08T11:00:23+00:00","dateModified":"2024-09-08T11:48:21+00:00","description":"Explorez nos mod\u00e8les de CV personnalisables pour une pr\u00e9sentation professionnelle et adapt\u00e9e \u00e0 vos besoins. Faciles \u00e0 personnaliser sur Canva et Word, ces mod\u00e8les vari\u00e9s vous permettent de cr\u00e9er un CV unique qui met en valeur vos comp\u00e9tences et exp\u00e9riences.","breadcrumb":{"@id":"https:\/\/prudencevirtualsolutions.store\/product\/modeles-de-cv-personnalisables-copy\/#breadcrumb"},"inLanguage":"fr-FR","potentialAction":[{"@type":"ReadAction","target":["https:\/\/prudencevirtualsolutions.store\/product\/modeles-de-cv-personnalisables-copy\/"]}]},{"@type":"ImageObject","inLanguage":"fr-FR","@id":"https:\/\/prudencevirtualsolutions.store\/product\/modeles-de-cv-personnalisables-copy\/#primaryimage","url":"https:\/\/prudencevirtualsolutions.store\/wp-content\/uploads\/2024\/09\/Minimal-On-The-Table-Mockup-CV-personalisable-1.png","contentUrl":"https:\/\/prudencevirtualsolutions.store\/wp-content\/uploads\/2024\/09\/Minimal-On-The-Table-Mockup-CV-personalisable-1.png","width":1080,"height":1920},{"@type":"BreadcrumbList","@id":"https:\/\/prudencevirtualsolutions.store\/product\/modeles-de-cv-personnalisables-copy\/#breadcrumb","itemListElement":[{"@type":"ListItem","position":1,"name":"Home","item":"https:\/\/prudencevirtualsolutions.store\/"},{"@type":"ListItem","position":2,"name":"Shop","item":"https:\/\/prudencevirtualsolutions.store\/shop\/"},{"@type":"ListItem","position":3,"name":"Mod\u00e8les de CV personnalisables"}]},{"@type":"WebSite","@id":"https:\/\/prudencevirtualsolutions.store\/#website","url":"https:\/\/prudencevirtualsolutions.store\/","name":"Prudence Digital Products Store","description":"Time-saving with digital products","potentialAction":[{"@type":"SearchAction","target":{"@type":"EntryPoint","urlTemplate":"https:\/\/prudencevirtualsolutions.store\/?s={search_term_string}"},"query-input":"required name=search_term_string"}],"inLanguage":"fr-FR"}]}},"_links":{"self":[{"href":"https:\/\/prudencevirtualsolutions.store\/fr\/wp-json\/wp\/v2\/product\/5683","targetHints":{"allow":["GET"]}}],"collection":[{"href":"https:\/\/prudencevirtualsolutions.store\/fr\/wp-json\/wp\/v2\/product"}],"about":[{"href":"https:\/\/prudencevirtualsolutions.store\/fr\/wp-json\/wp\/v2\/types\/product"}],"replies":[{"embeddable":true,"href":"https:\/\/prudencevirtualsolutions.store\/fr\/wp-json\/wp\/v2\/comments?post=5683"}],"version-history":[{"count":0,"href":"https:\/\/prudencevirtualsolutions.store\/fr\/wp-json\/wp\/v2\/product\/5683\/revisions"}],"wp:featuredmedia":[{"embeddable":true,"href":"https:\/\/prudencevirtualsolutions.store\/fr\/wp-json\/wp\/v2\/media\/5690"}],"wp:attachment":[{"href":"https:\/\/prudencevirtualsolutions.store\/fr\/wp-json\/wp\/v2\/media?parent=5683"}],"wp:term":[{"taxonomy":"product_brand","embeddable":true,"href":"https:\/\/prudencevirtualsolutions.store\/fr\/wp-json\/wp\/v2\/product_brand?post=5683"},{"taxonomy":"product_cat","embeddable":true,"href":"https:\/\/prudencevirtualsolutions.store\/fr\/wp-json\/wp\/v2\/product_cat?post=5683"},{"taxonomy":"product_tag","embeddable":true,"href":"https:\/\/prudencevirtualsolutions.store\/fr\/wp-json\/wp\/v2\/product_tag?post=5683"}],"curies":[{"name":"wp","href":"https:\/\/api.w.org\/{rel}","templated":true}]}}