{"id":5706,"date":"2024-09-08T12:10:43","date_gmt":"2024-09-08T12:10:43","guid":{"rendered":"https:\/\/prudencevirtualsolutions.store\/?post_type=product&#038;p=5706"},"modified":"2025-06-09T05:44:23","modified_gmt":"2025-06-09T05:44:23","slug":"hoodie-pullover-leaves-are-falling","status":"publish","type":"product","link":"https:\/\/prudencevirtualsolutions.store\/fr\/produit\/hoodie-pullover-leaves-are-falling\/","title":{"rendered":"Hoodie\/Pullover Leaves are falling"},"content":{"rendered":"<p>C\u00e9l\u00e9brez l&#8217;automne avec notre hoodie pullover &#8220;Leaves are Falling&#8221;. Ce v\u00eatement tendance allie confort et style, parfait pour les amoureux de la saison. Avec son design \u00e9l\u00e9gant, il capture l&#8217;essence de l&#8217;automne tout en vous gardant au chaud. Id\u00e9al pour les journ\u00e9es fra\u00eeches, ce hoodie vous permet d&#8217;afficher votre amour pour la saison tout en restant chic et d\u00e9contract\u00e9. Faites l&#8217;exp\u00e9rience de la douceur et du charme automnal avec ce pullover incontournable.<\/p>","protected":false},"excerpt":{"rendered":"<p>C\u00e9l\u00e9brez l&#8217;automne avec ce hoodie ou pullover \u00e9l\u00e9gant. Confortable et chaud, il capture parfaitement l&#8217;esprit de la saison et ajoute une touche de style \u00e0 vos journ\u00e9es fra\u00eeches.<\/p>","protected":false},"featured_media":5739,"comment_status":"open","ping_status":"closed","template":"","meta":{"om_disable_all_campaigns":false,"site-sidebar-layout":"default","site-content-layout":"","ast-site-content-layout":"default","site-content-style":"default","site-sidebar-style":"default","ast-global-header-display":"","ast-banner-title-visibility":"","ast-main-header-display":"","ast-hfb-above-header-display":"","ast-hfb-below-header-display":"","ast-hfb-mobile-header-display":"","site-post-title":"","ast-breadcrumbs-content":"","ast-featured-img":"","footer-sml-layout":"","theme-transparent-header-meta":"default","adv-header-id-meta":"","stick-header-meta":"","header-above-stick-meta":"","header-main-stick-meta":"","header-below-stick-meta":"","astra-migrate-meta-layouts":"set","ast-page-background-enabled":"default","ast-page-background-meta":{"desktop":{"background-color":"var(--ast-global-color-4)","background-image":"","background-repeat":"repeat","background-position":"center center","background-size":"auto","background-attachment":"scroll","background-type":"","background-media":"","overlay-type":"","overlay-color":"","overlay-opacity":"","overlay-gradient":""},"tablet":{"background-color":"","background-image":"","background-repeat":"repeat","background-position":"center center","background-size":"auto","background-attachment":"scroll","background-type":"","background-media":"","overlay-type":"","overlay-color":"","overlay-opacity":"","overlay-gradient":""},"mobile":{"background-color":"","background-image":"","background-repeat":"repeat","background-position":"center center","background-size":"auto","background-attachment":"scroll","background-type":"","background-media":"","overlay-type":"","overlay-color":"","overlay-opacity":"","overlay-gradient":""}},"ast-content-background-meta":{"desktop":{"background-color":"var(--ast-global-color-5)","background-image":"","background-repeat":"repeat","background-position":"center center","background-size":"auto","background-attachment":"scroll","background-type":"","background-media":"","overlay-type":"","overlay-color":"","overlay-opacity":"","overlay-gradient":""},"tablet":{"background-color":"var(--ast-global-color-5)","background-image":"","background-repeat":"repeat","background-position":"center center","background-size":"auto","background-attachment":"scroll","background-type":"","background-media":"","overlay-type":"","overlay-color":"","overlay-opacity":"","overlay-gradient":""},"mobile":{"background-color":"var(--ast-global-color-5)","background-image":"","background-repeat":"repeat","background-position":"center center","background-size":"auto","background-attachment":"scroll","background-type":"","background-media":"","overlay-type":"","overlay-color":"","overlay-opacity":"","overlay-gradient":""}}},"product_brand":[],"product_cat":[60],"product_tag":[147,150,149,156,145,152,154,146,151,153,155,148],"class_list":{"0":"post-5706","1":"product","2":"type-product","3":"status-publish","4":"has-post-thumbnail","6":"product_cat-print-on-demand","7":"product_tag-automne","8":"product_tag-chic","9":"product_tag-confortable","10":"product_tag-design-automnal","11":"product_tag-hoodie","12":"product_tag-hoodie-avec-capuche","13":"product_tag-mode-automne","14":"product_tag-pullover","15":"product_tag-saison-automnale","16":"product_tag-style-decontracte","17":"product_tag-vetement-chaud","18":"product_tag-vetement-dautomne","19":"desktop-align-left","20":"tablet-align-left","21":"mobile-align-left","23":"first","24":"instock","25":"shipping-taxable","26":"purchasable","27":"product-type-variable"},"yoast_head":"<!-- This site is optimized with the Yoast SEO plugin v23.0 - https:\/\/yoast.com\/wordpress\/plugins\/seo\/ -->\n<title>Hoodie\/Pullover Leaves are falling - Prudence Digital Products Store<\/title>\n<meta name=\"description\" content=\"Adoptez le style automnal avec notre hoodie &#039;Leaves are Falling&#039;. Confortable, chaud et parfait pour les journ\u00e9es fra\u00eeches de la saison\" \/>\n<meta name=\"robots\" content=\"noindex, follow, max-snippet:-1, max-image-preview:large, max-video-preview:-1\" \/>\n<meta property=\"og:locale\" content=\"fr_FR\" \/>\n<meta property=\"og:type\" content=\"article\" \/>\n<meta property=\"og:title\" content=\"Hoodie\/Pullover Leaves are falling - Prudence Digital Products Store\" \/>\n<meta property=\"og:description\" content=\"Adoptez le style automnal avec notre hoodie &#039;Leaves are Falling&#039;. Confortable, chaud et parfait pour les journ\u00e9es fra\u00eeches de la saison\" \/>\n<meta property=\"og:url\" content=\"https:\/\/prudencevirtualsolutions.store\/fr\/produit\/hoodie-pullover-leaves-are-falling\/\" \/>\n<meta property=\"og:site_name\" content=\"Prudence Digital Products Store\" \/>\n<meta property=\"article:modified_time\" content=\"2025-06-09T05:44:23+00:00\" \/>\n<meta property=\"og:image\" content=\"https:\/\/prudencevirtualsolutions.store\/wp-content\/uploads\/2024\/09\/4-scaled.jpg\" \/>\n\t<meta property=\"og:image:width\" content=\"2560\" \/>\n\t<meta property=\"og:image:height\" content=\"1920\" \/>\n\t<meta property=\"og:image:type\" content=\"image\/jpeg\" \/>\n<meta name=\"twitter:card\" content=\"summary_large_image\" \/>\n<meta name=\"twitter:label1\" content=\"Dur\u00e9e de lecture estim\u00e9e\" \/>\n\t<meta name=\"twitter:data1\" content=\"1 minute\" \/>\n<script type=\"application\/ld+json\" class=\"yoast-schema-graph\">{\"@context\":\"https:\/\/schema.org\",\"@graph\":[{\"@type\":\"WebPage\",\"@id\":\"https:\/\/prudencevirtualsolutions.store\/product\/hoodie-pullover-leaves-are-falling\/\",\"url\":\"https:\/\/prudencevirtualsolutions.store\/product\/hoodie-pullover-leaves-are-falling\/\",\"name\":\"Hoodie\/Pullover Leaves are falling - Prudence Digital Products Store\",\"isPartOf\":{\"@id\":\"https:\/\/prudencevirtualsolutions.store\/#website\"},\"primaryImageOfPage\":{\"@id\":\"https:\/\/prudencevirtualsolutions.store\/product\/hoodie-pullover-leaves-are-falling\/#primaryimage\"},\"image\":{\"@id\":\"https:\/\/prudencevirtualsolutions.store\/product\/hoodie-pullover-leaves-are-falling\/#primaryimage\"},\"thumbnailUrl\":\"https:\/\/prudencevirtualsolutions.store\/wp-content\/uploads\/2024\/09\/4-scaled.jpg\",\"datePublished\":\"2024-09-08T12:10:43+00:00\",\"dateModified\":\"2025-06-09T05:44:23+00:00\",\"description\":\"Adoptez le style automnal avec notre hoodie 'Leaves are Falling'. Confortable, chaud et parfait pour les journ\u00e9es fra\u00eeches de la saison\",\"breadcrumb\":{\"@id\":\"https:\/\/prudencevirtualsolutions.store\/product\/hoodie-pullover-leaves-are-falling\/#breadcrumb\"},\"inLanguage\":\"fr-FR\",\"potentialAction\":[{\"@type\":\"ReadAction\",\"target\":[\"https:\/\/prudencevirtualsolutions.store\/product\/hoodie-pullover-leaves-are-falling\/\"]}]},{\"@type\":\"ImageObject\",\"inLanguage\":\"fr-FR\",\"@id\":\"https:\/\/prudencevirtualsolutions.store\/product\/hoodie-pullover-leaves-are-falling\/#primaryimage\",\"url\":\"https:\/\/prudencevirtualsolutions.store\/wp-content\/uploads\/2024\/09\/4-scaled.jpg\",\"contentUrl\":\"https:\/\/prudencevirtualsolutions.store\/wp-content\/uploads\/2024\/09\/4-scaled.jpg\",\"width\":2560,\"height\":1920},{\"@type\":\"BreadcrumbList\",\"@id\":\"https:\/\/prudencevirtualsolutions.store\/product\/hoodie-pullover-leaves-are-falling\/#breadcrumb\",\"itemListElement\":[{\"@type\":\"ListItem\",\"position\":1,\"name\":\"Home\",\"item\":\"https:\/\/prudencevirtualsolutions.store\/\"},{\"@type\":\"ListItem\",\"position\":2,\"name\":\"Shop\",\"item\":\"https:\/\/prudencevirtualsolutions.store\/shop\/\"},{\"@type\":\"ListItem\",\"position\":3,\"name\":\"Hoodie\/Pullover Leaves are falling\"}]},{\"@type\":\"WebSite\",\"@id\":\"https:\/\/prudencevirtualsolutions.store\/#website\",\"url\":\"https:\/\/prudencevirtualsolutions.store\/\",\"name\":\"Prudence Digital Products Store\",\"description\":\"Time-saving with digital products\",\"potentialAction\":[{\"@type\":\"SearchAction\",\"target\":{\"@type\":\"EntryPoint\",\"urlTemplate\":\"https:\/\/prudencevirtualsolutions.store\/?s={search_term_string}\"},\"query-input\":\"required name=search_term_string\"}],\"inLanguage\":\"fr-FR\"}]}<\/script>\n<!-- \/ Yoast SEO plugin. -->","yoast_head_json":{"title":"Hoodie\/Pullover Leaves are falling - Prudence Digital Products Store","description":"Adoptez le style automnal avec notre hoodie 'Leaves are Falling'. Confortable, chaud et parfait pour les journ\u00e9es fra\u00eeches de la saison","robots":{"index":"noindex","follow":"follow","max-snippet":"max-snippet:-1","max-image-preview":"max-image-preview:large","max-video-preview":"max-video-preview:-1"},"og_locale":"fr_FR","og_type":"article","og_title":"Hoodie\/Pullover Leaves are falling - Prudence Digital Products Store","og_description":"Adoptez le style automnal avec notre hoodie 'Leaves are Falling'. Confortable, chaud et parfait pour les journ\u00e9es fra\u00eeches de la saison","og_url":"https:\/\/prudencevirtualsolutions.store\/fr\/produit\/hoodie-pullover-leaves-are-falling\/","og_site_name":"Prudence Digital Products Store","article_modified_time":"2025-06-09T05:44:23+00:00","og_image":[{"width":2560,"height":1920,"url":"https:\/\/prudencevirtualsolutions.store\/wp-content\/uploads\/2024\/09\/4-scaled.jpg","type":"image\/jpeg"}],"twitter_card":"summary_large_image","twitter_misc":{"Dur\u00e9e de lecture estim\u00e9e":"1 minute"},"schema":{"@context":"https:\/\/schema.org","@graph":[{"@type":"WebPage","@id":"https:\/\/prudencevirtualsolutions.store\/product\/hoodie-pullover-leaves-are-falling\/","url":"https:\/\/prudencevirtualsolutions.store\/product\/hoodie-pullover-leaves-are-falling\/","name":"Hoodie\/Pullover Leaves are falling - Prudence Digital Products Store","isPartOf":{"@id":"https:\/\/prudencevirtualsolutions.store\/#website"},"primaryImageOfPage":{"@id":"https:\/\/prudencevirtualsolutions.store\/product\/hoodie-pullover-leaves-are-falling\/#primaryimage"},"image":{"@id":"https:\/\/prudencevirtualsolutions.store\/product\/hoodie-pullover-leaves-are-falling\/#primaryimage"},"thumbnailUrl":"https:\/\/prudencevirtualsolutions.store\/wp-content\/uploads\/2024\/09\/4-scaled.jpg","datePublished":"2024-09-08T12:10:43+00:00","dateModified":"2025-06-09T05:44:23+00:00","description":"Adoptez le style automnal avec notre hoodie 'Leaves are Falling'. Confortable, chaud et parfait pour les journ\u00e9es fra\u00eeches de la saison","breadcrumb":{"@id":"https:\/\/prudencevirtualsolutions.store\/product\/hoodie-pullover-leaves-are-falling\/#breadcrumb"},"inLanguage":"fr-FR","potentialAction":[{"@type":"ReadAction","target":["https:\/\/prudencevirtualsolutions.store\/product\/hoodie-pullover-leaves-are-falling\/"]}]},{"@type":"ImageObject","inLanguage":"fr-FR","@id":"https:\/\/prudencevirtualsolutions.store\/product\/hoodie-pullover-leaves-are-falling\/#primaryimage","url":"https:\/\/prudencevirtualsolutions.store\/wp-content\/uploads\/2024\/09\/4-scaled.jpg","contentUrl":"https:\/\/prudencevirtualsolutions.store\/wp-content\/uploads\/2024\/09\/4-scaled.jpg","width":2560,"height":1920},{"@type":"BreadcrumbList","@id":"https:\/\/prudencevirtualsolutions.store\/product\/hoodie-pullover-leaves-are-falling\/#breadcrumb","itemListElement":[{"@type":"ListItem","position":1,"name":"Home","item":"https:\/\/prudencevirtualsolutions.store\/"},{"@type":"ListItem","position":2,"name":"Shop","item":"https:\/\/prudencevirtualsolutions.store\/shop\/"},{"@type":"ListItem","position":3,"name":"Hoodie\/Pullover Leaves are falling"}]},{"@type":"WebSite","@id":"https:\/\/prudencevirtualsolutions.store\/#website","url":"https:\/\/prudencevirtualsolutions.store\/","name":"Prudence Digital Products Store","description":"Time-saving with digital products","potentialAction":[{"@type":"SearchAction","target":{"@type":"EntryPoint","urlTemplate":"https:\/\/prudencevirtualsolutions.store\/?s={search_term_string}"},"query-input":"required name=search_term_string"}],"inLanguage":"fr-FR"}]}},"_links":{"self":[{"href":"https:\/\/prudencevirtualsolutions.store\/fr\/wp-json\/wp\/v2\/product\/5706","targetHints":{"allow":["GET"]}}],"collection":[{"href":"https:\/\/prudencevirtualsolutions.store\/fr\/wp-json\/wp\/v2\/product"}],"about":[{"href":"https:\/\/prudencevirtualsolutions.store\/fr\/wp-json\/wp\/v2\/types\/product"}],"replies":[{"embeddable":true,"href":"https:\/\/prudencevirtualsolutions.store\/fr\/wp-json\/wp\/v2\/comments?post=5706"}],"version-history":[{"count":0,"href":"https:\/\/prudencevirtualsolutions.store\/fr\/wp-json\/wp\/v2\/product\/5706\/revisions"}],"wp:featuredmedia":[{"embeddable":true,"href":"https:\/\/prudencevirtualsolutions.store\/fr\/wp-json\/wp\/v2\/media\/5739"}],"wp:attachment":[{"href":"https:\/\/prudencevirtualsolutions.store\/fr\/wp-json\/wp\/v2\/media?parent=5706"}],"wp:term":[{"taxonomy":"product_brand","embeddable":true,"href":"https:\/\/prudencevirtualsolutions.store\/fr\/wp-json\/wp\/v2\/product_brand?post=5706"},{"taxonomy":"product_cat","embeddable":true,"href":"https:\/\/prudencevirtualsolutions.store\/fr\/wp-json\/wp\/v2\/product_cat?post=5706"},{"taxonomy":"product_tag","embeddable":true,"href":"https:\/\/prudencevirtualsolutions.store\/fr\/wp-json\/wp\/v2\/product_tag?post=5706"}],"curies":[{"name":"wp","href":"https:\/\/api.w.org\/{rel}","templated":true}]}}